{"id":4481,"date":"2024-12-16T13:53:24","date_gmt":"2024-12-16T13:53:24","guid":{"rendered":"https:\/\/iluris.com\/?post_type=product&#038;p=4481"},"modified":"2026-01-22T18:20:20","modified_gmt":"2026-01-22T18:20:20","slug":"iluris-lab-aha-peeling-concentrate-30-ml","status":"publish","type":"product","link":"https:\/\/iluris.com\/lv\/products\/iluris-lab-aha-peeling-concentrate-30-ml\/","title":{"rendered":"iluris Lab AHA Peeling Concentrate 30 ml"},"content":{"rendered":"<h3>iluris Lab AHA Peeling Concentrate 30 ml<\/h3>\n<p><strong>Apraksts<\/strong><br \/>\nThe i<strong>luris Lab AHA Peeling Concentrate<\/strong> Koncentr\u0101ts ir augstas efektivit\u0101tes eksfoli\u0101cijas l\u012bdzeklis, kas pal\u012bdz atkl\u0101t gai\u0161\u0101ku, glud\u0101ku un vesel\u012bg\u0101ku \u0101du. Bag\u0101tin\u0101ts ar sp\u0113c\u012bgu alfa hidroksisk\u0101bju (AHA) un nomierino\u0161u augu ekstraktu kombin\u0101ciju, tas maigi no\u0146em atmiru\u0161\u0101s \u0101das \u0161\u016bnas, att\u012bra poras un uzlabo \u0101das tekst\u016bru, pie\u0161\u0137irot svaigu un atjaunotu izskatu<\/p>\n<p><strong>Key Benefits:<\/strong><\/p>\n<ul>\n<li><strong>\u2022\tEksfoli\u0113 un atjauno:<\/strong> Veicina \u0161\u016bnu atjauno\u0161anos, samazina bl\u0101vumu un uzlabo \u0101das mirdzumu.<\/li>\n<li><strong>\u2022\tIzl\u012bdzina \u0101das tekst\u016bru<\/strong> Samazina raupjumu un izl\u012bdzina nevienm\u0113r\u012bgu \u0101das toni<\/li>\n<li><strong>\u2022\tSamazina smalk\u0101s l\u012bnijas:<\/strong> Ar laiku pal\u012bdz samazin\u0101t smalko l\u012bniju un grumbu izskatu.<\/li>\n<li><strong>\u2022\tDzi\u013ca poru att\u012br\u012b\u0161ana<\/strong> Nov\u0113r\u0161 poru nosprosto\u0161anos un samazina melnos punktus, padarot \u0101du t\u012bru un dzidru.<\/li>\n<li><strong>\u2022\tMaigs, bet efekt\u012bvs:<\/strong> L\u012bdzsvaro sp\u0113c\u012bgu eksfoli\u0101ciju ar mitrino\u0161\u0101m un nomierino\u0161\u0101m sast\u0101vda\u013c\u0101m, lai nov\u0113rstu kairin\u0101jumu<\/li>\n<\/ul>\n<p><strong>Galven\u0101s sast\u0101vda\u013cas un to priek\u0161roc\u012bbas:<\/strong><\/p>\n<ul>\n<li><strong>\u2022\tPiensk\u0101be:<\/strong> Maigi eksfoli\u0113 un mitrina \u0101du, padarot to glud\u0101ku un maig\u0101ku<\/li>\n<li><strong>\u2022\tGlikolsk\u0101be:<\/strong> Sp\u0113c\u012bga AHA, kas izgaismo un izl\u012bdzina \u0101das toni, uzlabojot t\u0101s kop\u0113jo tekst\u016bru.<\/li>\n<li><strong>\u2022\tAlvejas ekstrakts:<\/strong> Nomierina un mitrina \u0101du, samazinot iesp\u0113jamo kairin\u0101jumu, ko izraisa sk\u0101bes.<\/li>\n<li><strong>\u2022\tKumel\u012b\u0161u ekstrakts<\/strong> Nodro\u0161ina pretiekaisuma un nomierino\u0161u iedarb\u012bbu, padarot to piem\u0113rotu jut\u012bgai \u0101dai.<\/li>\n<li><strong>\u2022\tHialuronsk\u0101be:<\/strong> Dzi\u013ci mitrina un padara \u0101du tvirt\u0101ku, atjaunojot t\u0101s dabisko elast\u012bbu<\/li>\n<\/ul>\n<p><strong>Lieto\u0161anas instrukcija:<\/strong><\/p>\n<ol>\n<li>1.\tUzkl\u0101jiet da\u017eus pilienus koncentr\u0101ta uz t\u012bras un sausas \u0101das vakar\u0101.<\/li>\n<li>2.\tVienm\u0113r\u012bgi izkl\u0101jiet pa seju, izvairoties no acu un l\u016bpu zonas<\/li>\n<li>3.\tLietojiet 1\u20132 reizes ned\u0113\u013c\u0101 atkar\u012bb\u0101 no \u0101das jut\u012bguma.<\/li>\n<li>4.\tP\u0113c tam lietojiet mitrin\u0101t\u0101ju un dienas laik\u0101 vienm\u0113r uzkl\u0101jiet saules aizsargkr\u0113mu, lai aizsarg\u0101tu eksfoli\u0113to \u0101du no UV starojuma<\/li>\n<\/ol>\n<p><strong>Kam tas ir paredz\u0113ts:<\/strong><br \/>\nPiem\u0113rots ikvienam, kas v\u0113las uzlabot \u0101das toni, tekst\u016bru un dzidr\u012bbu, \u012bpa\u0161i, ja ir ba\u017eas par bl\u0101vumu, raupj\u0101m viet\u0101m, smalk\u0101m l\u012bnij\u0101m vai aizsprostot\u0101m por\u0101m.<\/p>\n<p><strong>K\u0101p\u0113c izv\u0113l\u0113ties Iluris:<\/strong><br \/>\niluris apvieno jaun\u0101k\u0101s zin\u0101tnes tehnolo\u0123ijas un dab\u012bg\u0101s sast\u0101vda\u013cas, lai pied\u0101v\u0101tu efekt\u012bvu \u0101das kop\u0161anu. M\u016bsu AHA Peelinga Koncentr\u0101ts ir dermatolo\u0123iski test\u0113ts, videi draudz\u012bgs un izstr\u0101d\u0101ts, lai r\u016bp\u0113tos par j\u016bsu \u0101du ar augstu precizit\u0101ti un uzman\u012bbu<\/p>\n<p>Ingredients \/ INCI<\/p>\n<p>Aqua\/Water, Lactic Acid, Pentylene Glycol, Potassium Hydroxide, Butylene Glycol, Glycerin<sup>\u2781<\/sup>, Sodium Hyaluronate, Camellia Sinensis (White Tea) Leaf Extract<sup>\u2780<\/sup>, Salvia Officinalis (Sage) Leaf Extract<sup>\u2780<\/sup><\/p>\n<p>\u2780 Ingredients from organic farming<br \/>\n\u2781 Made using organic ingredients<\/p>\n<ul>\n<li>Vegan<\/li>\n<li>Gluten Free<\/li>\n<li>Nut Free<\/li>\n<li>Natural Certified<\/li>\n<\/ul>\n<p>&nbsp;<\/p>","protected":false},"excerpt":{"rendered":"<table width=\"219\">\n<tbody>\n<tr>\n<td width=\"219\"><a href=\"https:\/\/gs1lv.org\/mygs1\/products\/101730738\/view\">4751048900086<\/a><\/td>\n<\/tr>\n<\/tbody>\n<\/table>\n<p>The i<strong>luris Lab AHA Peeling Concentrate<\/strong> Koncentr\u0101ts ir augstas efektivit\u0101tes eksfoli\u0101cijas l\u012bdzeklis, kas pal\u012bdz atkl\u0101t gai\u0161\u0101ku, glud\u0101ku un vesel\u012bg\u0101ku \u0101du. Bag\u0101tin\u0101ts ar sp\u0113c\u012bgu alfa hidroksisk\u0101bju (AHA) un nomierino\u0161u augu ekstraktu kombin\u0101ciju, tas maigi no\u0146em atmiru\u0161\u0101s \u0101das \u0161\u016bnas, att\u012bra poras un uzlabo \u0101das tekst\u016bru, pie\u0161\u0137irot svaigu un atjaunotu izskatu<\/p>","protected":false},"featured_media":4480,"comment_status":"open","ping_status":"closed","template":"","meta":{"_acf_changed":false},"skin_test_tag":[130,132,128,131,152,153,154,155,156,157,141,143,138,139,140,142,133,135,134,136,148,151,160,159,158,123,121,124,126],"product_brand":[],"product_cat":[87,50,43],"product_tag":[],"class_list":{"0":"post-4481","1":"product","2":"type-product","3":"status-publish","4":"has-post-thumbnail","6":"quiz_answer_tag-after-cleansing-comfortable-feeling","7":"quiz_answer_tag-after-cleansing-feeling-that-the-skin-can-breathe","8":"quiz_answer_tag-after-cleansing-slight-tightness","9":"quiz_answer_tag-after-cleansing-sometimes-itching","10":"quiz_answer_tag-age-0-18","11":"quiz_answer_tag-age-19-28","12":"quiz_answer_tag-age-29-40","13":"quiz_answer_tag-age-41-51","14":"quiz_answer_tag-age-52-65","15":"quiz_answer_tag-age-65","16":"quiz_answer_tag-goal-anti-age-care-maintaining-firmness-and-elasticity","17":"quiz_answer_tag-goal-giving-the-skin-a-natural-glow-and-healthy-tone","18":"quiz_answer_tag-goal-mattifying-the-t-zone-and-controlling-oiliness","19":"quiz_answer_tag-goal-oil-and-shine-control-over-the-entire-face","20":"quiz_answer_tag-goal-product-selection-for-normal-balanced-skin","21":"quiz_answer_tag-goal-product-selection-for-problematic-skin-acne-breakouts","22":"quiz_answer_tag-makeup-full-coverage-foundation-every-day","23":"quiz_answer_tag-makeup-i-dont-use-any","24":"quiz_answer_tag-makeup-light-bb-cc-cream-every-day","25":"quiz_answer_tag-makeup-very-rarely","26":"quiz_answer_tag-preference-fragrance-free","27":"quiz_answer_tag-preference-i-like-products-with-acids","28":"quiz_answer_tag-routine-depending-on-my-mood","29":"quiz_answer_tag-routine-no-simple-routine","30":"quiz_answer_tag-routine-yes-multi-step","31":"quiz_answer_tag-skin-type-combination-oily-t-zone-dry-cheeks","32":"quiz_answer_tag-skin-type-normal","33":"quiz_answer_tag-skin-type-oily","34":"quiz_answer_tag-skin-type-problematic-acne-breakouts","35":"product_cat-all","36":"product_cat-cleansing","37":"product_cat-face-care","39":"first","40":"instock","41":"sale","42":"taxable","43":"shipping-taxable","44":"purchasable","45":"product-type-simple"},"acf":[],"yoast_head":"<!-- This site is optimized with the Yoast SEO plugin v27.4 - https:\/\/yoast.com\/product\/yoast-seo-wordpress\/ -->\n<title>iluris Lab AHA Peeling Concentrate 30 ml - Iluris<\/title>\n<meta name=\"description\" content=\"Discover the best AHA peeling for glowing skin. Gentle chemical exfoliant, alpha hydroxy acid peel for anti-aging, brightening, and smooth skin. Buy safe AHA peel online today!&quot;\" \/>\n<meta name=\"robots\" content=\"index, follow, max-snippet:-1, max-image-preview:large, max-video-preview:-1\" \/>\n<link rel=\"canonical\" href=\"https:\/\/iluris.com\/lv\/products\/iluris-lab-aha-peeling-concentrate-30-ml\/\" \/>\n<meta property=\"og:locale\" content=\"lv_LV\" \/>\n<meta property=\"og:type\" content=\"article\" \/>\n<meta property=\"og:title\" content=\"iluris Lab AHA Peeling Concentrate 30 ml - Iluris\" \/>\n<meta property=\"og:description\" content=\"Discover the best AHA peeling for glowing skin. Gentle chemical exfoliant, alpha hydroxy acid peel for anti-aging, brightening, and smooth skin. Buy safe AHA peel online today!&quot;\" \/>\n<meta property=\"og:url\" content=\"https:\/\/iluris.com\/lv\/products\/iluris-lab-aha-peeling-concentrate-30-ml\/\" \/>\n<meta property=\"og:site_name\" content=\"Iluris\" \/>\n<meta property=\"article:modified_time\" content=\"2026-01-22T18:20:20+00:00\" \/>\n<meta property=\"og:image\" content=\"https:\/\/iluris.com\/wp-content\/uploads\/2024\/12\/FRONT-WITHOUT-BOX_high_res-1-scaled.jpg\" \/>\n\t<meta property=\"og:image:width\" content=\"1930\" \/>\n\t<meta property=\"og:image:height\" content=\"2560\" \/>\n\t<meta property=\"og:image:type\" content=\"image\/jpeg\" \/>\n<meta name=\"twitter:card\" content=\"summary_large_image\" \/>\n<meta name=\"twitter:label1\" content=\"Est. reading time\" \/>\n\t<meta name=\"twitter:data1\" content=\"2 min\u016btes\" \/>\n<script type=\"application\/ld+json\" class=\"yoast-schema-graph\">{\"@context\":\"https:\\\/\\\/schema.org\",\"@graph\":[{\"@type\":\"WebPage\",\"@id\":\"https:\\\/\\\/iluris.com\\\/product\\\/iluris-lab-aha-peeling-concentrate-30-ml\\\/\",\"url\":\"https:\\\/\\\/iluris.com\\\/product\\\/iluris-lab-aha-peeling-concentrate-30-ml\\\/\",\"name\":\"iluris Lab AHA Peeling Concentrate 30 ml - Iluris\",\"isPartOf\":{\"@id\":\"https:\\\/\\\/iluris.com\\\/#website\"},\"primaryImageOfPage\":{\"@id\":\"https:\\\/\\\/iluris.com\\\/product\\\/iluris-lab-aha-peeling-concentrate-30-ml\\\/#primaryimage\"},\"image\":{\"@id\":\"https:\\\/\\\/iluris.com\\\/product\\\/iluris-lab-aha-peeling-concentrate-30-ml\\\/#primaryimage\"},\"thumbnailUrl\":\"https:\\\/\\\/iluris.com\\\/wp-content\\\/uploads\\\/2024\\\/12\\\/FRONT-WITHOUT-BOX_high_res-1-scaled.jpg\",\"datePublished\":\"2024-12-16T13:53:24+00:00\",\"dateModified\":\"2026-01-22T18:20:20+00:00\",\"description\":\"Discover the best AHA peeling for glowing skin. Gentle chemical exfoliant, alpha hydroxy acid peel for anti-aging, brightening, and smooth skin. Buy safe AHA peel online today!\\\"\",\"breadcrumb\":{\"@id\":\"https:\\\/\\\/iluris.com\\\/product\\\/iluris-lab-aha-peeling-concentrate-30-ml\\\/#breadcrumb\"},\"inLanguage\":\"lv-LV\",\"potentialAction\":[{\"@type\":\"ReadAction\",\"target\":[\"https:\\\/\\\/iluris.com\\\/product\\\/iluris-lab-aha-peeling-concentrate-30-ml\\\/\"]}]},{\"@type\":\"ImageObject\",\"inLanguage\":\"lv-LV\",\"@id\":\"https:\\\/\\\/iluris.com\\\/product\\\/iluris-lab-aha-peeling-concentrate-30-ml\\\/#primaryimage\",\"url\":\"https:\\\/\\\/iluris.com\\\/wp-content\\\/uploads\\\/2024\\\/12\\\/FRONT-WITHOUT-BOX_high_res-1-scaled.jpg\",\"contentUrl\":\"https:\\\/\\\/iluris.com\\\/wp-content\\\/uploads\\\/2024\\\/12\\\/FRONT-WITHOUT-BOX_high_res-1-scaled.jpg\",\"width\":1930,\"height\":2560},{\"@type\":\"BreadcrumbList\",\"@id\":\"https:\\\/\\\/iluris.com\\\/product\\\/iluris-lab-aha-peeling-concentrate-30-ml\\\/#breadcrumb\",\"itemListElement\":[{\"@type\":\"ListItem\",\"position\":1,\"name\":\"Home\",\"item\":\"https:\\\/\\\/iluris.com\\\/\"},{\"@type\":\"ListItem\",\"position\":2,\"name\":\"Products\",\"item\":\"https:\\\/\\\/iluris.com\\\/shop-3__trashed\\\/\"},{\"@type\":\"ListItem\",\"position\":3,\"name\":\"iluris Lab AHA Peeling Concentrate 30 ml\"}]},{\"@type\":\"WebSite\",\"@id\":\"https:\\\/\\\/iluris.com\\\/#website\",\"url\":\"https:\\\/\\\/iluris.com\\\/\",\"name\":\"Iluris\",\"description\":\"iluris Lab: Where science meet nature\",\"publisher\":{\"@id\":\"https:\\\/\\\/iluris.com\\\/#organization\"},\"potentialAction\":[{\"@type\":\"SearchAction\",\"target\":{\"@type\":\"EntryPoint\",\"urlTemplate\":\"https:\\\/\\\/iluris.com\\\/?s={search_term_string}\"},\"query-input\":{\"@type\":\"PropertyValueSpecification\",\"valueRequired\":true,\"valueName\":\"search_term_string\"}}],\"inLanguage\":\"lv-LV\"},{\"@type\":\"Organization\",\"@id\":\"https:\\\/\\\/iluris.com\\\/#organization\",\"name\":\"Iluris\",\"url\":\"https:\\\/\\\/iluris.com\\\/\",\"logo\":{\"@type\":\"ImageObject\",\"inLanguage\":\"lv-LV\",\"@id\":\"https:\\\/\\\/iluris.com\\\/#\\\/schema\\\/logo\\\/image\\\/\",\"url\":\"https:\\\/\\\/iluris.com\\\/wp-content\\\/uploads\\\/2024\\\/12\\\/cropped-d_grey.png\",\"contentUrl\":\"https:\\\/\\\/iluris.com\\\/wp-content\\\/uploads\\\/2024\\\/12\\\/cropped-d_grey.png\",\"width\":512,\"height\":512,\"caption\":\"Iluris\"},\"image\":{\"@id\":\"https:\\\/\\\/iluris.com\\\/#\\\/schema\\\/logo\\\/image\\\/\"}}]}<\/script>\n<!-- \/ Yoast SEO plugin. -->","yoast_head_json":{"title":"iluris Lab AHA Peeling Concentrate 30 ml - Iluris","description":"Discover the best AHA peeling for glowing skin. Gentle chemical exfoliant, alpha hydroxy acid peel for anti-aging, brightening, and smooth skin. Buy safe AHA peel online today!\"","robots":{"index":"index","follow":"follow","max-snippet":"max-snippet:-1","max-image-preview":"max-image-preview:large","max-video-preview":"max-video-preview:-1"},"canonical":"https:\/\/iluris.com\/lv\/products\/iluris-lab-aha-peeling-concentrate-30-ml\/","og_locale":"lv_LV","og_type":"article","og_title":"iluris Lab AHA Peeling Concentrate 30 ml - Iluris","og_description":"Discover the best AHA peeling for glowing skin. Gentle chemical exfoliant, alpha hydroxy acid peel for anti-aging, brightening, and smooth skin. Buy safe AHA peel online today!\"","og_url":"https:\/\/iluris.com\/lv\/products\/iluris-lab-aha-peeling-concentrate-30-ml\/","og_site_name":"Iluris","article_modified_time":"2026-01-22T18:20:20+00:00","og_image":[{"width":1930,"height":2560,"url":"https:\/\/iluris.com\/wp-content\/uploads\/2024\/12\/FRONT-WITHOUT-BOX_high_res-1-scaled.jpg","type":"image\/jpeg"}],"twitter_card":"summary_large_image","twitter_misc":{"Est. reading time":"2 min\u016btes"},"schema":{"@context":"https:\/\/schema.org","@graph":[{"@type":"WebPage","@id":"https:\/\/iluris.com\/product\/iluris-lab-aha-peeling-concentrate-30-ml\/","url":"https:\/\/iluris.com\/product\/iluris-lab-aha-peeling-concentrate-30-ml\/","name":"iluris Lab AHA Peeling Concentrate 30 ml - Iluris","isPartOf":{"@id":"https:\/\/iluris.com\/#website"},"primaryImageOfPage":{"@id":"https:\/\/iluris.com\/product\/iluris-lab-aha-peeling-concentrate-30-ml\/#primaryimage"},"image":{"@id":"https:\/\/iluris.com\/product\/iluris-lab-aha-peeling-concentrate-30-ml\/#primaryimage"},"thumbnailUrl":"https:\/\/iluris.com\/wp-content\/uploads\/2024\/12\/FRONT-WITHOUT-BOX_high_res-1-scaled.jpg","datePublished":"2024-12-16T13:53:24+00:00","dateModified":"2026-01-22T18:20:20+00:00","description":"Discover the best AHA peeling for glowing skin. Gentle chemical exfoliant, alpha hydroxy acid peel for anti-aging, brightening, and smooth skin. Buy safe AHA peel online today!\"","breadcrumb":{"@id":"https:\/\/iluris.com\/product\/iluris-lab-aha-peeling-concentrate-30-ml\/#breadcrumb"},"inLanguage":"lv-LV","potentialAction":[{"@type":"ReadAction","target":["https:\/\/iluris.com\/product\/iluris-lab-aha-peeling-concentrate-30-ml\/"]}]},{"@type":"ImageObject","inLanguage":"lv-LV","@id":"https:\/\/iluris.com\/product\/iluris-lab-aha-peeling-concentrate-30-ml\/#primaryimage","url":"https:\/\/iluris.com\/wp-content\/uploads\/2024\/12\/FRONT-WITHOUT-BOX_high_res-1-scaled.jpg","contentUrl":"https:\/\/iluris.com\/wp-content\/uploads\/2024\/12\/FRONT-WITHOUT-BOX_high_res-1-scaled.jpg","width":1930,"height":2560},{"@type":"BreadcrumbList","@id":"https:\/\/iluris.com\/product\/iluris-lab-aha-peeling-concentrate-30-ml\/#breadcrumb","itemListElement":[{"@type":"ListItem","position":1,"name":"Home","item":"https:\/\/iluris.com\/"},{"@type":"ListItem","position":2,"name":"Products","item":"https:\/\/iluris.com\/shop-3__trashed\/"},{"@type":"ListItem","position":3,"name":"iluris Lab AHA Peeling Concentrate 30 ml"}]},{"@type":"WebSite","@id":"https:\/\/iluris.com\/#website","url":"https:\/\/iluris.com\/","name":"Iluris","description":"Iluris Lab: Kur zin\u0101tne satiekas ar dabu.","publisher":{"@id":"https:\/\/iluris.com\/#organization"},"potentialAction":[{"@type":"SearchAction","target":{"@type":"EntryPoint","urlTemplate":"https:\/\/iluris.com\/?s={search_term_string}"},"query-input":{"@type":"PropertyValueSpecification","valueRequired":true,"valueName":"search_term_string"}}],"inLanguage":"lv-LV"},{"@type":"Organization","@id":"https:\/\/iluris.com\/#organization","name":"Iluris","url":"https:\/\/iluris.com\/","logo":{"@type":"ImageObject","inLanguage":"lv-LV","@id":"https:\/\/iluris.com\/#\/schema\/logo\/image\/","url":"https:\/\/iluris.com\/wp-content\/uploads\/2024\/12\/cropped-d_grey.png","contentUrl":"https:\/\/iluris.com\/wp-content\/uploads\/2024\/12\/cropped-d_grey.png","width":512,"height":512,"caption":"Iluris"},"image":{"@id":"https:\/\/iluris.com\/#\/schema\/logo\/image\/"}}]}},"_links":{"self":[{"href":"https:\/\/iluris.com\/lv\/wp-json\/wp\/v2\/product\/4481","targetHints":{"allow":["GET"]}}],"collection":[{"href":"https:\/\/iluris.com\/lv\/wp-json\/wp\/v2\/product"}],"about":[{"href":"https:\/\/iluris.com\/lv\/wp-json\/wp\/v2\/types\/product"}],"replies":[{"embeddable":true,"href":"https:\/\/iluris.com\/lv\/wp-json\/wp\/v2\/comments?post=4481"}],"wp:featuredmedia":[{"embeddable":true,"href":"https:\/\/iluris.com\/lv\/wp-json\/wp\/v2\/media\/4480"}],"wp:attachment":[{"href":"https:\/\/iluris.com\/lv\/wp-json\/wp\/v2\/media?parent=4481"}],"wp:term":[{"taxonomy":"quiz_answer_tag","embeddable":true,"href":"https:\/\/iluris.com\/lv\/wp-json\/wp\/v2\/skin_test_tag?post=4481"},{"taxonomy":"product_brand","embeddable":true,"href":"https:\/\/iluris.com\/lv\/wp-json\/wp\/v2\/product_brand?post=4481"},{"taxonomy":"product_cat","embeddable":true,"href":"https:\/\/iluris.com\/lv\/wp-json\/wp\/v2\/product_cat?post=4481"},{"taxonomy":"product_tag","embeddable":true,"href":"https:\/\/iluris.com\/lv\/wp-json\/wp\/v2\/product_tag?post=4481"}],"curies":[{"name":"wp","href":"https:\/\/api.w.org\/{rel}","templated":true}]}}