{"id":4446,"date":"2024-12-16T11:52:43","date_gmt":"2024-12-16T11:52:43","guid":{"rendered":"https:\/\/iluris.com\/?post_type=product&#038;p=4446"},"modified":"2026-01-05T04:18:03","modified_gmt":"2026-01-05T04:18:03","slug":"iluris-lab-silk-skin-body-serum-spices-sandalwood-270-ml-2","status":"publish","type":"product","link":"https:\/\/iluris.com\/lv\/products\/iluris-lab-silk-skin-body-serum-spices-sandalwood-270-ml-2\/","title":{"rendered":"iluris Lab Silk Skin Body Serum \u2013 Spices &#038; Sandalwood 270 ml"},"content":{"rendered":"<h3><strong>iluris Lab Silk Skin Body Serum \u2013 Spices &amp; Sandalwood<\/strong><strong> 270 ml<\/strong><\/h3>\n<p><strong>Apraksts<\/strong><br \/>\nPalutiniet savas saj\u016btas ar<strong> iluris Lab Silk Skin Body Serum<\/strong>kura sast\u0101v\u0101 ir silt\u0101s un eksotisk\u0101s gar\u0161vielu un sandalkoka notis. \u0160is \u0137erme\u0146a serums nodro\u0161ina dzi\u013cu mitrin\u0101\u0161anu ar vieglu, \u0101tri absorb\u0113jo\u0161u formulu, kas padara \u0101du z\u012bdaini gludu. Tas nomierina un mitrina \u0101du, padarot to par lielisku izv\u0113li ikdienas kop\u0161anai vai greznai pa\u0161apr\u016bpes rut\u012bnai.<\/p>\n<p><strong>Key Benefits:<\/strong><\/p>\n<ul>\n<li><strong>\u2022\tDzi\u013ca mitrin\u0101\u0161ana:<\/strong> Nekav\u0113joties mitrina sausu \u0101du, padarot to maigu un elast\u012bgu.<\/li>\n<li><strong>\u2022\t\u0100tri absorb\u0113jo\u0161a formula:<\/strong> Viegla tekst\u016bra nodro\u0161ina \u0101tru uzs\u016bk\u0161anos, neatst\u0101jot taukainu saj\u016btu.<\/li>\n<li><strong>\u2022\tNomierino\u0161s efekts:<\/strong> Calms and revitalizes the skin with nourishing ingredients.<\/li>\n<li><strong>\u2022\tGrezna smar\u017ea<\/strong> Bag\u0101tin\u0101ts ar izsmalcin\u0101to gar\u0161vielu un sandalkoka arom\u0101tu, pied\u0101v\u0101jot spa l\u012bme\u0146a pieredzi<\/li>\n<\/ul>\n<p><strong>Lieto\u0161anas instrukcija:<\/strong><\/p>\n<ol>\n<li>Apply a generous amount to clean, dry skin.<\/li>\n<li>Gently massage the serum onto your body until fully absorbed.<\/li>\n<li>Use daily for optimal hydration and a touch of luxury in your skincare routine.<\/li>\n<\/ol>\n<p><strong>Iluris Lab Silk Skin Body Serum \u2013 Spices &amp; Sandalwood<\/strong> combines intense hydration with a captivating scent, transforming your skincare regimen into an indulgent experience.<\/p>\n<p>&nbsp;<\/p>","protected":false},"excerpt":{"rendered":"<p>Palutiniet savas saj\u016btas ar<strong> iluris Lab Silk Skin Body Serum<\/strong>kura sast\u0101v\u0101 ir silt\u0101s un eksotisk\u0101s gar\u0161vielu un sandalkoka notis. \u0160is \u0137erme\u0146a serums nodro\u0161ina dzi\u013cu mitrin\u0101\u0161anu ar vieglu, \u0101tri absorb\u0113jo\u0161u formulu, kas padara \u0101du z\u012bdaini gludu. Tas nomierina un mitrina \u0101du, padarot to par lielisku izv\u0113li ikdienas kop\u0161anai vai greznai pa\u0161apr\u016bpes rut\u012bnai.<\/p>","protected":false},"featured_media":4440,"comment_status":"open","ping_status":"closed","template":"","meta":{"_acf_changed":false},"skin_test_tag":[],"product_brand":[],"product_cat":[87,45,46],"product_tag":[92,97],"class_list":{"0":"post-4446","1":"product","2":"type-product","3":"status-publish","4":"has-post-thumbnail","6":"product_cat-all","7":"product_cat-body-care","8":"product_cat-serums","9":"product_tag-dehydrated-skin-alltypesskin","10":"product_tag-serumslikebotox-dryskin-anti-age","12":"first","13":"instock","14":"taxable","15":"shipping-taxable","16":"purchasable","17":"product-type-simple"},"acf":[],"yoast_head":"<!-- This site is optimized with the Yoast SEO plugin v27.4 - https:\/\/yoast.com\/product\/yoast-seo-wordpress\/ -->\n<title>iluris Lab Silk Skin Body Serum \u2013 Spices &amp; Sandalwood 270 ml - Iluris<\/title>\n<meta name=\"description\" content=\"Buy Silk Skin Body Serum to deeply hydrate, nourish, and smooth your skin. This luxurious body serum helps improve skin elasticity, leaving it silky, radiant, and soft. Buy now for daily body care and a visibly healthier, glowing complexion from head to toe\" \/>\n<meta name=\"robots\" content=\"index, follow, max-snippet:-1, max-image-preview:large, max-video-preview:-1\" \/>\n<link rel=\"canonical\" href=\"https:\/\/iluris.com\/lv\/products\/iluris-lab-silk-skin-body-serum-spices-sandalwood-270-ml-2\/\" \/>\n<meta property=\"og:locale\" content=\"lv_LV\" \/>\n<meta property=\"og:type\" content=\"article\" \/>\n<meta property=\"og:title\" content=\"iluris Lab Silk Skin Body Serum \u2013 Spices &amp; Sandalwood 270 ml - Iluris\" \/>\n<meta property=\"og:description\" content=\"Buy Silk Skin Body Serum to deeply hydrate, nourish, and smooth your skin. This luxurious body serum helps improve skin elasticity, leaving it silky, radiant, and soft. Buy now for daily body care and a visibly healthier, glowing complexion from head to toe\" \/>\n<meta property=\"og:url\" content=\"https:\/\/iluris.com\/lv\/products\/iluris-lab-silk-skin-body-serum-spices-sandalwood-270-ml-2\/\" \/>\n<meta property=\"og:site_name\" content=\"Iluris\" \/>\n<meta property=\"article:modified_time\" content=\"2026-01-05T04:18:03+00:00\" \/>\n<meta property=\"og:image\" content=\"https:\/\/iluris.com\/wp-content\/uploads\/2024\/12\/FRONT_high_res-7-scaled.jpg\" \/>\n\t<meta property=\"og:image:width\" content=\"1930\" \/>\n\t<meta property=\"og:image:height\" content=\"2560\" \/>\n\t<meta property=\"og:image:type\" content=\"image\/jpeg\" \/>\n<meta name=\"twitter:card\" content=\"summary_large_image\" \/>\n<meta name=\"twitter:label1\" content=\"Est. reading time\" \/>\n\t<meta name=\"twitter:data1\" content=\"1 min\u016bte\" \/>\n<script type=\"application\/ld+json\" class=\"yoast-schema-graph\">{\"@context\":\"https:\\\/\\\/schema.org\",\"@graph\":[{\"@type\":\"WebPage\",\"@id\":\"https:\\\/\\\/iluris.com\\\/product\\\/iluris-lab-silk-skin-body-serum-spices-sandalwood-270-ml-2\\\/\",\"url\":\"https:\\\/\\\/iluris.com\\\/product\\\/iluris-lab-silk-skin-body-serum-spices-sandalwood-270-ml-2\\\/\",\"name\":\"iluris Lab Silk Skin Body Serum \u2013 Spices & Sandalwood 270 ml - Iluris\",\"isPartOf\":{\"@id\":\"https:\\\/\\\/iluris.com\\\/#website\"},\"primaryImageOfPage\":{\"@id\":\"https:\\\/\\\/iluris.com\\\/product\\\/iluris-lab-silk-skin-body-serum-spices-sandalwood-270-ml-2\\\/#primaryimage\"},\"image\":{\"@id\":\"https:\\\/\\\/iluris.com\\\/product\\\/iluris-lab-silk-skin-body-serum-spices-sandalwood-270-ml-2\\\/#primaryimage\"},\"thumbnailUrl\":\"https:\\\/\\\/iluris.com\\\/wp-content\\\/uploads\\\/2024\\\/12\\\/FRONT_high_res-7-scaled.jpg\",\"datePublished\":\"2024-12-16T11:52:43+00:00\",\"dateModified\":\"2026-01-05T04:18:03+00:00\",\"description\":\"Buy Silk Skin Body Serum to deeply hydrate, nourish, and smooth your skin. This luxurious body serum helps improve skin elasticity, leaving it silky, radiant, and soft. Buy now for daily body care and a visibly healthier, glowing complexion from head to toe\",\"breadcrumb\":{\"@id\":\"https:\\\/\\\/iluris.com\\\/product\\\/iluris-lab-silk-skin-body-serum-spices-sandalwood-270-ml-2\\\/#breadcrumb\"},\"inLanguage\":\"lv-LV\",\"potentialAction\":[{\"@type\":\"ReadAction\",\"target\":[\"https:\\\/\\\/iluris.com\\\/product\\\/iluris-lab-silk-skin-body-serum-spices-sandalwood-270-ml-2\\\/\"]}]},{\"@type\":\"ImageObject\",\"inLanguage\":\"lv-LV\",\"@id\":\"https:\\\/\\\/iluris.com\\\/product\\\/iluris-lab-silk-skin-body-serum-spices-sandalwood-270-ml-2\\\/#primaryimage\",\"url\":\"https:\\\/\\\/iluris.com\\\/wp-content\\\/uploads\\\/2024\\\/12\\\/FRONT_high_res-7-scaled.jpg\",\"contentUrl\":\"https:\\\/\\\/iluris.com\\\/wp-content\\\/uploads\\\/2024\\\/12\\\/FRONT_high_res-7-scaled.jpg\",\"width\":1930,\"height\":2560},{\"@type\":\"BreadcrumbList\",\"@id\":\"https:\\\/\\\/iluris.com\\\/product\\\/iluris-lab-silk-skin-body-serum-spices-sandalwood-270-ml-2\\\/#breadcrumb\",\"itemListElement\":[{\"@type\":\"ListItem\",\"position\":1,\"name\":\"Home\",\"item\":\"https:\\\/\\\/iluris.com\\\/\"},{\"@type\":\"ListItem\",\"position\":2,\"name\":\"Products\",\"item\":\"https:\\\/\\\/iluris.com\\\/shop-3__trashed\\\/\"},{\"@type\":\"ListItem\",\"position\":3,\"name\":\"iluris Lab Silk Skin Body Serum \u2013 Spices &#038; Sandalwood 270 ml\"}]},{\"@type\":\"WebSite\",\"@id\":\"https:\\\/\\\/iluris.com\\\/#website\",\"url\":\"https:\\\/\\\/iluris.com\\\/\",\"name\":\"Iluris\",\"description\":\"iluris Lab: Where science meet nature\",\"publisher\":{\"@id\":\"https:\\\/\\\/iluris.com\\\/#organization\"},\"potentialAction\":[{\"@type\":\"SearchAction\",\"target\":{\"@type\":\"EntryPoint\",\"urlTemplate\":\"https:\\\/\\\/iluris.com\\\/?s={search_term_string}\"},\"query-input\":{\"@type\":\"PropertyValueSpecification\",\"valueRequired\":true,\"valueName\":\"search_term_string\"}}],\"inLanguage\":\"lv-LV\"},{\"@type\":\"Organization\",\"@id\":\"https:\\\/\\\/iluris.com\\\/#organization\",\"name\":\"Iluris\",\"url\":\"https:\\\/\\\/iluris.com\\\/\",\"logo\":{\"@type\":\"ImageObject\",\"inLanguage\":\"lv-LV\",\"@id\":\"https:\\\/\\\/iluris.com\\\/#\\\/schema\\\/logo\\\/image\\\/\",\"url\":\"https:\\\/\\\/iluris.com\\\/wp-content\\\/uploads\\\/2024\\\/12\\\/cropped-d_grey.png\",\"contentUrl\":\"https:\\\/\\\/iluris.com\\\/wp-content\\\/uploads\\\/2024\\\/12\\\/cropped-d_grey.png\",\"width\":512,\"height\":512,\"caption\":\"Iluris\"},\"image\":{\"@id\":\"https:\\\/\\\/iluris.com\\\/#\\\/schema\\\/logo\\\/image\\\/\"}}]}<\/script>\n<!-- \/ Yoast SEO plugin. -->","yoast_head_json":{"title":"iluris Lab Silk Skin Body Serum \u2013 Spices & Sandalwood 270 ml - Iluris","description":"Buy Silk Skin Body Serum to deeply hydrate, nourish, and smooth your skin. This luxurious body serum helps improve skin elasticity, leaving it silky, radiant, and soft. Buy now for daily body care and a visibly healthier, glowing complexion from head to toe","robots":{"index":"index","follow":"follow","max-snippet":"max-snippet:-1","max-image-preview":"max-image-preview:large","max-video-preview":"max-video-preview:-1"},"canonical":"https:\/\/iluris.com\/lv\/products\/iluris-lab-silk-skin-body-serum-spices-sandalwood-270-ml-2\/","og_locale":"lv_LV","og_type":"article","og_title":"iluris Lab Silk Skin Body Serum \u2013 Spices & Sandalwood 270 ml - Iluris","og_description":"Buy Silk Skin Body Serum to deeply hydrate, nourish, and smooth your skin. This luxurious body serum helps improve skin elasticity, leaving it silky, radiant, and soft. Buy now for daily body care and a visibly healthier, glowing complexion from head to toe","og_url":"https:\/\/iluris.com\/lv\/products\/iluris-lab-silk-skin-body-serum-spices-sandalwood-270-ml-2\/","og_site_name":"Iluris","article_modified_time":"2026-01-05T04:18:03+00:00","og_image":[{"width":1930,"height":2560,"url":"https:\/\/iluris.com\/wp-content\/uploads\/2024\/12\/FRONT_high_res-7-scaled.jpg","type":"image\/jpeg"}],"twitter_card":"summary_large_image","twitter_misc":{"Est. reading time":"1 min\u016bte"},"schema":{"@context":"https:\/\/schema.org","@graph":[{"@type":"WebPage","@id":"https:\/\/iluris.com\/product\/iluris-lab-silk-skin-body-serum-spices-sandalwood-270-ml-2\/","url":"https:\/\/iluris.com\/product\/iluris-lab-silk-skin-body-serum-spices-sandalwood-270-ml-2\/","name":"iluris Lab Silk Skin Body Serum \u2013 Spices & Sandalwood 270 ml - Iluris","isPartOf":{"@id":"https:\/\/iluris.com\/#website"},"primaryImageOfPage":{"@id":"https:\/\/iluris.com\/product\/iluris-lab-silk-skin-body-serum-spices-sandalwood-270-ml-2\/#primaryimage"},"image":{"@id":"https:\/\/iluris.com\/product\/iluris-lab-silk-skin-body-serum-spices-sandalwood-270-ml-2\/#primaryimage"},"thumbnailUrl":"https:\/\/iluris.com\/wp-content\/uploads\/2024\/12\/FRONT_high_res-7-scaled.jpg","datePublished":"2024-12-16T11:52:43+00:00","dateModified":"2026-01-05T04:18:03+00:00","description":"Buy Silk Skin Body Serum to deeply hydrate, nourish, and smooth your skin. This luxurious body serum helps improve skin elasticity, leaving it silky, radiant, and soft. Buy now for daily body care and a visibly healthier, glowing complexion from head to toe","breadcrumb":{"@id":"https:\/\/iluris.com\/product\/iluris-lab-silk-skin-body-serum-spices-sandalwood-270-ml-2\/#breadcrumb"},"inLanguage":"lv-LV","potentialAction":[{"@type":"ReadAction","target":["https:\/\/iluris.com\/product\/iluris-lab-silk-skin-body-serum-spices-sandalwood-270-ml-2\/"]}]},{"@type":"ImageObject","inLanguage":"lv-LV","@id":"https:\/\/iluris.com\/product\/iluris-lab-silk-skin-body-serum-spices-sandalwood-270-ml-2\/#primaryimage","url":"https:\/\/iluris.com\/wp-content\/uploads\/2024\/12\/FRONT_high_res-7-scaled.jpg","contentUrl":"https:\/\/iluris.com\/wp-content\/uploads\/2024\/12\/FRONT_high_res-7-scaled.jpg","width":1930,"height":2560},{"@type":"BreadcrumbList","@id":"https:\/\/iluris.com\/product\/iluris-lab-silk-skin-body-serum-spices-sandalwood-270-ml-2\/#breadcrumb","itemListElement":[{"@type":"ListItem","position":1,"name":"Home","item":"https:\/\/iluris.com\/"},{"@type":"ListItem","position":2,"name":"Products","item":"https:\/\/iluris.com\/shop-3__trashed\/"},{"@type":"ListItem","position":3,"name":"iluris Lab Silk Skin Body Serum \u2013 Spices &#038; Sandalwood 270 ml"}]},{"@type":"WebSite","@id":"https:\/\/iluris.com\/#website","url":"https:\/\/iluris.com\/","name":"Iluris","description":"Iluris Lab: Kur zin\u0101tne satiekas ar dabu.","publisher":{"@id":"https:\/\/iluris.com\/#organization"},"potentialAction":[{"@type":"SearchAction","target":{"@type":"EntryPoint","urlTemplate":"https:\/\/iluris.com\/?s={search_term_string}"},"query-input":{"@type":"PropertyValueSpecification","valueRequired":true,"valueName":"search_term_string"}}],"inLanguage":"lv-LV"},{"@type":"Organization","@id":"https:\/\/iluris.com\/#organization","name":"Iluris","url":"https:\/\/iluris.com\/","logo":{"@type":"ImageObject","inLanguage":"lv-LV","@id":"https:\/\/iluris.com\/#\/schema\/logo\/image\/","url":"https:\/\/iluris.com\/wp-content\/uploads\/2024\/12\/cropped-d_grey.png","contentUrl":"https:\/\/iluris.com\/wp-content\/uploads\/2024\/12\/cropped-d_grey.png","width":512,"height":512,"caption":"Iluris"},"image":{"@id":"https:\/\/iluris.com\/#\/schema\/logo\/image\/"}}]}},"_links":{"self":[{"href":"https:\/\/iluris.com\/lv\/wp-json\/wp\/v2\/product\/4446","targetHints":{"allow":["GET"]}}],"collection":[{"href":"https:\/\/iluris.com\/lv\/wp-json\/wp\/v2\/product"}],"about":[{"href":"https:\/\/iluris.com\/lv\/wp-json\/wp\/v2\/types\/product"}],"replies":[{"embeddable":true,"href":"https:\/\/iluris.com\/lv\/wp-json\/wp\/v2\/comments?post=4446"}],"wp:featuredmedia":[{"embeddable":true,"href":"https:\/\/iluris.com\/lv\/wp-json\/wp\/v2\/media\/4440"}],"wp:attachment":[{"href":"https:\/\/iluris.com\/lv\/wp-json\/wp\/v2\/media?parent=4446"}],"wp:term":[{"taxonomy":"quiz_answer_tag","embeddable":true,"href":"https:\/\/iluris.com\/lv\/wp-json\/wp\/v2\/skin_test_tag?post=4446"},{"taxonomy":"product_brand","embeddable":true,"href":"https:\/\/iluris.com\/lv\/wp-json\/wp\/v2\/product_brand?post=4446"},{"taxonomy":"product_cat","embeddable":true,"href":"https:\/\/iluris.com\/lv\/wp-json\/wp\/v2\/product_cat?post=4446"},{"taxonomy":"product_tag","embeddable":true,"href":"https:\/\/iluris.com\/lv\/wp-json\/wp\/v2\/product_tag?post=4446"}],"curies":[{"name":"wp","href":"https:\/\/api.w.org\/{rel}","templated":true}]}}