{"id":4441,"date":"2024-12-16T11:34:54","date_gmt":"2024-12-16T11:34:54","guid":{"rendered":"https:\/\/iluris.com\/?post_type=product&#038;p=4441"},"modified":"2026-01-05T04:18:03","modified_gmt":"2026-01-05T04:18:03","slug":"iluris-lab-silk-skin-body-serum-spices-sandalwood-270-ml","status":"publish","type":"product","link":"https:\/\/iluris.com\/lv\/products\/iluris-lab-silk-skin-body-serum-spices-sandalwood-270-ml\/","title":{"rendered":"iluris Lab Silk Skin Body Serum, Woody Amber &#038; Leather 270 ml"},"content":{"rendered":"<p><strong>iluris Lab Silk Skin Body Serum, Woody Amber &amp; Leather<\/strong><\/p>\n<p>Indulge in luxury with the <strong>Silk Skin Body Serum<\/strong>, enriched with the sophisticated notes of <strong>Woody Amber &amp; Leather<\/strong>\u0160\u012b \u0101tri absorb\u0113jo\u0161\u0101 formula dzi\u013ci mitrina, baro un atjauno \u0101das dabisko maigumu, atst\u0101jot samtaini gludu fini\u0161u. Bag\u0101tin\u0101ta ar augstv\u0113rt\u012bgiem augu ekstraktiem un b\u016btisk\u0101m uzturviel\u0101m, t\u0101 nomierina \u0101du, nodro\u0161inot ilgsto\u0161u mitrin\u0101\u0161anu. Ide\u0101li piem\u0113rota tiem, kas ikdienas \u0101das kop\u0161anas rut\u012bn\u0101 v\u0113las elegances piesk\u0101rienu, \u0161is serums sniedz ma\u0146u pieredzi, kas skaisti saglab\u0101jas.<\/p>\n<p><strong>Key Benefits:<\/strong><\/p>\n<ul>\n<li>Dzi\u013ca mitrin\u0101\u0161ana un baro\u0161ana<\/li>\n<li>\u0100tri absorb\u0113jo\u0161a, viegla formula<\/li>\n<li>Grezna un ilgnotur\u012bga koka dzintara un \u0101das arom\u0101ta bu\u0137ete<\/li>\n<li>Atst\u0101j \u0101du maigu, gludu un atjaunotu<\/li>\n<\/ul>\n<p>Pievienojiet savai \u0137erme\u0146a kop\u0161anas rut\u012bnai grezn\u012bbas piesk\u0101rienu.<\/p>","protected":false},"excerpt":{"rendered":"<table width=\"219\">\n<tbody>\n<tr>\n<td width=\"219\">\n<table width=\"219\">\n<tbody>\n<tr>\n<td width=\"219\">4751048900185<\/td>\n<\/tr>\n<\/tbody>\n<\/table>\n<\/td>\n<\/tr>\n<\/tbody>\n<\/table>\n<p>Indulge your senses with i<strong>luris Lab Silk Skin Body Serum<\/strong>, featuring the warm and exotic notes of spices and sandalwood. This body serum provides deep hydration with a lightweight, fast-absorbing formula that leaves your skin feeling silky smooth. It soothes and moisturizes the skin, making it perfect for daily care or as a luxurious addition to your self-care routine<\/p>\n<p>&nbsp;<\/p>","protected":false},"featured_media":4448,"comment_status":"open","ping_status":"closed","template":"","meta":{"_acf_changed":false},"skin_test_tag":[],"product_brand":[],"product_cat":[87,45],"product_tag":[96,92],"class_list":{"0":"post-4441","1":"product","2":"type-product","3":"status-publish","4":"has-post-thumbnail","6":"product_cat-all","7":"product_cat-body-care","8":"product_tag-creamforhand-dryskin","9":"product_tag-dehydrated-skin-alltypesskin","11":"first","12":"instock","13":"taxable","14":"shipping-taxable","15":"purchasable","16":"product-type-simple"},"acf":[],"yoast_head":"<!-- This site is optimized with the Yoast SEO plugin v27.4 - https:\/\/yoast.com\/product\/yoast-seo-wordpress\/ -->\n<title>iluris Lab Silk Skin Body Serum, Woody Amber &amp; Leather 270 ml - Iluris<\/title>\n<meta name=\"description\" content=\"Buy Silk Skin Body Serum, a hydrating body serum and nourishing body treatment designed to give you smooth, silky skin. This moisturizing body serum also works as an anti-aging body serum, leaving your skin soft, radiant, and rejuvenated. Perfect skincare product for daily use to maintain healthy, glowing, and youthful skin. Experience the ultimate silky skin body serum for full-body hydration and nourish\" \/>\n<meta name=\"robots\" content=\"index, follow, max-snippet:-1, max-image-preview:large, max-video-preview:-1\" \/>\n<link rel=\"canonical\" href=\"https:\/\/iluris.com\/lv\/products\/iluris-lab-silk-skin-body-serum-spices-sandalwood-270-ml\/\" \/>\n<meta property=\"og:locale\" content=\"lv_LV\" \/>\n<meta property=\"og:type\" content=\"article\" \/>\n<meta property=\"og:title\" content=\"iluris Lab Silk Skin Body Serum, Woody Amber &amp; Leather 270 ml - Iluris\" \/>\n<meta property=\"og:description\" content=\"Buy Silk Skin Body Serum, a hydrating body serum and nourishing body treatment designed to give you smooth, silky skin. This moisturizing body serum also works as an anti-aging body serum, leaving your skin soft, radiant, and rejuvenated. Perfect skincare product for daily use to maintain healthy, glowing, and youthful skin. Experience the ultimate silky skin body serum for full-body hydration and nourish\" \/>\n<meta property=\"og:url\" content=\"https:\/\/iluris.com\/lv\/products\/iluris-lab-silk-skin-body-serum-spices-sandalwood-270-ml\/\" \/>\n<meta property=\"og:site_name\" content=\"Iluris\" \/>\n<meta property=\"article:modified_time\" content=\"2026-01-05T04:18:03+00:00\" \/>\n<meta property=\"og:image\" content=\"https:\/\/iluris.com\/wp-content\/uploads\/2024\/12\/FRONT_high_res-9-scaled.jpg\" \/>\n\t<meta property=\"og:image:width\" content=\"1930\" \/>\n\t<meta property=\"og:image:height\" content=\"2560\" \/>\n\t<meta property=\"og:image:type\" content=\"image\/jpeg\" \/>\n<meta name=\"twitter:card\" content=\"summary_large_image\" \/>\n<meta name=\"twitter:label1\" content=\"Est. reading time\" \/>\n\t<meta name=\"twitter:data1\" content=\"1 min\u016bte\" \/>\n<script type=\"application\/ld+json\" class=\"yoast-schema-graph\">{\"@context\":\"https:\\\/\\\/schema.org\",\"@graph\":[{\"@type\":\"WebPage\",\"@id\":\"https:\\\/\\\/iluris.com\\\/product\\\/iluris-lab-silk-skin-body-serum-spices-sandalwood-270-ml\\\/\",\"url\":\"https:\\\/\\\/iluris.com\\\/product\\\/iluris-lab-silk-skin-body-serum-spices-sandalwood-270-ml\\\/\",\"name\":\"iluris Lab Silk Skin Body Serum, Woody Amber & Leather 270 ml - Iluris\",\"isPartOf\":{\"@id\":\"https:\\\/\\\/iluris.com\\\/#website\"},\"primaryImageOfPage\":{\"@id\":\"https:\\\/\\\/iluris.com\\\/product\\\/iluris-lab-silk-skin-body-serum-spices-sandalwood-270-ml\\\/#primaryimage\"},\"image\":{\"@id\":\"https:\\\/\\\/iluris.com\\\/product\\\/iluris-lab-silk-skin-body-serum-spices-sandalwood-270-ml\\\/#primaryimage\"},\"thumbnailUrl\":\"https:\\\/\\\/iluris.com\\\/wp-content\\\/uploads\\\/2024\\\/12\\\/FRONT_high_res-9-scaled.jpg\",\"datePublished\":\"2024-12-16T11:34:54+00:00\",\"dateModified\":\"2026-01-05T04:18:03+00:00\",\"description\":\"Buy Silk Skin Body Serum, a hydrating body serum and nourishing body treatment designed to give you smooth, silky skin. This moisturizing body serum also works as an anti-aging body serum, leaving your skin soft, radiant, and rejuvenated. Perfect skincare product for daily use to maintain healthy, glowing, and youthful skin. Experience the ultimate silky skin body serum for full-body hydration and nourish\",\"breadcrumb\":{\"@id\":\"https:\\\/\\\/iluris.com\\\/product\\\/iluris-lab-silk-skin-body-serum-spices-sandalwood-270-ml\\\/#breadcrumb\"},\"inLanguage\":\"lv-LV\",\"potentialAction\":[{\"@type\":\"ReadAction\",\"target\":[\"https:\\\/\\\/iluris.com\\\/product\\\/iluris-lab-silk-skin-body-serum-spices-sandalwood-270-ml\\\/\"]}]},{\"@type\":\"ImageObject\",\"inLanguage\":\"lv-LV\",\"@id\":\"https:\\\/\\\/iluris.com\\\/product\\\/iluris-lab-silk-skin-body-serum-spices-sandalwood-270-ml\\\/#primaryimage\",\"url\":\"https:\\\/\\\/iluris.com\\\/wp-content\\\/uploads\\\/2024\\\/12\\\/FRONT_high_res-9-scaled.jpg\",\"contentUrl\":\"https:\\\/\\\/iluris.com\\\/wp-content\\\/uploads\\\/2024\\\/12\\\/FRONT_high_res-9-scaled.jpg\",\"width\":1930,\"height\":2560},{\"@type\":\"BreadcrumbList\",\"@id\":\"https:\\\/\\\/iluris.com\\\/product\\\/iluris-lab-silk-skin-body-serum-spices-sandalwood-270-ml\\\/#breadcrumb\",\"itemListElement\":[{\"@type\":\"ListItem\",\"position\":1,\"name\":\"Home\",\"item\":\"https:\\\/\\\/iluris.com\\\/\"},{\"@type\":\"ListItem\",\"position\":2,\"name\":\"Products\",\"item\":\"https:\\\/\\\/iluris.com\\\/shop-3__trashed\\\/\"},{\"@type\":\"ListItem\",\"position\":3,\"name\":\"iluris Lab Silk Skin Body Serum, Woody Amber &#038; Leather 270 ml\"}]},{\"@type\":\"WebSite\",\"@id\":\"https:\\\/\\\/iluris.com\\\/#website\",\"url\":\"https:\\\/\\\/iluris.com\\\/\",\"name\":\"Iluris\",\"description\":\"iluris Lab: Where science meet nature\",\"publisher\":{\"@id\":\"https:\\\/\\\/iluris.com\\\/#organization\"},\"potentialAction\":[{\"@type\":\"SearchAction\",\"target\":{\"@type\":\"EntryPoint\",\"urlTemplate\":\"https:\\\/\\\/iluris.com\\\/?s={search_term_string}\"},\"query-input\":{\"@type\":\"PropertyValueSpecification\",\"valueRequired\":true,\"valueName\":\"search_term_string\"}}],\"inLanguage\":\"lv-LV\"},{\"@type\":\"Organization\",\"@id\":\"https:\\\/\\\/iluris.com\\\/#organization\",\"name\":\"Iluris\",\"url\":\"https:\\\/\\\/iluris.com\\\/\",\"logo\":{\"@type\":\"ImageObject\",\"inLanguage\":\"lv-LV\",\"@id\":\"https:\\\/\\\/iluris.com\\\/#\\\/schema\\\/logo\\\/image\\\/\",\"url\":\"https:\\\/\\\/iluris.com\\\/wp-content\\\/uploads\\\/2024\\\/12\\\/cropped-d_grey.png\",\"contentUrl\":\"https:\\\/\\\/iluris.com\\\/wp-content\\\/uploads\\\/2024\\\/12\\\/cropped-d_grey.png\",\"width\":512,\"height\":512,\"caption\":\"Iluris\"},\"image\":{\"@id\":\"https:\\\/\\\/iluris.com\\\/#\\\/schema\\\/logo\\\/image\\\/\"}}]}<\/script>\n<!-- \/ Yoast SEO plugin. -->","yoast_head_json":{"title":"iluris Lab Silk Skin Body Serum, Woody Amber & Leather 270 ml - Iluris","description":"Buy Silk Skin Body Serum, a hydrating body serum and nourishing body treatment designed to give you smooth, silky skin. This moisturizing body serum also works as an anti-aging body serum, leaving your skin soft, radiant, and rejuvenated. Perfect skincare product for daily use to maintain healthy, glowing, and youthful skin. Experience the ultimate silky skin body serum for full-body hydration and nourish","robots":{"index":"index","follow":"follow","max-snippet":"max-snippet:-1","max-image-preview":"max-image-preview:large","max-video-preview":"max-video-preview:-1"},"canonical":"https:\/\/iluris.com\/lv\/products\/iluris-lab-silk-skin-body-serum-spices-sandalwood-270-ml\/","og_locale":"lv_LV","og_type":"article","og_title":"iluris Lab Silk Skin Body Serum, Woody Amber & Leather 270 ml - Iluris","og_description":"Buy Silk Skin Body Serum, a hydrating body serum and nourishing body treatment designed to give you smooth, silky skin. This moisturizing body serum also works as an anti-aging body serum, leaving your skin soft, radiant, and rejuvenated. Perfect skincare product for daily use to maintain healthy, glowing, and youthful skin. Experience the ultimate silky skin body serum for full-body hydration and nourish","og_url":"https:\/\/iluris.com\/lv\/products\/iluris-lab-silk-skin-body-serum-spices-sandalwood-270-ml\/","og_site_name":"Iluris","article_modified_time":"2026-01-05T04:18:03+00:00","og_image":[{"width":1930,"height":2560,"url":"https:\/\/iluris.com\/wp-content\/uploads\/2024\/12\/FRONT_high_res-9-scaled.jpg","type":"image\/jpeg"}],"twitter_card":"summary_large_image","twitter_misc":{"Est. reading time":"1 min\u016bte"},"schema":{"@context":"https:\/\/schema.org","@graph":[{"@type":"WebPage","@id":"https:\/\/iluris.com\/product\/iluris-lab-silk-skin-body-serum-spices-sandalwood-270-ml\/","url":"https:\/\/iluris.com\/product\/iluris-lab-silk-skin-body-serum-spices-sandalwood-270-ml\/","name":"iluris Lab Silk Skin Body Serum, Woody Amber & Leather 270 ml - Iluris","isPartOf":{"@id":"https:\/\/iluris.com\/#website"},"primaryImageOfPage":{"@id":"https:\/\/iluris.com\/product\/iluris-lab-silk-skin-body-serum-spices-sandalwood-270-ml\/#primaryimage"},"image":{"@id":"https:\/\/iluris.com\/product\/iluris-lab-silk-skin-body-serum-spices-sandalwood-270-ml\/#primaryimage"},"thumbnailUrl":"https:\/\/iluris.com\/wp-content\/uploads\/2024\/12\/FRONT_high_res-9-scaled.jpg","datePublished":"2024-12-16T11:34:54+00:00","dateModified":"2026-01-05T04:18:03+00:00","description":"Buy Silk Skin Body Serum, a hydrating body serum and nourishing body treatment designed to give you smooth, silky skin. This moisturizing body serum also works as an anti-aging body serum, leaving your skin soft, radiant, and rejuvenated. Perfect skincare product for daily use to maintain healthy, glowing, and youthful skin. Experience the ultimate silky skin body serum for full-body hydration and nourish","breadcrumb":{"@id":"https:\/\/iluris.com\/product\/iluris-lab-silk-skin-body-serum-spices-sandalwood-270-ml\/#breadcrumb"},"inLanguage":"lv-LV","potentialAction":[{"@type":"ReadAction","target":["https:\/\/iluris.com\/product\/iluris-lab-silk-skin-body-serum-spices-sandalwood-270-ml\/"]}]},{"@type":"ImageObject","inLanguage":"lv-LV","@id":"https:\/\/iluris.com\/product\/iluris-lab-silk-skin-body-serum-spices-sandalwood-270-ml\/#primaryimage","url":"https:\/\/iluris.com\/wp-content\/uploads\/2024\/12\/FRONT_high_res-9-scaled.jpg","contentUrl":"https:\/\/iluris.com\/wp-content\/uploads\/2024\/12\/FRONT_high_res-9-scaled.jpg","width":1930,"height":2560},{"@type":"BreadcrumbList","@id":"https:\/\/iluris.com\/product\/iluris-lab-silk-skin-body-serum-spices-sandalwood-270-ml\/#breadcrumb","itemListElement":[{"@type":"ListItem","position":1,"name":"Home","item":"https:\/\/iluris.com\/"},{"@type":"ListItem","position":2,"name":"Products","item":"https:\/\/iluris.com\/shop-3__trashed\/"},{"@type":"ListItem","position":3,"name":"iluris Lab Silk Skin Body Serum, Woody Amber &#038; Leather 270 ml"}]},{"@type":"WebSite","@id":"https:\/\/iluris.com\/#website","url":"https:\/\/iluris.com\/","name":"Iluris","description":"Iluris Lab: Kur zin\u0101tne satiekas ar dabu.","publisher":{"@id":"https:\/\/iluris.com\/#organization"},"potentialAction":[{"@type":"SearchAction","target":{"@type":"EntryPoint","urlTemplate":"https:\/\/iluris.com\/?s={search_term_string}"},"query-input":{"@type":"PropertyValueSpecification","valueRequired":true,"valueName":"search_term_string"}}],"inLanguage":"lv-LV"},{"@type":"Organization","@id":"https:\/\/iluris.com\/#organization","name":"Iluris","url":"https:\/\/iluris.com\/","logo":{"@type":"ImageObject","inLanguage":"lv-LV","@id":"https:\/\/iluris.com\/#\/schema\/logo\/image\/","url":"https:\/\/iluris.com\/wp-content\/uploads\/2024\/12\/cropped-d_grey.png","contentUrl":"https:\/\/iluris.com\/wp-content\/uploads\/2024\/12\/cropped-d_grey.png","width":512,"height":512,"caption":"Iluris"},"image":{"@id":"https:\/\/iluris.com\/#\/schema\/logo\/image\/"}}]}},"_links":{"self":[{"href":"https:\/\/iluris.com\/lv\/wp-json\/wp\/v2\/product\/4441","targetHints":{"allow":["GET"]}}],"collection":[{"href":"https:\/\/iluris.com\/lv\/wp-json\/wp\/v2\/product"}],"about":[{"href":"https:\/\/iluris.com\/lv\/wp-json\/wp\/v2\/types\/product"}],"replies":[{"embeddable":true,"href":"https:\/\/iluris.com\/lv\/wp-json\/wp\/v2\/comments?post=4441"}],"wp:featuredmedia":[{"embeddable":true,"href":"https:\/\/iluris.com\/lv\/wp-json\/wp\/v2\/media\/4448"}],"wp:attachment":[{"href":"https:\/\/iluris.com\/lv\/wp-json\/wp\/v2\/media?parent=4441"}],"wp:term":[{"taxonomy":"quiz_answer_tag","embeddable":true,"href":"https:\/\/iluris.com\/lv\/wp-json\/wp\/v2\/skin_test_tag?post=4441"},{"taxonomy":"product_brand","embeddable":true,"href":"https:\/\/iluris.com\/lv\/wp-json\/wp\/v2\/product_brand?post=4441"},{"taxonomy":"product_cat","embeddable":true,"href":"https:\/\/iluris.com\/lv\/wp-json\/wp\/v2\/product_cat?post=4441"},{"taxonomy":"product_tag","embeddable":true,"href":"https:\/\/iluris.com\/lv\/wp-json\/wp\/v2\/product_tag?post=4441"}],"curies":[{"name":"wp","href":"https:\/\/api.w.org\/{rel}","templated":true}]}}