{"id":4438,"date":"2024-12-16T11:16:31","date_gmt":"2024-12-16T11:16:31","guid":{"rendered":"https:\/\/iluris.com\/?post_type=product&#038;p=4438"},"modified":"2026-01-22T18:31:35","modified_gmt":"2026-01-22T18:31:35","slug":"iluris-lab-botox-like-peptide-serum-30ml","status":"publish","type":"product","link":"https:\/\/iluris.com\/lv\/products\/iluris-lab-botox-like-peptide-serum-30ml\/","title":{"rendered":"iluris Lab  Botox-Like Peptide Serum 30ml"},"content":{"rendered":"<p><strong>Apraksts<\/strong><br \/>\nIeg\u016bstiet glud\u0101ku un jaunekl\u012bg\u0101ku \u0101du ar<strong> iluris Lab Botox-Like Peptide Serum<\/strong>\u2014 modernu formulu, kas dabisk\u0101 veid\u0101 imit\u0113 botoksa efektu. Serums ir bag\u0101tin\u0101ts ar sp\u0113c\u012bgiem pept\u012bdiem, hidroksiprol\u012bnu un augu izcelsmes sast\u0101vda\u013c\u0101m, piem\u0113ram, zeme\u0146u un melle\u0146u s\u0113klu e\u013c\u013c\u0101m. Tas pal\u012bdz c\u012bn\u012bties ar dehidr\u0101ciju, \u0101das bl\u0101vumu un noveco\u0161an\u0101s paz\u012bm\u0113m. N\u0101trija PCA, hialuronsk\u0101bes un alvejas sulas kombin\u0101cija nodro\u0161ina intens\u012bvu mitrin\u0101\u0161anu un redzami samazina s\u012bk\u0101s grumbi\u0146as, padarot \u0101du starojo\u0161u un atjaunotu.<\/p>\n<p><strong>Galven\u0101s sast\u0101vda\u013cas un to priek\u0161roc\u012bbas:<\/strong><\/p>\n<ul>\n<li><strong>Hydroxyproline (Peptide):<\/strong><br \/>\nVeicina kolag\u0113na ra\u017eo\u0161anu, uzlabo \u0101das elast\u012bbu un pal\u012bdz izl\u012bdzin\u0101t s\u012bk\u0101s grumbi\u0146as.<\/li>\n<li><strong>\u2022\tPept\u012bdi:<\/strong><br \/>\nAtbalsta \u0101das atjauno\u0161anos un samazina noveco\u0161an\u0101s paz\u012bmes.<\/li>\n<li><strong>\u2022\tFitoster\u012bni:<\/strong><br \/>\nBaro \u0101du un pal\u012bdz atjaunot t\u0101s aizsargbarjeru<\/li>\n<li><strong>Aloe Juice:<\/strong><br \/>\nNomierina un mitrina \u0101du, samazinot kairin\u0101jumu un aps\u0101rtumu<\/li>\n<li><strong>\u2022\tN\u0101trija PCA:<\/strong><br \/>\nDab\u012bgs mitrin\u0101t\u0101js, kas pal\u012bdz saglab\u0101t mitrumu, uzlabojot \u0101das maigumu un elast\u012bbu.<\/li>\n<li><strong>\u2022\tHialuronsk\u0101be:<\/strong><br \/>\n\u2022\tZeme\u0146u un melle\u0146u s\u0113klu e\u013c\u013cas:<\/li>\n<li><strong>Strawberry and Blueberry Seed Oils:<\/strong><br \/>\nBag\u0101tas ar antioksidantiem, t\u0101s aizsarg\u0101 \u0101du no apk\u0101rt\u0113j\u0101s vides ietekmes un uzlabo \u0101das mirdzumu.<\/li>\n<li><strong>\u2022\tGinka lapu ekstrakts:<\/strong><br \/>\nUzlabo mikrocirkul\u0101ciju, nodro\u0161inot \u0101du ar bar\u012bbas viel\u0101m un veicinot vesel\u012bgu izskatu.<\/li>\n<\/ul>\n<p><strong>K\u0101p\u0113c izv\u0113l\u0113ties Iluris Botox-Like Peptide Serum?<\/strong><\/p>\n<ul>\n<li>\u2022\tNov\u0113r\u0161 \u0101das bl\u0101vumu, dehidr\u0101ciju un noveco\u0161an\u0101s paz\u012bmes<\/li>\n<li>\u2022\tPal\u012bdz izl\u012bdzin\u0101t s\u012bk\u0101s grumbi\u0146as un uzlabot \u0101das tekst\u016bru.<\/li>\n<li>\u2022\tViegls sast\u0101vs, kas \u0101tri uzs\u016bcas bez taukainas saj\u016btas.<\/li>\n<li>\u2022\tPiem\u0113rots visiem \u0101das tipiem, tostarp jut\u012bgai un nobriedu\u0161ai \u0101dai.<\/li>\n<\/ul>\n<p><strong>Lieto\u0161anas instrukcija:<\/strong><\/p>\n<ol>\n<li>1.\tPirms seruma lieto\u0161anas r\u016bp\u012bgi not\u012briet \u0101du.<\/li>\n<li>2.\tUzkl\u0101jiet 2-3 pilienus seruma uz sejas un kakla \u0101das<\/li>\n<li>3.\tMaigi iemas\u0113jiet ar aug\u0161upejo\u0161\u0101m ap\u013cveida kust\u012bb\u0101m.<\/li>\n<li>4.\tLietojiet no r\u012bta un vakar\u0101, p\u0113c tam uzkl\u0101jot savu iecien\u012bto mitrin\u0101t\u0101ju.<\/li>\n<\/ol>\n<p>Rediscover youthful, hydrated, and radiant skin with <strong>Iluris Botox-Like Peptide Serum<\/strong>\u2014your ally in advanced skincare.<\/p>","protected":false},"excerpt":{"rendered":"<table width=\"219\">\n<tbody>\n<tr>\n<td width=\"219\"><a href=\"https:\/\/gs1lv.org\/mygs1\/products\/101731063\/view\">4751048900208<\/a><\/td>\n<\/tr>\n<\/tbody>\n<\/table>","protected":false},"featured_media":4437,"comment_status":"open","ping_status":"closed","template":"","meta":{"_acf_changed":false},"skin_test_tag":[130,128,131,129,154,155,156,157,141,137,140,144,145,133,135,134,136,148,150,147,160,159,158,122,121,127,125],"product_brand":[],"product_cat":[87,43,46],"product_tag":[97],"class_list":{"0":"post-4438","1":"product","2":"type-product","3":"status-publish","4":"has-post-thumbnail","6":"quiz_answer_tag-after-cleansing-comfortable-feeling","7":"quiz_answer_tag-after-cleansing-slight-tightness","8":"quiz_answer_tag-after-cleansing-sometimes-itching","9":"quiz_answer_tag-after-cleansing-strong-tightness-discomfort","10":"quiz_answer_tag-age-29-40","11":"quiz_answer_tag-age-41-51","12":"quiz_answer_tag-age-52-65","13":"quiz_answer_tag-age-65","14":"quiz_answer_tag-goal-anti-age-care-maintaining-firmness-and-elasticity","15":"quiz_answer_tag-goal-eliminating-dryness-and-tightness","16":"quiz_answer_tag-goal-product-selection-for-normal-balanced-skin","17":"quiz_answer_tag-goal-product-selection-for-sensitive-irritation-prone-skin","18":"quiz_answer_tag-goal-product-selection-for-skin-with-couperose-and-redness","19":"quiz_answer_tag-makeup-full-coverage-foundation-every-day","20":"quiz_answer_tag-makeup-i-dont-use-any","21":"quiz_answer_tag-makeup-light-bb-cc-cream-every-day","22":"quiz_answer_tag-makeup-very-rarely","23":"quiz_answer_tag-preference-fragrance-free","24":"quiz_answer_tag-preference-i-prefer-serums-instead-of-creams","25":"quiz_answer_tag-preference-richer-more-nourishing-textures","26":"quiz_answer_tag-routine-depending-on-my-mood","27":"quiz_answer_tag-routine-no-simple-routine","28":"quiz_answer_tag-routine-yes-multi-step","29":"quiz_answer_tag-skin-type-dry","30":"quiz_answer_tag-skin-type-normal","31":"quiz_answer_tag-skin-type-redness-couperose","32":"quiz_answer_tag-skin-type-sensitive","33":"product_cat-all","34":"product_cat-face-care","35":"product_cat-serums","36":"product_tag-serumslikebotox-dryskin-anti-age","38":"first","39":"instock","40":"taxable","41":"shipping-taxable","42":"purchasable","43":"product-type-simple"},"acf":[],"yoast_head":"<!-- This site is optimized with the Yoast SEO plugin v27.4 - https:\/\/yoast.com\/product\/yoast-seo-wordpress\/ -->\n<title>iluris Lab Botox-Like Peptide Serum 30ml - Iluris<\/title>\n<meta name=\"description\" content=\"Botox-Like Peptide Serum, anti-aging serum, peptide serum, wrinkle reducing serum, fine lines treatment, skin smoothing serum, youthful skin serum, hydrating peptide serum, facial serum, skin rejuvenation, lifting serum, anti-wrinkle skincare, peptide skincare, serum for glowing skin\" \/>\n<meta name=\"robots\" content=\"index, follow, max-snippet:-1, max-image-preview:large, max-video-preview:-1\" \/>\n<link rel=\"canonical\" href=\"https:\/\/iluris.com\/lv\/products\/iluris-lab-botox-like-peptide-serum-30ml\/\" \/>\n<meta property=\"og:locale\" content=\"lv_LV\" \/>\n<meta property=\"og:type\" content=\"article\" \/>\n<meta property=\"og:title\" content=\"iluris Lab Botox-Like Peptide Serum 30ml - Iluris\" \/>\n<meta property=\"og:description\" content=\"Botox-Like Peptide Serum, anti-aging serum, peptide serum, wrinkle reducing serum, fine lines treatment, skin smoothing serum, youthful skin serum, hydrating peptide serum, facial serum, skin rejuvenation, lifting serum, anti-wrinkle skincare, peptide skincare, serum for glowing skin\" \/>\n<meta property=\"og:url\" content=\"https:\/\/iluris.com\/lv\/products\/iluris-lab-botox-like-peptide-serum-30ml\/\" \/>\n<meta property=\"og:site_name\" content=\"Iluris\" \/>\n<meta property=\"article:modified_time\" content=\"2026-01-22T18:31:35+00:00\" \/>\n<meta property=\"og:image\" content=\"https:\/\/iluris.com\/wp-content\/uploads\/2024\/12\/FRONT-WITHOUT-BOX_high_res-scaled.jpg\" \/>\n\t<meta property=\"og:image:width\" content=\"1930\" \/>\n\t<meta property=\"og:image:height\" content=\"2560\" \/>\n\t<meta property=\"og:image:type\" content=\"image\/jpeg\" \/>\n<meta name=\"twitter:card\" content=\"summary_large_image\" \/>\n<meta name=\"twitter:label1\" content=\"Est. reading time\" \/>\n\t<meta name=\"twitter:data1\" content=\"2 min\u016btes\" \/>\n<script type=\"application\/ld+json\" class=\"yoast-schema-graph\">{\"@context\":\"https:\\\/\\\/schema.org\",\"@graph\":[{\"@type\":\"WebPage\",\"@id\":\"https:\\\/\\\/iluris.com\\\/product\\\/iluris-lab-botox-like-peptide-serum-30ml\\\/\",\"url\":\"https:\\\/\\\/iluris.com\\\/product\\\/iluris-lab-botox-like-peptide-serum-30ml\\\/\",\"name\":\"iluris Lab Botox-Like Peptide Serum 30ml - Iluris\",\"isPartOf\":{\"@id\":\"https:\\\/\\\/iluris.com\\\/#website\"},\"primaryImageOfPage\":{\"@id\":\"https:\\\/\\\/iluris.com\\\/product\\\/iluris-lab-botox-like-peptide-serum-30ml\\\/#primaryimage\"},\"image\":{\"@id\":\"https:\\\/\\\/iluris.com\\\/product\\\/iluris-lab-botox-like-peptide-serum-30ml\\\/#primaryimage\"},\"thumbnailUrl\":\"https:\\\/\\\/iluris.com\\\/wp-content\\\/uploads\\\/2024\\\/12\\\/FRONT-WITHOUT-BOX_high_res-scaled.jpg\",\"datePublished\":\"2024-12-16T11:16:31+00:00\",\"dateModified\":\"2026-01-22T18:31:35+00:00\",\"description\":\"Botox-Like Peptide Serum, anti-aging serum, peptide serum, wrinkle reducing serum, fine lines treatment, skin smoothing serum, youthful skin serum, hydrating peptide serum, facial serum, skin rejuvenation, lifting serum, anti-wrinkle skincare, peptide skincare, serum for glowing skin\",\"breadcrumb\":{\"@id\":\"https:\\\/\\\/iluris.com\\\/product\\\/iluris-lab-botox-like-peptide-serum-30ml\\\/#breadcrumb\"},\"inLanguage\":\"lv-LV\",\"potentialAction\":[{\"@type\":\"ReadAction\",\"target\":[\"https:\\\/\\\/iluris.com\\\/product\\\/iluris-lab-botox-like-peptide-serum-30ml\\\/\"]}]},{\"@type\":\"ImageObject\",\"inLanguage\":\"lv-LV\",\"@id\":\"https:\\\/\\\/iluris.com\\\/product\\\/iluris-lab-botox-like-peptide-serum-30ml\\\/#primaryimage\",\"url\":\"https:\\\/\\\/iluris.com\\\/wp-content\\\/uploads\\\/2024\\\/12\\\/FRONT-WITHOUT-BOX_high_res-scaled.jpg\",\"contentUrl\":\"https:\\\/\\\/iluris.com\\\/wp-content\\\/uploads\\\/2024\\\/12\\\/FRONT-WITHOUT-BOX_high_res-scaled.jpg\",\"width\":1930,\"height\":2560},{\"@type\":\"BreadcrumbList\",\"@id\":\"https:\\\/\\\/iluris.com\\\/product\\\/iluris-lab-botox-like-peptide-serum-30ml\\\/#breadcrumb\",\"itemListElement\":[{\"@type\":\"ListItem\",\"position\":1,\"name\":\"Home\",\"item\":\"https:\\\/\\\/iluris.com\\\/\"},{\"@type\":\"ListItem\",\"position\":2,\"name\":\"Products\",\"item\":\"https:\\\/\\\/iluris.com\\\/shop-3__trashed\\\/\"},{\"@type\":\"ListItem\",\"position\":3,\"name\":\"iluris Lab Botox-Like Peptide Serum 30ml\"}]},{\"@type\":\"WebSite\",\"@id\":\"https:\\\/\\\/iluris.com\\\/#website\",\"url\":\"https:\\\/\\\/iluris.com\\\/\",\"name\":\"Iluris\",\"description\":\"iluris Lab: Where science meet nature\",\"publisher\":{\"@id\":\"https:\\\/\\\/iluris.com\\\/#organization\"},\"potentialAction\":[{\"@type\":\"SearchAction\",\"target\":{\"@type\":\"EntryPoint\",\"urlTemplate\":\"https:\\\/\\\/iluris.com\\\/?s={search_term_string}\"},\"query-input\":{\"@type\":\"PropertyValueSpecification\",\"valueRequired\":true,\"valueName\":\"search_term_string\"}}],\"inLanguage\":\"lv-LV\"},{\"@type\":\"Organization\",\"@id\":\"https:\\\/\\\/iluris.com\\\/#organization\",\"name\":\"Iluris\",\"url\":\"https:\\\/\\\/iluris.com\\\/\",\"logo\":{\"@type\":\"ImageObject\",\"inLanguage\":\"lv-LV\",\"@id\":\"https:\\\/\\\/iluris.com\\\/#\\\/schema\\\/logo\\\/image\\\/\",\"url\":\"https:\\\/\\\/iluris.com\\\/wp-content\\\/uploads\\\/2024\\\/12\\\/cropped-d_grey.png\",\"contentUrl\":\"https:\\\/\\\/iluris.com\\\/wp-content\\\/uploads\\\/2024\\\/12\\\/cropped-d_grey.png\",\"width\":512,\"height\":512,\"caption\":\"Iluris\"},\"image\":{\"@id\":\"https:\\\/\\\/iluris.com\\\/#\\\/schema\\\/logo\\\/image\\\/\"}}]}<\/script>\n<!-- \/ Yoast SEO plugin. -->","yoast_head_json":{"title":"iluris Lab Botox-Like Peptide Serum 30ml - Iluris","description":"Botox-Like Peptide Serum, anti-aging serum, peptide serum, wrinkle reducing serum, fine lines treatment, skin smoothing serum, youthful skin serum, hydrating peptide serum, facial serum, skin rejuvenation, lifting serum, anti-wrinkle skincare, peptide skincare, serum for glowing skin","robots":{"index":"index","follow":"follow","max-snippet":"max-snippet:-1","max-image-preview":"max-image-preview:large","max-video-preview":"max-video-preview:-1"},"canonical":"https:\/\/iluris.com\/lv\/products\/iluris-lab-botox-like-peptide-serum-30ml\/","og_locale":"lv_LV","og_type":"article","og_title":"iluris Lab Botox-Like Peptide Serum 30ml - Iluris","og_description":"Botox-Like Peptide Serum, anti-aging serum, peptide serum, wrinkle reducing serum, fine lines treatment, skin smoothing serum, youthful skin serum, hydrating peptide serum, facial serum, skin rejuvenation, lifting serum, anti-wrinkle skincare, peptide skincare, serum for glowing skin","og_url":"https:\/\/iluris.com\/lv\/products\/iluris-lab-botox-like-peptide-serum-30ml\/","og_site_name":"Iluris","article_modified_time":"2026-01-22T18:31:35+00:00","og_image":[{"width":1930,"height":2560,"url":"https:\/\/iluris.com\/wp-content\/uploads\/2024\/12\/FRONT-WITHOUT-BOX_high_res-scaled.jpg","type":"image\/jpeg"}],"twitter_card":"summary_large_image","twitter_misc":{"Est. reading time":"2 min\u016btes"},"schema":{"@context":"https:\/\/schema.org","@graph":[{"@type":"WebPage","@id":"https:\/\/iluris.com\/product\/iluris-lab-botox-like-peptide-serum-30ml\/","url":"https:\/\/iluris.com\/product\/iluris-lab-botox-like-peptide-serum-30ml\/","name":"iluris Lab Botox-Like Peptide Serum 30ml - Iluris","isPartOf":{"@id":"https:\/\/iluris.com\/#website"},"primaryImageOfPage":{"@id":"https:\/\/iluris.com\/product\/iluris-lab-botox-like-peptide-serum-30ml\/#primaryimage"},"image":{"@id":"https:\/\/iluris.com\/product\/iluris-lab-botox-like-peptide-serum-30ml\/#primaryimage"},"thumbnailUrl":"https:\/\/iluris.com\/wp-content\/uploads\/2024\/12\/FRONT-WITHOUT-BOX_high_res-scaled.jpg","datePublished":"2024-12-16T11:16:31+00:00","dateModified":"2026-01-22T18:31:35+00:00","description":"Botox-Like Peptide Serum, anti-aging serum, peptide serum, wrinkle reducing serum, fine lines treatment, skin smoothing serum, youthful skin serum, hydrating peptide serum, facial serum, skin rejuvenation, lifting serum, anti-wrinkle skincare, peptide skincare, serum for glowing skin","breadcrumb":{"@id":"https:\/\/iluris.com\/product\/iluris-lab-botox-like-peptide-serum-30ml\/#breadcrumb"},"inLanguage":"lv-LV","potentialAction":[{"@type":"ReadAction","target":["https:\/\/iluris.com\/product\/iluris-lab-botox-like-peptide-serum-30ml\/"]}]},{"@type":"ImageObject","inLanguage":"lv-LV","@id":"https:\/\/iluris.com\/product\/iluris-lab-botox-like-peptide-serum-30ml\/#primaryimage","url":"https:\/\/iluris.com\/wp-content\/uploads\/2024\/12\/FRONT-WITHOUT-BOX_high_res-scaled.jpg","contentUrl":"https:\/\/iluris.com\/wp-content\/uploads\/2024\/12\/FRONT-WITHOUT-BOX_high_res-scaled.jpg","width":1930,"height":2560},{"@type":"BreadcrumbList","@id":"https:\/\/iluris.com\/product\/iluris-lab-botox-like-peptide-serum-30ml\/#breadcrumb","itemListElement":[{"@type":"ListItem","position":1,"name":"Home","item":"https:\/\/iluris.com\/"},{"@type":"ListItem","position":2,"name":"Products","item":"https:\/\/iluris.com\/shop-3__trashed\/"},{"@type":"ListItem","position":3,"name":"iluris Lab Botox-Like Peptide Serum 30ml"}]},{"@type":"WebSite","@id":"https:\/\/iluris.com\/#website","url":"https:\/\/iluris.com\/","name":"Iluris","description":"Iluris Lab: Kur zin\u0101tne satiekas ar dabu.","publisher":{"@id":"https:\/\/iluris.com\/#organization"},"potentialAction":[{"@type":"SearchAction","target":{"@type":"EntryPoint","urlTemplate":"https:\/\/iluris.com\/?s={search_term_string}"},"query-input":{"@type":"PropertyValueSpecification","valueRequired":true,"valueName":"search_term_string"}}],"inLanguage":"lv-LV"},{"@type":"Organization","@id":"https:\/\/iluris.com\/#organization","name":"Iluris","url":"https:\/\/iluris.com\/","logo":{"@type":"ImageObject","inLanguage":"lv-LV","@id":"https:\/\/iluris.com\/#\/schema\/logo\/image\/","url":"https:\/\/iluris.com\/wp-content\/uploads\/2024\/12\/cropped-d_grey.png","contentUrl":"https:\/\/iluris.com\/wp-content\/uploads\/2024\/12\/cropped-d_grey.png","width":512,"height":512,"caption":"Iluris"},"image":{"@id":"https:\/\/iluris.com\/#\/schema\/logo\/image\/"}}]}},"_links":{"self":[{"href":"https:\/\/iluris.com\/lv\/wp-json\/wp\/v2\/product\/4438","targetHints":{"allow":["GET"]}}],"collection":[{"href":"https:\/\/iluris.com\/lv\/wp-json\/wp\/v2\/product"}],"about":[{"href":"https:\/\/iluris.com\/lv\/wp-json\/wp\/v2\/types\/product"}],"replies":[{"embeddable":true,"href":"https:\/\/iluris.com\/lv\/wp-json\/wp\/v2\/comments?post=4438"}],"wp:featuredmedia":[{"embeddable":true,"href":"https:\/\/iluris.com\/lv\/wp-json\/wp\/v2\/media\/4437"}],"wp:attachment":[{"href":"https:\/\/iluris.com\/lv\/wp-json\/wp\/v2\/media?parent=4438"}],"wp:term":[{"taxonomy":"quiz_answer_tag","embeddable":true,"href":"https:\/\/iluris.com\/lv\/wp-json\/wp\/v2\/skin_test_tag?post=4438"},{"taxonomy":"product_brand","embeddable":true,"href":"https:\/\/iluris.com\/lv\/wp-json\/wp\/v2\/product_brand?post=4438"},{"taxonomy":"product_cat","embeddable":true,"href":"https:\/\/iluris.com\/lv\/wp-json\/wp\/v2\/product_cat?post=4438"},{"taxonomy":"product_tag","embeddable":true,"href":"https:\/\/iluris.com\/lv\/wp-json\/wp\/v2\/product_tag?post=4438"}],"curies":[{"name":"wp","href":"https:\/\/api.w.org\/{rel}","templated":true}]}}