{"id":4417,"date":"2024-12-16T10:28:12","date_gmt":"2024-12-16T10:28:12","guid":{"rendered":"https:\/\/iluris.com\/?post_type=product&#038;p=4417"},"modified":"2026-01-22T18:30:42","modified_gmt":"2026-01-22T18:30:42","slug":"iiuris-lab-collagen-boost-serum-30-ml","status":"publish","type":"product","link":"https:\/\/iluris.com\/lv\/products\/iiuris-lab-collagen-boost-serum-30-ml\/","title":{"rendered":"iIuris Lab Collagen Boost Serum (30 ml)"},"content":{"rendered":"<p><strong>Apraksts<\/strong><br \/>\nUzlabojiet \u0101das elast\u012bbu un mitrin\u0101\u0161anu<strong> iluris Lab\u00a0 Collagen Boost Serum<\/strong>, designed to target fine lines and promote a youthful glow. This serum is formulated with powerful ingredients like sodium PCA, hyaluronic acid, and sunflower oil to replenish moisture , improve skin texture, and support anti-ageing care. Perfect for dehydrated and mature skin, it leaves your complexion smooth, plump, and radiant.<\/p>\n<p><strong>Galven\u0101s sast\u0101vda\u013cas un to priek\u0161roc\u012bbas:<\/strong><\/p>\n<ul>\n<li><strong>\u2022\tN\u0101trija PCA:<\/strong><br \/>\nDab\u012bgs mitrin\u0101t\u0101js, kas piesaista un saglab\u0101 mitrumu, uzlabojot \u0101das elast\u012bbu un hidrat\u0101ciju.<\/li>\n<li><strong>\u2022\tHialuronsk\u0101be:<\/strong><br \/>\nPalielina \u0101das mitruma l\u012bmeni, samazina s\u012bk\u0101s grumbi\u0146as un uzlabo \u0101das elast\u012bbu<\/li>\n<li><strong>\u2022\tSaulespu\u0137u e\u013c\u013ca:<\/strong><br \/>\nBag\u0101ta ar antioksidantiem un neaizvietojamaj\u0101m tauksk\u0101b\u0113m, t\u0101 baro \u0101du un pasarg\u0101 no apk\u0101rt\u0113j\u0101s vides kait\u012bg\u0101s ietekmes.<\/li>\n<\/ul>\n<p><strong>K\u0101p\u0113c izv\u0113l\u0113ties Iluris Collagen Boost Serum?<\/strong><\/p>\n<ul>\n<li>\u2022\tNodro\u0161ina intens\u012bvu mitrin\u0101\u0161anu dehidr\u0113tai \u0101dai.<\/li>\n<li>\u2022\tSamazina s\u012bko krunci\u0146u un grumbu redzam\u012bbu.<\/li>\n<li>\u2022\tAtbalsta jaunekl\u012bgas un revitaliz\u0113tas \u0101das izskatu.<\/li>\n<li>\u2022\tViegls, netaukains sast\u0101vs, kas piem\u0113rots ikdienas lieto\u0161anai<\/li>\n<\/ul>\n<p><strong>Lieto\u0161anas instrukcija:<\/strong><\/p>\n<ol>\n<li>1.\tUzkl\u0101jiet 2-3 pilienus seruma uz t\u012bras, sausas \u0101das.<\/li>\n<li>2.\tMaigi iemas\u0113jiet sej\u0101 un kakl\u0101, izmantojot aug\u0161upejo\u0161as kust\u012bbas<\/li>\n<li>3.\tLietojiet no r\u012bta un vakar\u0101 pirms mitrin\u0101t\u0101ja, lai ieg\u016btu lab\u0101kos rezult\u0101tus<\/li>\n<\/ol>\n<p>Rejuvenate your skin with <strong>Iluris Collagen Boost Serum<\/strong>\u2014your go-to solution for hydrated, youthful, and radiant skin.<\/p>\n<p>Ingredients \/ INCI<\/p>\n<p>Ingredients \/ INCI: Aqua, Glycerin<sup>\u2781<\/sup>, Caprylic\/Capric Triglyceride, Helianthus Annuus (Sunflower) Seed Oil<sup>\u2780<\/sup>, Pentylene Glycol, Cetearyl Alcohol, Glyceryl Stearate Citrate, Sodium PCA, Cellulose, Parfum, Hydrolyzed Hyaluronic Acid, Xanthan Gum, Glyceryl Caprylate, Nasturtium Officinale (Watercress) Flower\/Leaf Extract<sup>\u2780<\/sup>, Sambucus Nigra (Elder) Fruit Extract<sup>\u2780<\/sup>, Ascorbyl Palmitate, Sodium Hyaluronate, Sodium Phytate, Potassium Hydroxide, Linalool<sup>\u2782<\/sup>, Geraniol<sup>\u2782<\/sup>, Citronellol<sup>\u2782<\/sup><\/p>\n<p>\u2780 Ingredients from organic farming<br \/>\n\u2781 Made using organic ingredients<br \/>\n\u2782 From natural essential oils<\/p>","protected":false},"excerpt":{"rendered":"<p>4751048900154<\/p>\n<p>Uzlabojiet \u0101das elast\u012bbu un mitrin\u0101\u0161anu <strong>Iluris Collagen Boost Serum<\/strong>kas paredz\u0113ts, lai samazin\u0101tu s\u012bk\u0101s krunci\u0146as un veicin\u0101tu jaunekl\u012bgu mirdzumu. Serums satur t\u0101das iedarb\u012bgas sast\u0101vda\u013cas k\u0101 n\u0101trija PCA, hialuronsk\u0101bi un saulespu\u0137u e\u013c\u013cu, kas pal\u012bdz atjaunot mitruma l\u012bmeni, uzlabot \u0101das tekst\u016bru un nodro\u0161in\u0101t efekt\u012bvu anti-noveco\u0161an\u0101s kop\u0161anu. Ide\u0101li piem\u0113rots dehidr\u0113tai un nobriedu\u0161ai \u0101dai, atst\u0101jot to gludu, elast\u012bgu un starojo\u0161u.<\/p>","protected":false},"featured_media":4405,"comment_status":"open","ping_status":"closed","template":"","meta":{"_acf_changed":false},"skin_test_tag":[130,128,131,153,154,155,156,157,141,137,143,140,144,145,133,135,134,136,148,150,160,159,158,123,122,121,127,125],"product_brand":[],"product_cat":[87,43,46],"product_tag":[94,93,95],"class_list":{"0":"post-4417","1":"product","2":"type-product","3":"status-publish","4":"has-post-thumbnail","6":"quiz_answer_tag-after-cleansing-comfortable-feeling","7":"quiz_answer_tag-after-cleansing-slight-tightness","8":"quiz_answer_tag-after-cleansing-sometimes-itching","9":"quiz_answer_tag-age-19-28","10":"quiz_answer_tag-age-29-40","11":"quiz_answer_tag-age-41-51","12":"quiz_answer_tag-age-52-65","13":"quiz_answer_tag-age-65","14":"quiz_answer_tag-goal-anti-age-care-maintaining-firmness-and-elasticity","15":"quiz_answer_tag-goal-eliminating-dryness-and-tightness","16":"quiz_answer_tag-goal-giving-the-skin-a-natural-glow-and-healthy-tone","17":"quiz_answer_tag-goal-product-selection-for-normal-balanced-skin","18":"quiz_answer_tag-goal-product-selection-for-sensitive-irritation-prone-skin","19":"quiz_answer_tag-goal-product-selection-for-skin-with-couperose-and-redness","20":"quiz_answer_tag-makeup-full-coverage-foundation-every-day","21":"quiz_answer_tag-makeup-i-dont-use-any","22":"quiz_answer_tag-makeup-light-bb-cc-cream-every-day","23":"quiz_answer_tag-makeup-very-rarely","24":"quiz_answer_tag-preference-fragrance-free","25":"quiz_answer_tag-preference-i-prefer-serums-instead-of-creams","26":"quiz_answer_tag-routine-depending-on-my-mood","27":"quiz_answer_tag-routine-no-simple-routine","28":"quiz_answer_tag-routine-yes-multi-step","29":"quiz_answer_tag-skin-type-combination-oily-t-zone-dry-cheeks","30":"quiz_answer_tag-skin-type-dry","31":"quiz_answer_tag-skin-type-normal","32":"quiz_answer_tag-skin-type-redness-couperose","33":"quiz_answer_tag-skin-type-sensitive","34":"product_cat-all","35":"product_cat-face-care","36":"product_cat-serums","37":"product_tag-all-skin-types","38":"product_tag-dry","39":"product_tag-mature","41":"first","42":"instock","43":"taxable","44":"shipping-taxable","45":"purchasable","46":"product-type-simple"},"acf":[],"yoast_head":"<!-- This site is optimized with the Yoast SEO plugin v27.4 - https:\/\/yoast.com\/product\/yoast-seo-wordpress\/ -->\n<title>iIuris Lab Collagen Boost Serum (30 ml) - Iluris<\/title>\n<meta name=\"description\" content=\"Discover Collagen Serum, an advanced skincare solution designed to boost skin elasticity, reduce fine lines, and restore a youthful glow. This hydrating and nourishing serum promotes collagen production, helping to firm, smooth, and rejuvenate your skin. Ideal for daily use, it enhances skin radiance, deeply moisturizes, and supports a healthy, youthful complexion. Perfect for anyone seeking softer, firmer, and visibly younger-looking skin.\" \/>\n<meta name=\"robots\" content=\"index, follow, max-snippet:-1, max-image-preview:large, max-video-preview:-1\" \/>\n<link rel=\"canonical\" href=\"https:\/\/iluris.com\/lv\/products\/iiuris-lab-collagen-boost-serum-30-ml\/\" \/>\n<meta property=\"og:locale\" content=\"lv_LV\" \/>\n<meta property=\"og:type\" content=\"article\" \/>\n<meta property=\"og:title\" content=\"iIuris Lab Collagen Boost Serum (30 ml) - Iluris\" \/>\n<meta property=\"og:description\" content=\"Discover Collagen Serum, an advanced skincare solution designed to boost skin elasticity, reduce fine lines, and restore a youthful glow. This hydrating and nourishing serum promotes collagen production, helping to firm, smooth, and rejuvenate your skin. Ideal for daily use, it enhances skin radiance, deeply moisturizes, and supports a healthy, youthful complexion. Perfect for anyone seeking softer, firmer, and visibly younger-looking skin.\" \/>\n<meta property=\"og:url\" content=\"https:\/\/iluris.com\/lv\/products\/iiuris-lab-collagen-boost-serum-30-ml\/\" \/>\n<meta property=\"og:site_name\" content=\"Iluris\" \/>\n<meta property=\"article:modified_time\" content=\"2026-01-22T18:30:42+00:00\" \/>\n<meta property=\"og:image\" content=\"https:\/\/iluris.com\/wp-content\/uploads\/2024\/12\/FRONT-WITHOUT-BOX_high_res-7-scaled.jpg\" \/>\n\t<meta property=\"og:image:width\" content=\"1930\" \/>\n\t<meta property=\"og:image:height\" content=\"2560\" \/>\n\t<meta property=\"og:image:type\" content=\"image\/jpeg\" \/>\n<meta name=\"twitter:card\" content=\"summary_large_image\" \/>\n<meta name=\"twitter:label1\" content=\"Est. reading time\" \/>\n\t<meta name=\"twitter:data1\" content=\"2 min\u016btes\" \/>\n<script type=\"application\/ld+json\" class=\"yoast-schema-graph\">{\"@context\":\"https:\\\/\\\/schema.org\",\"@graph\":[{\"@type\":\"WebPage\",\"@id\":\"https:\\\/\\\/iluris.com\\\/product\\\/iiuris-lab-collagen-boost-serum-30-ml\\\/\",\"url\":\"https:\\\/\\\/iluris.com\\\/product\\\/iiuris-lab-collagen-boost-serum-30-ml\\\/\",\"name\":\"iIuris Lab Collagen Boost Serum (30 ml) - Iluris\",\"isPartOf\":{\"@id\":\"https:\\\/\\\/iluris.com\\\/#website\"},\"primaryImageOfPage\":{\"@id\":\"https:\\\/\\\/iluris.com\\\/product\\\/iiuris-lab-collagen-boost-serum-30-ml\\\/#primaryimage\"},\"image\":{\"@id\":\"https:\\\/\\\/iluris.com\\\/product\\\/iiuris-lab-collagen-boost-serum-30-ml\\\/#primaryimage\"},\"thumbnailUrl\":\"https:\\\/\\\/iluris.com\\\/wp-content\\\/uploads\\\/2024\\\/12\\\/FRONT-WITHOUT-BOX_high_res-7-scaled.jpg\",\"datePublished\":\"2024-12-16T10:28:12+00:00\",\"dateModified\":\"2026-01-22T18:30:42+00:00\",\"description\":\"Discover Collagen Serum, an advanced skincare solution designed to boost skin elasticity, reduce fine lines, and restore a youthful glow. This hydrating and nourishing serum promotes collagen production, helping to firm, smooth, and rejuvenate your skin. Ideal for daily use, it enhances skin radiance, deeply moisturizes, and supports a healthy, youthful complexion. Perfect for anyone seeking softer, firmer, and visibly younger-looking skin.\",\"breadcrumb\":{\"@id\":\"https:\\\/\\\/iluris.com\\\/product\\\/iiuris-lab-collagen-boost-serum-30-ml\\\/#breadcrumb\"},\"inLanguage\":\"lv-LV\",\"potentialAction\":[{\"@type\":\"ReadAction\",\"target\":[\"https:\\\/\\\/iluris.com\\\/product\\\/iiuris-lab-collagen-boost-serum-30-ml\\\/\"]}]},{\"@type\":\"ImageObject\",\"inLanguage\":\"lv-LV\",\"@id\":\"https:\\\/\\\/iluris.com\\\/product\\\/iiuris-lab-collagen-boost-serum-30-ml\\\/#primaryimage\",\"url\":\"https:\\\/\\\/iluris.com\\\/wp-content\\\/uploads\\\/2024\\\/12\\\/FRONT-WITHOUT-BOX_high_res-7-scaled.jpg\",\"contentUrl\":\"https:\\\/\\\/iluris.com\\\/wp-content\\\/uploads\\\/2024\\\/12\\\/FRONT-WITHOUT-BOX_high_res-7-scaled.jpg\",\"width\":1930,\"height\":2560},{\"@type\":\"BreadcrumbList\",\"@id\":\"https:\\\/\\\/iluris.com\\\/product\\\/iiuris-lab-collagen-boost-serum-30-ml\\\/#breadcrumb\",\"itemListElement\":[{\"@type\":\"ListItem\",\"position\":1,\"name\":\"Home\",\"item\":\"https:\\\/\\\/iluris.com\\\/\"},{\"@type\":\"ListItem\",\"position\":2,\"name\":\"Products\",\"item\":\"https:\\\/\\\/iluris.com\\\/shop-3__trashed\\\/\"},{\"@type\":\"ListItem\",\"position\":3,\"name\":\"iIuris Lab Collagen Boost Serum (30 ml)\"}]},{\"@type\":\"WebSite\",\"@id\":\"https:\\\/\\\/iluris.com\\\/#website\",\"url\":\"https:\\\/\\\/iluris.com\\\/\",\"name\":\"Iluris\",\"description\":\"iluris Lab: Where science meet nature\",\"publisher\":{\"@id\":\"https:\\\/\\\/iluris.com\\\/#organization\"},\"potentialAction\":[{\"@type\":\"SearchAction\",\"target\":{\"@type\":\"EntryPoint\",\"urlTemplate\":\"https:\\\/\\\/iluris.com\\\/?s={search_term_string}\"},\"query-input\":{\"@type\":\"PropertyValueSpecification\",\"valueRequired\":true,\"valueName\":\"search_term_string\"}}],\"inLanguage\":\"lv-LV\"},{\"@type\":\"Organization\",\"@id\":\"https:\\\/\\\/iluris.com\\\/#organization\",\"name\":\"Iluris\",\"url\":\"https:\\\/\\\/iluris.com\\\/\",\"logo\":{\"@type\":\"ImageObject\",\"inLanguage\":\"lv-LV\",\"@id\":\"https:\\\/\\\/iluris.com\\\/#\\\/schema\\\/logo\\\/image\\\/\",\"url\":\"https:\\\/\\\/iluris.com\\\/wp-content\\\/uploads\\\/2024\\\/12\\\/cropped-d_grey.png\",\"contentUrl\":\"https:\\\/\\\/iluris.com\\\/wp-content\\\/uploads\\\/2024\\\/12\\\/cropped-d_grey.png\",\"width\":512,\"height\":512,\"caption\":\"Iluris\"},\"image\":{\"@id\":\"https:\\\/\\\/iluris.com\\\/#\\\/schema\\\/logo\\\/image\\\/\"}}]}<\/script>\n<!-- \/ Yoast SEO plugin. -->","yoast_head_json":{"title":"iIuris Lab Collagen Boost Serum (30 ml) - Iluris","description":"Discover Collagen Serum, an advanced skincare solution designed to boost skin elasticity, reduce fine lines, and restore a youthful glow. This hydrating and nourishing serum promotes collagen production, helping to firm, smooth, and rejuvenate your skin. Ideal for daily use, it enhances skin radiance, deeply moisturizes, and supports a healthy, youthful complexion. Perfect for anyone seeking softer, firmer, and visibly younger-looking skin.","robots":{"index":"index","follow":"follow","max-snippet":"max-snippet:-1","max-image-preview":"max-image-preview:large","max-video-preview":"max-video-preview:-1"},"canonical":"https:\/\/iluris.com\/lv\/products\/iiuris-lab-collagen-boost-serum-30-ml\/","og_locale":"lv_LV","og_type":"article","og_title":"iIuris Lab Collagen Boost Serum (30 ml) - Iluris","og_description":"Discover Collagen Serum, an advanced skincare solution designed to boost skin elasticity, reduce fine lines, and restore a youthful glow. This hydrating and nourishing serum promotes collagen production, helping to firm, smooth, and rejuvenate your skin. Ideal for daily use, it enhances skin radiance, deeply moisturizes, and supports a healthy, youthful complexion. Perfect for anyone seeking softer, firmer, and visibly younger-looking skin.","og_url":"https:\/\/iluris.com\/lv\/products\/iiuris-lab-collagen-boost-serum-30-ml\/","og_site_name":"Iluris","article_modified_time":"2026-01-22T18:30:42+00:00","og_image":[{"width":1930,"height":2560,"url":"https:\/\/iluris.com\/wp-content\/uploads\/2024\/12\/FRONT-WITHOUT-BOX_high_res-7-scaled.jpg","type":"image\/jpeg"}],"twitter_card":"summary_large_image","twitter_misc":{"Est. reading time":"2 min\u016btes"},"schema":{"@context":"https:\/\/schema.org","@graph":[{"@type":"WebPage","@id":"https:\/\/iluris.com\/product\/iiuris-lab-collagen-boost-serum-30-ml\/","url":"https:\/\/iluris.com\/product\/iiuris-lab-collagen-boost-serum-30-ml\/","name":"iIuris Lab Collagen Boost Serum (30 ml) - Iluris","isPartOf":{"@id":"https:\/\/iluris.com\/#website"},"primaryImageOfPage":{"@id":"https:\/\/iluris.com\/product\/iiuris-lab-collagen-boost-serum-30-ml\/#primaryimage"},"image":{"@id":"https:\/\/iluris.com\/product\/iiuris-lab-collagen-boost-serum-30-ml\/#primaryimage"},"thumbnailUrl":"https:\/\/iluris.com\/wp-content\/uploads\/2024\/12\/FRONT-WITHOUT-BOX_high_res-7-scaled.jpg","datePublished":"2024-12-16T10:28:12+00:00","dateModified":"2026-01-22T18:30:42+00:00","description":"Discover Collagen Serum, an advanced skincare solution designed to boost skin elasticity, reduce fine lines, and restore a youthful glow. This hydrating and nourishing serum promotes collagen production, helping to firm, smooth, and rejuvenate your skin. Ideal for daily use, it enhances skin radiance, deeply moisturizes, and supports a healthy, youthful complexion. Perfect for anyone seeking softer, firmer, and visibly younger-looking skin.","breadcrumb":{"@id":"https:\/\/iluris.com\/product\/iiuris-lab-collagen-boost-serum-30-ml\/#breadcrumb"},"inLanguage":"lv-LV","potentialAction":[{"@type":"ReadAction","target":["https:\/\/iluris.com\/product\/iiuris-lab-collagen-boost-serum-30-ml\/"]}]},{"@type":"ImageObject","inLanguage":"lv-LV","@id":"https:\/\/iluris.com\/product\/iiuris-lab-collagen-boost-serum-30-ml\/#primaryimage","url":"https:\/\/iluris.com\/wp-content\/uploads\/2024\/12\/FRONT-WITHOUT-BOX_high_res-7-scaled.jpg","contentUrl":"https:\/\/iluris.com\/wp-content\/uploads\/2024\/12\/FRONT-WITHOUT-BOX_high_res-7-scaled.jpg","width":1930,"height":2560},{"@type":"BreadcrumbList","@id":"https:\/\/iluris.com\/product\/iiuris-lab-collagen-boost-serum-30-ml\/#breadcrumb","itemListElement":[{"@type":"ListItem","position":1,"name":"Home","item":"https:\/\/iluris.com\/"},{"@type":"ListItem","position":2,"name":"Products","item":"https:\/\/iluris.com\/shop-3__trashed\/"},{"@type":"ListItem","position":3,"name":"iIuris Lab Collagen Boost Serum (30 ml)"}]},{"@type":"WebSite","@id":"https:\/\/iluris.com\/#website","url":"https:\/\/iluris.com\/","name":"Iluris","description":"Iluris Lab: Kur zin\u0101tne satiekas ar dabu.","publisher":{"@id":"https:\/\/iluris.com\/#organization"},"potentialAction":[{"@type":"SearchAction","target":{"@type":"EntryPoint","urlTemplate":"https:\/\/iluris.com\/?s={search_term_string}"},"query-input":{"@type":"PropertyValueSpecification","valueRequired":true,"valueName":"search_term_string"}}],"inLanguage":"lv-LV"},{"@type":"Organization","@id":"https:\/\/iluris.com\/#organization","name":"Iluris","url":"https:\/\/iluris.com\/","logo":{"@type":"ImageObject","inLanguage":"lv-LV","@id":"https:\/\/iluris.com\/#\/schema\/logo\/image\/","url":"https:\/\/iluris.com\/wp-content\/uploads\/2024\/12\/cropped-d_grey.png","contentUrl":"https:\/\/iluris.com\/wp-content\/uploads\/2024\/12\/cropped-d_grey.png","width":512,"height":512,"caption":"Iluris"},"image":{"@id":"https:\/\/iluris.com\/#\/schema\/logo\/image\/"}}]}},"_links":{"self":[{"href":"https:\/\/iluris.com\/lv\/wp-json\/wp\/v2\/product\/4417","targetHints":{"allow":["GET"]}}],"collection":[{"href":"https:\/\/iluris.com\/lv\/wp-json\/wp\/v2\/product"}],"about":[{"href":"https:\/\/iluris.com\/lv\/wp-json\/wp\/v2\/types\/product"}],"replies":[{"embeddable":true,"href":"https:\/\/iluris.com\/lv\/wp-json\/wp\/v2\/comments?post=4417"}],"wp:featuredmedia":[{"embeddable":true,"href":"https:\/\/iluris.com\/lv\/wp-json\/wp\/v2\/media\/4405"}],"wp:attachment":[{"href":"https:\/\/iluris.com\/lv\/wp-json\/wp\/v2\/media?parent=4417"}],"wp:term":[{"taxonomy":"quiz_answer_tag","embeddable":true,"href":"https:\/\/iluris.com\/lv\/wp-json\/wp\/v2\/skin_test_tag?post=4417"},{"taxonomy":"product_brand","embeddable":true,"href":"https:\/\/iluris.com\/lv\/wp-json\/wp\/v2\/product_brand?post=4417"},{"taxonomy":"product_cat","embeddable":true,"href":"https:\/\/iluris.com\/lv\/wp-json\/wp\/v2\/product_cat?post=4417"},{"taxonomy":"product_tag","embeddable":true,"href":"https:\/\/iluris.com\/lv\/wp-json\/wp\/v2\/product_tag?post=4417"}],"curies":[{"name":"wp","href":"https:\/\/api.w.org\/{rel}","templated":true}]}}