{"id":4402,"date":"2024-12-15T20:49:32","date_gmt":"2024-12-15T20:49:32","guid":{"rendered":"https:\/\/iluris.com\/?post_type=product&#038;p=4402"},"modified":"2026-04-06T16:49:59","modified_gmt":"2026-04-06T16:49:59","slug":"iluris-lab-hand-body-wash-ginger-smoky-cardamom-490-ml","status":"publish","type":"product","link":"https:\/\/iluris.com\/lv\/products\/iluris-lab-hand-body-wash-ginger-smoky-cardamom-490-ml\/","title":{"rendered":"iluris Lab Hand &#038; Body Wash \u2013 Ginger &#038; Smoky Cardamom 490 ml"},"content":{"rendered":"<p><strong>Apraksts<\/strong><br \/>\nExperience a revitalizing cleanse with <strong>iluris Lab Hand &amp; Body Wash<\/strong>kura sast\u0101v\u0101 ir dz\u012bvino\u0161\u0101s ingvera un d\u016bmakain\u0101 kardamona notis. \u0160\u012b saudz\u012bg\u0101, veg\u0101niem piem\u0113rot\u0101 formula mitrina \u0101du, efekt\u012bvi no\u0146emot net\u012brumus un atst\u0101jot to maigu, svaigu un viegli aromatiz\u0113tu. Piem\u0113rots ikdienas lieto\u0161anai un visiem \u0101das tipiem, nodro\u0161inot nomierino\u0161u un barojo\u0161u kop\u0161anu<\/p>\n<p><strong>Key Benefits:<\/strong><\/p>\n<ul>\n<li class=\"translation-block\">\u2022\tMitrino\u0161a formula: Uztur \u0101das dabisko mitrumu, nov\u0113r\u0161ot sausumu<\/li>\n<li><strong>Gentle on Skin:<\/strong> Suitable for all skin types, even sensitive ones.<\/li>\n<li class=\"translation-block\">\u2022\tVeg\u0101niem draudz\u012bgs: Izgatavots no augu izcelsmes sast\u0101vda\u013c\u0101m, nesatur dz\u012bvnieku izcelsmes produktus.<\/li>\n<li><strong>Invigorating Fragrance:<\/strong> Combines the warmth of smoky cardamom with the zing of fresh ginger for an energizing aroma.<\/li>\n<\/ul>\n<p><strong>Lieto\u0161anas instrukcija:<\/strong><\/p>\n<ol>\n<li>Uzkl\u0101jiet nelielu daudzumu uz mitr\u0101m rok\u0101m vai \u0137erme\u0146a.<\/li>\n<li>Massage into a lather and rinse thoroughly with warm water.<\/li>\n<li>Use daily for clean, hydrated, and refreshed skin.<\/li>\n<\/ol>\n<p><strong>Iluris Lab Hand &amp; Body Wash \u2013 Ginger &amp; Smoky Cardamom<\/strong> offers a luxurious cleansing experience, combining hydration with a sophisticated and energizing scent.<\/p>","protected":false},"excerpt":{"rendered":"<table width=\"219\">\n<tbody>\n<tr>\n<td width=\"219\">4751048900130<\/td>\n<\/tr>\n<\/tbody>\n<\/table>\n<p>Experience a revitalizing cleanse with <strong>Iluris Lab Hand &amp; Body Wash<\/strong>kura sast\u0101v\u0101 ir dz\u012bvino\u0161\u0101s ingvera un d\u016bmakain\u0101 kardamona notis. \u0160\u012b saudz\u012bg\u0101, veg\u0101niem piem\u0113rot\u0101 formula mitrina \u0101du, efekt\u012bvi no\u0146emot net\u012brumus un atst\u0101jot to maigu, svaigu un viegli aromatiz\u0113tu. Piem\u0113rots ikdienas lieto\u0161anai un visiem \u0101das tipiem, nodro\u0161inot nomierino\u0161u un barojo\u0161u kop\u0161anu<\/p>","protected":false},"featured_media":4404,"comment_status":"open","ping_status":"closed","template":"","meta":{"_acf_changed":false},"skin_test_tag":[],"product_brand":[],"product_cat":[87,45],"product_tag":[88],"class_list":{"0":"post-4402","1":"product","2":"type-product","3":"status-publish","4":"has-post-thumbnail","6":"product_cat-all","7":"product_cat-body-care","8":"product_tag-showergel","9":"new","11":"first","12":"instock","13":"sale","14":"taxable","15":"shipping-taxable","16":"purchasable","17":"product-type-simple"},"acf":[],"yoast_head":"<!-- This site is optimized with the Yoast SEO plugin v27.4 - https:\/\/yoast.com\/product\/yoast-seo-wordpress\/ -->\n<title>iluris Lab Hand &amp; Body Wash \u2013 Ginger &amp; Smoky Cardamom 490 ml - Iluris<\/title>\n<meta name=\"description\" content=\"Hand &amp; Body Wash Shower Gel is a natural, gentle cleanser designed to refresh and nourish your skin. This moisturizing body wash effectively removes dirt and impurities while keeping skin hydrated and soft. Perfect for daily use, it promotes smooth, healthy, and radiant skin. Infused with natural ingredients, it provides a luxurious shower experience, leaving your hands and body feeling revitalized, silky, and naturally glowing.\" \/>\n<meta name=\"robots\" content=\"index, follow, max-snippet:-1, max-image-preview:large, max-video-preview:-1\" \/>\n<link rel=\"canonical\" href=\"https:\/\/iluris.com\/lv\/products\/iluris-lab-hand-body-wash-ginger-smoky-cardamom-490-ml\/\" \/>\n<meta property=\"og:locale\" content=\"lv_LV\" \/>\n<meta property=\"og:type\" content=\"article\" \/>\n<meta property=\"og:title\" content=\"iluris Lab Hand &amp; Body Wash \u2013 Ginger &amp; Smoky Cardamom 490 ml - Iluris\" \/>\n<meta property=\"og:description\" content=\"Hand &amp; Body Wash Shower Gel is a natural, gentle cleanser designed to refresh and nourish your skin. This moisturizing body wash effectively removes dirt and impurities while keeping skin hydrated and soft. Perfect for daily use, it promotes smooth, healthy, and radiant skin. Infused with natural ingredients, it provides a luxurious shower experience, leaving your hands and body feeling revitalized, silky, and naturally glowing.\" \/>\n<meta property=\"og:url\" content=\"https:\/\/iluris.com\/lv\/products\/iluris-lab-hand-body-wash-ginger-smoky-cardamom-490-ml\/\" \/>\n<meta property=\"og:site_name\" content=\"Iluris\" \/>\n<meta property=\"article:modified_time\" content=\"2026-04-06T16:49:59+00:00\" \/>\n<meta property=\"og:image\" content=\"https:\/\/iluris.com\/wp-content\/uploads\/2024\/12\/FRONT_high_recardamon-scaled.jpg\" \/>\n\t<meta property=\"og:image:width\" content=\"1930\" \/>\n\t<meta property=\"og:image:height\" content=\"2560\" \/>\n\t<meta property=\"og:image:type\" content=\"image\/jpeg\" \/>\n<meta name=\"twitter:card\" content=\"summary_large_image\" \/>\n<meta name=\"twitter:label1\" content=\"Est. reading time\" \/>\n\t<meta name=\"twitter:data1\" content=\"1 min\u016bte\" \/>\n<script type=\"application\/ld+json\" class=\"yoast-schema-graph\">{\"@context\":\"https:\\\/\\\/schema.org\",\"@graph\":[{\"@type\":\"WebPage\",\"@id\":\"https:\\\/\\\/iluris.com\\\/product\\\/iluris-lab-hand-body-wash-ginger-smoky-cardamom-490-ml\\\/\",\"url\":\"https:\\\/\\\/iluris.com\\\/product\\\/iluris-lab-hand-body-wash-ginger-smoky-cardamom-490-ml\\\/\",\"name\":\"iluris Lab Hand & Body Wash \u2013 Ginger & Smoky Cardamom 490 ml - Iluris\",\"isPartOf\":{\"@id\":\"https:\\\/\\\/iluris.com\\\/#website\"},\"primaryImageOfPage\":{\"@id\":\"https:\\\/\\\/iluris.com\\\/product\\\/iluris-lab-hand-body-wash-ginger-smoky-cardamom-490-ml\\\/#primaryimage\"},\"image\":{\"@id\":\"https:\\\/\\\/iluris.com\\\/product\\\/iluris-lab-hand-body-wash-ginger-smoky-cardamom-490-ml\\\/#primaryimage\"},\"thumbnailUrl\":\"https:\\\/\\\/iluris.com\\\/wp-content\\\/uploads\\\/2024\\\/12\\\/FRONT_high_recardamon-scaled.jpg\",\"datePublished\":\"2024-12-15T20:49:32+00:00\",\"dateModified\":\"2026-04-06T16:49:59+00:00\",\"description\":\"Hand & Body Wash Shower Gel is a natural, gentle cleanser designed to refresh and nourish your skin. This moisturizing body wash effectively removes dirt and impurities while keeping skin hydrated and soft. Perfect for daily use, it promotes smooth, healthy, and radiant skin. Infused with natural ingredients, it provides a luxurious shower experience, leaving your hands and body feeling revitalized, silky, and naturally glowing.\",\"breadcrumb\":{\"@id\":\"https:\\\/\\\/iluris.com\\\/product\\\/iluris-lab-hand-body-wash-ginger-smoky-cardamom-490-ml\\\/#breadcrumb\"},\"inLanguage\":\"lv-LV\",\"potentialAction\":[{\"@type\":\"ReadAction\",\"target\":[\"https:\\\/\\\/iluris.com\\\/product\\\/iluris-lab-hand-body-wash-ginger-smoky-cardamom-490-ml\\\/\"]}]},{\"@type\":\"ImageObject\",\"inLanguage\":\"lv-LV\",\"@id\":\"https:\\\/\\\/iluris.com\\\/product\\\/iluris-lab-hand-body-wash-ginger-smoky-cardamom-490-ml\\\/#primaryimage\",\"url\":\"https:\\\/\\\/iluris.com\\\/wp-content\\\/uploads\\\/2024\\\/12\\\/FRONT_high_recardamon-scaled.jpg\",\"contentUrl\":\"https:\\\/\\\/iluris.com\\\/wp-content\\\/uploads\\\/2024\\\/12\\\/FRONT_high_recardamon-scaled.jpg\",\"width\":1930,\"height\":2560},{\"@type\":\"BreadcrumbList\",\"@id\":\"https:\\\/\\\/iluris.com\\\/product\\\/iluris-lab-hand-body-wash-ginger-smoky-cardamom-490-ml\\\/#breadcrumb\",\"itemListElement\":[{\"@type\":\"ListItem\",\"position\":1,\"name\":\"Home\",\"item\":\"https:\\\/\\\/iluris.com\\\/\"},{\"@type\":\"ListItem\",\"position\":2,\"name\":\"Products\",\"item\":\"https:\\\/\\\/iluris.com\\\/shop-3__trashed\\\/\"},{\"@type\":\"ListItem\",\"position\":3,\"name\":\"iluris Lab Hand &#038; Body Wash \u2013 Ginger &#038; Smoky Cardamom 490 ml\"}]},{\"@type\":\"WebSite\",\"@id\":\"https:\\\/\\\/iluris.com\\\/#website\",\"url\":\"https:\\\/\\\/iluris.com\\\/\",\"name\":\"Iluris\",\"description\":\"iluris Lab: Where science meet nature\",\"publisher\":{\"@id\":\"https:\\\/\\\/iluris.com\\\/#organization\"},\"potentialAction\":[{\"@type\":\"SearchAction\",\"target\":{\"@type\":\"EntryPoint\",\"urlTemplate\":\"https:\\\/\\\/iluris.com\\\/?s={search_term_string}\"},\"query-input\":{\"@type\":\"PropertyValueSpecification\",\"valueRequired\":true,\"valueName\":\"search_term_string\"}}],\"inLanguage\":\"lv-LV\"},{\"@type\":\"Organization\",\"@id\":\"https:\\\/\\\/iluris.com\\\/#organization\",\"name\":\"Iluris\",\"url\":\"https:\\\/\\\/iluris.com\\\/\",\"logo\":{\"@type\":\"ImageObject\",\"inLanguage\":\"lv-LV\",\"@id\":\"https:\\\/\\\/iluris.com\\\/#\\\/schema\\\/logo\\\/image\\\/\",\"url\":\"https:\\\/\\\/iluris.com\\\/wp-content\\\/uploads\\\/2024\\\/12\\\/cropped-d_grey.png\",\"contentUrl\":\"https:\\\/\\\/iluris.com\\\/wp-content\\\/uploads\\\/2024\\\/12\\\/cropped-d_grey.png\",\"width\":512,\"height\":512,\"caption\":\"Iluris\"},\"image\":{\"@id\":\"https:\\\/\\\/iluris.com\\\/#\\\/schema\\\/logo\\\/image\\\/\"}}]}<\/script>\n<!-- \/ Yoast SEO plugin. -->","yoast_head_json":{"title":"iluris Lab Hand & Body Wash \u2013 Ginger & Smoky Cardamom 490 ml - Iluris","description":"Hand & Body Wash Shower Gel is a natural, gentle cleanser designed to refresh and nourish your skin. This moisturizing body wash effectively removes dirt and impurities while keeping skin hydrated and soft. Perfect for daily use, it promotes smooth, healthy, and radiant skin. Infused with natural ingredients, it provides a luxurious shower experience, leaving your hands and body feeling revitalized, silky, and naturally glowing.","robots":{"index":"index","follow":"follow","max-snippet":"max-snippet:-1","max-image-preview":"max-image-preview:large","max-video-preview":"max-video-preview:-1"},"canonical":"https:\/\/iluris.com\/lv\/products\/iluris-lab-hand-body-wash-ginger-smoky-cardamom-490-ml\/","og_locale":"lv_LV","og_type":"article","og_title":"iluris Lab Hand & Body Wash \u2013 Ginger & Smoky Cardamom 490 ml - Iluris","og_description":"Hand & Body Wash Shower Gel is a natural, gentle cleanser designed to refresh and nourish your skin. This moisturizing body wash effectively removes dirt and impurities while keeping skin hydrated and soft. Perfect for daily use, it promotes smooth, healthy, and radiant skin. Infused with natural ingredients, it provides a luxurious shower experience, leaving your hands and body feeling revitalized, silky, and naturally glowing.","og_url":"https:\/\/iluris.com\/lv\/products\/iluris-lab-hand-body-wash-ginger-smoky-cardamom-490-ml\/","og_site_name":"Iluris","article_modified_time":"2026-04-06T16:49:59+00:00","og_image":[{"width":1930,"height":2560,"url":"https:\/\/iluris.com\/wp-content\/uploads\/2024\/12\/FRONT_high_recardamon-scaled.jpg","type":"image\/jpeg"}],"twitter_card":"summary_large_image","twitter_misc":{"Est. reading time":"1 min\u016bte"},"schema":{"@context":"https:\/\/schema.org","@graph":[{"@type":"WebPage","@id":"https:\/\/iluris.com\/product\/iluris-lab-hand-body-wash-ginger-smoky-cardamom-490-ml\/","url":"https:\/\/iluris.com\/product\/iluris-lab-hand-body-wash-ginger-smoky-cardamom-490-ml\/","name":"iluris Lab Hand & Body Wash \u2013 Ginger & Smoky Cardamom 490 ml - Iluris","isPartOf":{"@id":"https:\/\/iluris.com\/#website"},"primaryImageOfPage":{"@id":"https:\/\/iluris.com\/product\/iluris-lab-hand-body-wash-ginger-smoky-cardamom-490-ml\/#primaryimage"},"image":{"@id":"https:\/\/iluris.com\/product\/iluris-lab-hand-body-wash-ginger-smoky-cardamom-490-ml\/#primaryimage"},"thumbnailUrl":"https:\/\/iluris.com\/wp-content\/uploads\/2024\/12\/FRONT_high_recardamon-scaled.jpg","datePublished":"2024-12-15T20:49:32+00:00","dateModified":"2026-04-06T16:49:59+00:00","description":"Hand & Body Wash Shower Gel is a natural, gentle cleanser designed to refresh and nourish your skin. This moisturizing body wash effectively removes dirt and impurities while keeping skin hydrated and soft. Perfect for daily use, it promotes smooth, healthy, and radiant skin. Infused with natural ingredients, it provides a luxurious shower experience, leaving your hands and body feeling revitalized, silky, and naturally glowing.","breadcrumb":{"@id":"https:\/\/iluris.com\/product\/iluris-lab-hand-body-wash-ginger-smoky-cardamom-490-ml\/#breadcrumb"},"inLanguage":"lv-LV","potentialAction":[{"@type":"ReadAction","target":["https:\/\/iluris.com\/product\/iluris-lab-hand-body-wash-ginger-smoky-cardamom-490-ml\/"]}]},{"@type":"ImageObject","inLanguage":"lv-LV","@id":"https:\/\/iluris.com\/product\/iluris-lab-hand-body-wash-ginger-smoky-cardamom-490-ml\/#primaryimage","url":"https:\/\/iluris.com\/wp-content\/uploads\/2024\/12\/FRONT_high_recardamon-scaled.jpg","contentUrl":"https:\/\/iluris.com\/wp-content\/uploads\/2024\/12\/FRONT_high_recardamon-scaled.jpg","width":1930,"height":2560},{"@type":"BreadcrumbList","@id":"https:\/\/iluris.com\/product\/iluris-lab-hand-body-wash-ginger-smoky-cardamom-490-ml\/#breadcrumb","itemListElement":[{"@type":"ListItem","position":1,"name":"Home","item":"https:\/\/iluris.com\/"},{"@type":"ListItem","position":2,"name":"Products","item":"https:\/\/iluris.com\/shop-3__trashed\/"},{"@type":"ListItem","position":3,"name":"iluris Lab Hand &#038; Body Wash \u2013 Ginger &#038; Smoky Cardamom 490 ml"}]},{"@type":"WebSite","@id":"https:\/\/iluris.com\/#website","url":"https:\/\/iluris.com\/","name":"Iluris","description":"Iluris Lab: Kur zin\u0101tne satiekas ar dabu.","publisher":{"@id":"https:\/\/iluris.com\/#organization"},"potentialAction":[{"@type":"SearchAction","target":{"@type":"EntryPoint","urlTemplate":"https:\/\/iluris.com\/?s={search_term_string}"},"query-input":{"@type":"PropertyValueSpecification","valueRequired":true,"valueName":"search_term_string"}}],"inLanguage":"lv-LV"},{"@type":"Organization","@id":"https:\/\/iluris.com\/#organization","name":"Iluris","url":"https:\/\/iluris.com\/","logo":{"@type":"ImageObject","inLanguage":"lv-LV","@id":"https:\/\/iluris.com\/#\/schema\/logo\/image\/","url":"https:\/\/iluris.com\/wp-content\/uploads\/2024\/12\/cropped-d_grey.png","contentUrl":"https:\/\/iluris.com\/wp-content\/uploads\/2024\/12\/cropped-d_grey.png","width":512,"height":512,"caption":"Iluris"},"image":{"@id":"https:\/\/iluris.com\/#\/schema\/logo\/image\/"}}]}},"_links":{"self":[{"href":"https:\/\/iluris.com\/lv\/wp-json\/wp\/v2\/product\/4402","targetHints":{"allow":["GET"]}}],"collection":[{"href":"https:\/\/iluris.com\/lv\/wp-json\/wp\/v2\/product"}],"about":[{"href":"https:\/\/iluris.com\/lv\/wp-json\/wp\/v2\/types\/product"}],"replies":[{"embeddable":true,"href":"https:\/\/iluris.com\/lv\/wp-json\/wp\/v2\/comments?post=4402"}],"wp:featuredmedia":[{"embeddable":true,"href":"https:\/\/iluris.com\/lv\/wp-json\/wp\/v2\/media\/4404"}],"wp:attachment":[{"href":"https:\/\/iluris.com\/lv\/wp-json\/wp\/v2\/media?parent=4402"}],"wp:term":[{"taxonomy":"quiz_answer_tag","embeddable":true,"href":"https:\/\/iluris.com\/lv\/wp-json\/wp\/v2\/skin_test_tag?post=4402"},{"taxonomy":"product_brand","embeddable":true,"href":"https:\/\/iluris.com\/lv\/wp-json\/wp\/v2\/product_brand?post=4402"},{"taxonomy":"product_cat","embeddable":true,"href":"https:\/\/iluris.com\/lv\/wp-json\/wp\/v2\/product_cat?post=4402"},{"taxonomy":"product_tag","embeddable":true,"href":"https:\/\/iluris.com\/lv\/wp-json\/wp\/v2\/product_tag?post=4402"}],"curies":[{"name":"wp","href":"https:\/\/api.w.org\/{rel}","templated":true}]}}