{"id":4400,"date":"2024-12-15T20:15:46","date_gmt":"2024-12-15T20:15:46","guid":{"rendered":"https:\/\/iluris.com\/?post_type=product&#038;p=4400"},"modified":"2026-04-06T16:49:38","modified_gmt":"2026-04-06T16:49:38","slug":"iluris-lab-cleansing-foam-200-ml","status":"publish","type":"product","link":"https:\/\/iluris.com\/lv\/products\/iluris-lab-cleansing-foam-200-ml\/","title":{"rendered":"iluris lab Cleansing Foam 200 ml"},"content":{"rendered":"<p><strong>Apraksts<\/strong><br \/>\n<strong>Iluris lab Cleansing Foam<\/strong> ir maigs un efekt\u012bvs att\u012bro\u0161s l\u012bdzeklis, kas paredz\u0113ts net\u012brumu, liek\u0101 sebuma un kosm\u0113tikas no\u0146em\u0161anai, saglab\u0101jot \u0101das dabisko mitruma l\u012bmeni. Formula, kas bag\u0101tin\u0101ta ar ro\u017eu zied\u016bdeni, kumel\u012b\u0161u un kli\u0146\u0123er\u012b\u0161u ekstraktiem, nomierina, mitrina un atjauno \u0101du. Ide\u0101li piem\u0113rots ikdienas lieto\u0161anai, tas nodro\u0161ina svaigu un starojo\u0161u \u0101du, vienlaikus saudz\u012bgi iedarbojoties uz visiem \u0101das tipiem<\/p>\n<p><strong>Galven\u0101s sast\u0101vda\u013cas un to priek\u0161roc\u012bbas:<\/strong><\/p>\n<ul>\n<li><strong>\u2022\tRo\u017eu zied\u016bdens:<\/strong><br \/>\nPaz\u012bstams ar sav\u0101m nomierino\u0161aj\u0101m un mitrino\u0161aj\u0101m \u012bpa\u0161\u012bb\u0101m, pal\u012bdz l\u012bdzsvarot \u0101du un samazin\u0101t aps\u0101rtumu, pie\u0161\u0137irot tai svaigu un starojo\u0161u izskatu<\/li>\n<li><strong>\u2022\tKumel\u012b\u0161u ekstrakts<\/strong><br \/>\nDab\u012bgs pretiekaisuma l\u012bdzeklis, kas nomierina kairin\u0101tu \u0101du un veicina t\u0101s atjauno\u0161anos, \u012bpa\u0161i piem\u0113rots jut\u012bgai \u0101dai<\/li>\n<li><strong>\u2022\tKli\u0146\u0123er\u012b\u0161u ekstrakts:<\/strong><br \/>\nPaz\u012bstams ar sav\u0101m nomierino\u0161aj\u0101m un re\u0123ener\u0113jo\u0161aj\u0101m \u012bpa\u0161\u012bb\u0101m, kli\u0146\u0123er\u012b\u0161u ekstrakts aizsarg\u0101 un atjauno \u0101du, pie\u0161\u0137irot tai maigumu un elast\u012b<\/li>\n<\/ul>\n<p><strong>K\u0101p\u0113c izv\u0113l\u0113ties Iluris Cleansing Foam<\/strong><\/p>\n<ul>\n<li>\u2022\tMaigi no\u0146em net\u012brumus, taukus un kosm\u0113tiku, nesausinot \u0101du.\n\u2022\tBag\u0101tin\u0101ts ar dab\u012bg\u0101m, \u0101dai draudz\u012bg\u0101m sast\u0101vda\u013c\u0101m.\n\u2022\tPiem\u0113rots visiem \u0101das tipiem, tostarp jut\u012bgai un reakt\u012bvai \u0101dai.\n\u2022\tAtst\u0101j \u0101du maigu, mitrin\u0101tu un atjaunotu p\u0113c katras lieto\u0161anas reizes.<\/li>\n<li>Infused with natural, skin-loving ingredients for a nourishing cleanse.<\/li>\n<li>Perfect for all skin types, including sensitive and reactive skin.<\/li>\n<li>Leaves the skin feeling soft, hydrated, and rejuvenated after every use.<\/li>\n<\/ul>\n<p><strong>Lieto\u0161anas instrukcija:<\/strong><\/p>\n<ol>\n<li>Dispense a small amount of foam onto your palm.<\/li>\n<li>Gently massage onto damp skin in circular motions, avoiding the eye area.<\/li>\n<li>Rinse thoroughly with lukewarm water and pat dry.<\/li>\n<li>Turpiniet ar savu iecien\u012bt\u0101ko toniku un mitrino\u0161o kr\u0113mu, lai ieg\u016btu lab\u0101kos rezult\u0101tus.<\/li>\n<\/ol>\n<p>Pamper your skin with <strong>Iluris lab Cleansing Foam<\/strong>\u2014a perfect blend of nature and care for a healthier, more radiant you!<\/p>\n<ul>\n<li>Vegan<\/li>\n<li>Gluten Free<\/li>\n<li>Nut Free<\/li>\n<li>Natural Certified<\/li>\n<li>Allergen Label Free<\/li>\n<li>Ingredients \/ INCI<\/li>\n<li>Aqua, Cocamidopropyl Betaine, Rosa Damascena (Rose) Flower Water\u00a0<sup>\u2780<\/sup>, Glycerin, Sucrose Cocoate, Sodium Levulinate, Lactic Acid, Sodium Anisate, Calendula Officinalis (Calendula) Flower Extract<sup>\u2780<\/sup>, Chamomilla Recutita (Camomile) Flower Extract\u00a0<sup>\u2780<\/sup>, Parfum, Benzyl Alcohol, Sodium Benzoate, Potassium Sorbate<\/li>\n<li><sup>\u2780<\/sup>Ingredients from organic farming<\/li>\n<\/ul>\n<p>&nbsp;<\/p>","protected":false},"excerpt":{"rendered":"<table width=\"219\">\n<tbody>\n<tr>\n<td width=\"219\"><a href=\"https:\/\/gs1lv.org\/mygs1\/products\/101730742\/view\" data-toggle=\"tooltip\" data-placement=\"auto\" data-original-title=\"Skat\u012bt vair\u0101k\">4751048900048<\/a><\/td>\n<\/tr>\n<\/tbody>\n<\/table>\n<p><strong>Apraksts<\/strong><br \/>\n<strong>Iluris lab Cleansing Foam<\/strong> ir maigs un efekt\u012bvs att\u012bro\u0161s l\u012bdzeklis, kas paredz\u0113ts net\u012brumu, liek\u0101 sebuma un kosm\u0113tikas no\u0146em\u0161anai, saglab\u0101jot \u0101das dabisko mitruma l\u012bmeni. Formula, kas bag\u0101tin\u0101ta ar ro\u017eu zied\u016bdeni, kumel\u012b\u0161u un kli\u0146\u0123er\u012b\u0161u ekstraktiem, nomierina, mitrina un atjauno \u0101du. Ide\u0101li piem\u0113rots ikdienas lieto\u0161anai, tas nodro\u0161ina svaigu un starojo\u0161u \u0101du, vienlaikus saudz\u012bgi iedarbojoties uz visiem \u0101das tipiem<\/p>","protected":false},"featured_media":4398,"comment_status":"open","ping_status":"closed","template":"","meta":{"_acf_changed":false},"skin_test_tag":[130,128,131,152,153,154,155,156,157,137,143,140,144,145,133,135,134,136,148,149,146,160,159,158,123,122,121,127,125],"product_brand":[],"product_cat":[87,50,43],"product_tag":[90],"class_list":{"0":"post-4400","1":"product","2":"type-product","3":"status-publish","4":"has-post-thumbnail","6":"quiz_answer_tag-after-cleansing-comfortable-feeling","7":"quiz_answer_tag-after-cleansing-slight-tightness","8":"quiz_answer_tag-after-cleansing-sometimes-itching","9":"quiz_answer_tag-age-0-18","10":"quiz_answer_tag-age-19-28","11":"quiz_answer_tag-age-29-40","12":"quiz_answer_tag-age-41-51","13":"quiz_answer_tag-age-52-65","14":"quiz_answer_tag-age-65","15":"quiz_answer_tag-goal-eliminating-dryness-and-tightness","16":"quiz_answer_tag-goal-giving-the-skin-a-natural-glow-and-healthy-tone","17":"quiz_answer_tag-goal-product-selection-for-normal-balanced-skin","18":"quiz_answer_tag-goal-product-selection-for-sensitive-irritation-prone-skin","19":"quiz_answer_tag-goal-product-selection-for-skin-with-couperose-and-redness","20":"quiz_answer_tag-makeup-full-coverage-foundation-every-day","21":"quiz_answer_tag-makeup-i-dont-use-any","22":"quiz_answer_tag-makeup-light-bb-cc-cream-every-day","23":"quiz_answer_tag-makeup-very-rarely","24":"quiz_answer_tag-preference-fragrance-free","25":"quiz_answer_tag-preference-i-like-foaming-cleansers","26":"quiz_answer_tag-preference-lightweight-textures","27":"quiz_answer_tag-routine-depending-on-my-mood","28":"quiz_answer_tag-routine-no-simple-routine","29":"quiz_answer_tag-routine-yes-multi-step","30":"quiz_answer_tag-skin-type-combination-oily-t-zone-dry-cheeks","31":"quiz_answer_tag-skin-type-dry","32":"quiz_answer_tag-skin-type-normal","33":"quiz_answer_tag-skin-type-redness-couperose","34":"quiz_answer_tag-skin-type-sensitive","35":"product_cat-all","36":"product_cat-cleansing","37":"product_cat-face-care","38":"product_tag-foralltypesofskin","40":"first","41":"instock","42":"taxable","43":"shipping-taxable","44":"purchasable","45":"product-type-simple"},"acf":[],"yoast_head":"<!-- This site is optimized with the Yoast SEO plugin v27.4 - https:\/\/yoast.com\/product\/yoast-seo-wordpress\/ -->\n<title>iluris lab Cleansing Foam 200 ml - Iluris<\/title>\n<meta name=\"description\" content=\"Buy Cleansing Foam for oily, combination, and sensitive skin that gently removes makeup, dirt, and impurities while hydrating and refreshing your skin. This foaming cleanser purifies, balances, and softens your complexion. Buy now for clean, radiant, and healthy-looking skin every day as part of your skincare routine\" \/>\n<meta name=\"robots\" content=\"index, follow, max-snippet:-1, max-image-preview:large, max-video-preview:-1\" \/>\n<link rel=\"canonical\" href=\"https:\/\/iluris.com\/lv\/products\/iluris-lab-cleansing-foam-200-ml\/\" \/>\n<meta property=\"og:locale\" content=\"lv_LV\" \/>\n<meta property=\"og:type\" content=\"article\" \/>\n<meta property=\"og:title\" content=\"iluris lab Cleansing Foam 200 ml - Iluris\" \/>\n<meta property=\"og:description\" content=\"Buy Cleansing Foam for oily, combination, and sensitive skin that gently removes makeup, dirt, and impurities while hydrating and refreshing your skin. This foaming cleanser purifies, balances, and softens your complexion. Buy now for clean, radiant, and healthy-looking skin every day as part of your skincare routine\" \/>\n<meta property=\"og:url\" content=\"https:\/\/iluris.com\/lv\/products\/iluris-lab-cleansing-foam-200-ml\/\" \/>\n<meta property=\"og:site_name\" content=\"Iluris\" \/>\n<meta property=\"article:modified_time\" content=\"2026-04-06T16:49:38+00:00\" \/>\n<meta property=\"og:image\" content=\"https:\/\/iluris.com\/wp-content\/uploads\/2024\/12\/FRONT_high_res-44-scaled.jpg\" \/>\n\t<meta property=\"og:image:width\" content=\"1930\" \/>\n\t<meta property=\"og:image:height\" content=\"2560\" \/>\n\t<meta property=\"og:image:type\" content=\"image\/jpeg\" \/>\n<meta name=\"twitter:card\" content=\"summary_large_image\" \/>\n<meta name=\"twitter:label1\" content=\"Est. reading time\" \/>\n\t<meta name=\"twitter:data1\" content=\"2 min\u016btes\" \/>\n<script type=\"application\/ld+json\" class=\"yoast-schema-graph\">{\"@context\":\"https:\\\/\\\/schema.org\",\"@graph\":[{\"@type\":\"WebPage\",\"@id\":\"https:\\\/\\\/iluris.com\\\/product\\\/iluris-lab-cleansing-foam-200-ml\\\/\",\"url\":\"https:\\\/\\\/iluris.com\\\/product\\\/iluris-lab-cleansing-foam-200-ml\\\/\",\"name\":\"iluris lab Cleansing Foam 200 ml - Iluris\",\"isPartOf\":{\"@id\":\"https:\\\/\\\/iluris.com\\\/#website\"},\"primaryImageOfPage\":{\"@id\":\"https:\\\/\\\/iluris.com\\\/product\\\/iluris-lab-cleansing-foam-200-ml\\\/#primaryimage\"},\"image\":{\"@id\":\"https:\\\/\\\/iluris.com\\\/product\\\/iluris-lab-cleansing-foam-200-ml\\\/#primaryimage\"},\"thumbnailUrl\":\"https:\\\/\\\/iluris.com\\\/wp-content\\\/uploads\\\/2024\\\/12\\\/FRONT_high_res-44-scaled.jpg\",\"datePublished\":\"2024-12-15T20:15:46+00:00\",\"dateModified\":\"2026-04-06T16:49:38+00:00\",\"description\":\"Buy Cleansing Foam for oily, combination, and sensitive skin that gently removes makeup, dirt, and impurities while hydrating and refreshing your skin. This foaming cleanser purifies, balances, and softens your complexion. Buy now for clean, radiant, and healthy-looking skin every day as part of your skincare routine\",\"breadcrumb\":{\"@id\":\"https:\\\/\\\/iluris.com\\\/product\\\/iluris-lab-cleansing-foam-200-ml\\\/#breadcrumb\"},\"inLanguage\":\"lv-LV\",\"potentialAction\":[{\"@type\":\"ReadAction\",\"target\":[\"https:\\\/\\\/iluris.com\\\/product\\\/iluris-lab-cleansing-foam-200-ml\\\/\"]}]},{\"@type\":\"ImageObject\",\"inLanguage\":\"lv-LV\",\"@id\":\"https:\\\/\\\/iluris.com\\\/product\\\/iluris-lab-cleansing-foam-200-ml\\\/#primaryimage\",\"url\":\"https:\\\/\\\/iluris.com\\\/wp-content\\\/uploads\\\/2024\\\/12\\\/FRONT_high_res-44-scaled.jpg\",\"contentUrl\":\"https:\\\/\\\/iluris.com\\\/wp-content\\\/uploads\\\/2024\\\/12\\\/FRONT_high_res-44-scaled.jpg\",\"width\":1930,\"height\":2560},{\"@type\":\"BreadcrumbList\",\"@id\":\"https:\\\/\\\/iluris.com\\\/product\\\/iluris-lab-cleansing-foam-200-ml\\\/#breadcrumb\",\"itemListElement\":[{\"@type\":\"ListItem\",\"position\":1,\"name\":\"Home\",\"item\":\"https:\\\/\\\/iluris.com\\\/\"},{\"@type\":\"ListItem\",\"position\":2,\"name\":\"Products\",\"item\":\"https:\\\/\\\/iluris.com\\\/shop-3__trashed\\\/\"},{\"@type\":\"ListItem\",\"position\":3,\"name\":\"iluris lab Cleansing Foam 200 ml\"}]},{\"@type\":\"WebSite\",\"@id\":\"https:\\\/\\\/iluris.com\\\/#website\",\"url\":\"https:\\\/\\\/iluris.com\\\/\",\"name\":\"Iluris\",\"description\":\"iluris Lab: Where science meet nature\",\"publisher\":{\"@id\":\"https:\\\/\\\/iluris.com\\\/#organization\"},\"potentialAction\":[{\"@type\":\"SearchAction\",\"target\":{\"@type\":\"EntryPoint\",\"urlTemplate\":\"https:\\\/\\\/iluris.com\\\/?s={search_term_string}\"},\"query-input\":{\"@type\":\"PropertyValueSpecification\",\"valueRequired\":true,\"valueName\":\"search_term_string\"}}],\"inLanguage\":\"lv-LV\"},{\"@type\":\"Organization\",\"@id\":\"https:\\\/\\\/iluris.com\\\/#organization\",\"name\":\"Iluris\",\"url\":\"https:\\\/\\\/iluris.com\\\/\",\"logo\":{\"@type\":\"ImageObject\",\"inLanguage\":\"lv-LV\",\"@id\":\"https:\\\/\\\/iluris.com\\\/#\\\/schema\\\/logo\\\/image\\\/\",\"url\":\"https:\\\/\\\/iluris.com\\\/wp-content\\\/uploads\\\/2024\\\/12\\\/cropped-d_grey.png\",\"contentUrl\":\"https:\\\/\\\/iluris.com\\\/wp-content\\\/uploads\\\/2024\\\/12\\\/cropped-d_grey.png\",\"width\":512,\"height\":512,\"caption\":\"Iluris\"},\"image\":{\"@id\":\"https:\\\/\\\/iluris.com\\\/#\\\/schema\\\/logo\\\/image\\\/\"}}]}<\/script>\n<!-- \/ Yoast SEO plugin. -->","yoast_head_json":{"title":"iluris lab Cleansing Foam 200 ml - Iluris","description":"Buy Cleansing Foam for oily, combination, and sensitive skin that gently removes makeup, dirt, and impurities while hydrating and refreshing your skin. This foaming cleanser purifies, balances, and softens your complexion. Buy now for clean, radiant, and healthy-looking skin every day as part of your skincare routine","robots":{"index":"index","follow":"follow","max-snippet":"max-snippet:-1","max-image-preview":"max-image-preview:large","max-video-preview":"max-video-preview:-1"},"canonical":"https:\/\/iluris.com\/lv\/products\/iluris-lab-cleansing-foam-200-ml\/","og_locale":"lv_LV","og_type":"article","og_title":"iluris lab Cleansing Foam 200 ml - Iluris","og_description":"Buy Cleansing Foam for oily, combination, and sensitive skin that gently removes makeup, dirt, and impurities while hydrating and refreshing your skin. This foaming cleanser purifies, balances, and softens your complexion. Buy now for clean, radiant, and healthy-looking skin every day as part of your skincare routine","og_url":"https:\/\/iluris.com\/lv\/products\/iluris-lab-cleansing-foam-200-ml\/","og_site_name":"Iluris","article_modified_time":"2026-04-06T16:49:38+00:00","og_image":[{"width":1930,"height":2560,"url":"https:\/\/iluris.com\/wp-content\/uploads\/2024\/12\/FRONT_high_res-44-scaled.jpg","type":"image\/jpeg"}],"twitter_card":"summary_large_image","twitter_misc":{"Est. reading time":"2 min\u016btes"},"schema":{"@context":"https:\/\/schema.org","@graph":[{"@type":"WebPage","@id":"https:\/\/iluris.com\/product\/iluris-lab-cleansing-foam-200-ml\/","url":"https:\/\/iluris.com\/product\/iluris-lab-cleansing-foam-200-ml\/","name":"iluris lab Cleansing Foam 200 ml - Iluris","isPartOf":{"@id":"https:\/\/iluris.com\/#website"},"primaryImageOfPage":{"@id":"https:\/\/iluris.com\/product\/iluris-lab-cleansing-foam-200-ml\/#primaryimage"},"image":{"@id":"https:\/\/iluris.com\/product\/iluris-lab-cleansing-foam-200-ml\/#primaryimage"},"thumbnailUrl":"https:\/\/iluris.com\/wp-content\/uploads\/2024\/12\/FRONT_high_res-44-scaled.jpg","datePublished":"2024-12-15T20:15:46+00:00","dateModified":"2026-04-06T16:49:38+00:00","description":"Buy Cleansing Foam for oily, combination, and sensitive skin that gently removes makeup, dirt, and impurities while hydrating and refreshing your skin. This foaming cleanser purifies, balances, and softens your complexion. Buy now for clean, radiant, and healthy-looking skin every day as part of your skincare routine","breadcrumb":{"@id":"https:\/\/iluris.com\/product\/iluris-lab-cleansing-foam-200-ml\/#breadcrumb"},"inLanguage":"lv-LV","potentialAction":[{"@type":"ReadAction","target":["https:\/\/iluris.com\/product\/iluris-lab-cleansing-foam-200-ml\/"]}]},{"@type":"ImageObject","inLanguage":"lv-LV","@id":"https:\/\/iluris.com\/product\/iluris-lab-cleansing-foam-200-ml\/#primaryimage","url":"https:\/\/iluris.com\/wp-content\/uploads\/2024\/12\/FRONT_high_res-44-scaled.jpg","contentUrl":"https:\/\/iluris.com\/wp-content\/uploads\/2024\/12\/FRONT_high_res-44-scaled.jpg","width":1930,"height":2560},{"@type":"BreadcrumbList","@id":"https:\/\/iluris.com\/product\/iluris-lab-cleansing-foam-200-ml\/#breadcrumb","itemListElement":[{"@type":"ListItem","position":1,"name":"Home","item":"https:\/\/iluris.com\/"},{"@type":"ListItem","position":2,"name":"Products","item":"https:\/\/iluris.com\/shop-3__trashed\/"},{"@type":"ListItem","position":3,"name":"iluris lab Cleansing Foam 200 ml"}]},{"@type":"WebSite","@id":"https:\/\/iluris.com\/#website","url":"https:\/\/iluris.com\/","name":"Iluris","description":"Iluris Lab: Kur zin\u0101tne satiekas ar dabu.","publisher":{"@id":"https:\/\/iluris.com\/#organization"},"potentialAction":[{"@type":"SearchAction","target":{"@type":"EntryPoint","urlTemplate":"https:\/\/iluris.com\/?s={search_term_string}"},"query-input":{"@type":"PropertyValueSpecification","valueRequired":true,"valueName":"search_term_string"}}],"inLanguage":"lv-LV"},{"@type":"Organization","@id":"https:\/\/iluris.com\/#organization","name":"Iluris","url":"https:\/\/iluris.com\/","logo":{"@type":"ImageObject","inLanguage":"lv-LV","@id":"https:\/\/iluris.com\/#\/schema\/logo\/image\/","url":"https:\/\/iluris.com\/wp-content\/uploads\/2024\/12\/cropped-d_grey.png","contentUrl":"https:\/\/iluris.com\/wp-content\/uploads\/2024\/12\/cropped-d_grey.png","width":512,"height":512,"caption":"Iluris"},"image":{"@id":"https:\/\/iluris.com\/#\/schema\/logo\/image\/"}}]}},"_links":{"self":[{"href":"https:\/\/iluris.com\/lv\/wp-json\/wp\/v2\/product\/4400","targetHints":{"allow":["GET"]}}],"collection":[{"href":"https:\/\/iluris.com\/lv\/wp-json\/wp\/v2\/product"}],"about":[{"href":"https:\/\/iluris.com\/lv\/wp-json\/wp\/v2\/types\/product"}],"replies":[{"embeddable":true,"href":"https:\/\/iluris.com\/lv\/wp-json\/wp\/v2\/comments?post=4400"}],"wp:featuredmedia":[{"embeddable":true,"href":"https:\/\/iluris.com\/lv\/wp-json\/wp\/v2\/media\/4398"}],"wp:attachment":[{"href":"https:\/\/iluris.com\/lv\/wp-json\/wp\/v2\/media?parent=4400"}],"wp:term":[{"taxonomy":"quiz_answer_tag","embeddable":true,"href":"https:\/\/iluris.com\/lv\/wp-json\/wp\/v2\/skin_test_tag?post=4400"},{"taxonomy":"product_brand","embeddable":true,"href":"https:\/\/iluris.com\/lv\/wp-json\/wp\/v2\/product_brand?post=4400"},{"taxonomy":"product_cat","embeddable":true,"href":"https:\/\/iluris.com\/lv\/wp-json\/wp\/v2\/product_cat?post=4400"},{"taxonomy":"product_tag","embeddable":true,"href":"https:\/\/iluris.com\/lv\/wp-json\/wp\/v2\/product_tag?post=4400"}],"curies":[{"name":"wp","href":"https:\/\/api.w.org\/{rel}","templated":true}]}}