{"id":4396,"date":"2024-12-15T20:03:59","date_gmt":"2024-12-15T20:03:59","guid":{"rendered":"https:\/\/iluris.com\/?post_type=product&#038;p=4396"},"modified":"2026-03-21T00:36:46","modified_gmt":"2026-03-21T00:36:46","slug":"iluris-lab-sensitive-skin-face-body-cleanser-270-ml","status":"publish","type":"product","link":"https:\/\/iluris.com\/lv\/products\/iluris-lab-sensitive-skin-face-body-cleanser-270-ml\/","title":{"rendered":"iluris Lab Sensitive Skin Face &#038; Body Cleanser ,270 ml"},"content":{"rendered":"<p>Here\u2019s the full description for <strong>iluris Lab Sensitive Skin Face &amp; Body Cleanser<\/strong> based on your request:<\/p>\n<p><strong>Iluris Lab Sensitive Skin Face &amp; Body Cleanser<\/strong><br \/>\n<strong>Description:<\/strong><br \/>\nCarefully crafted for individuals with sensitive skin, this cleanser provides a gentle, soothing cleansing experience. The minimalistic formula is free from harsh additives, ensuring no irritation while preserving the skin&#8217;s natural balance. Dermatologically tested, this face and body cleanser effectively removes impurities without stripping moisture, making it ideal for everyday use on delicate skin.<\/p>\n<p><strong>Key Features:<\/strong><\/p>\n<ul>\n<li>Gentle cleansing for sensitive skin<\/li>\n<li>Free from harsh additives and fragrances<\/li>\n<li>Dermatologically tested<\/li>\n<li>Suitable for both face and body<\/li>\n<\/ul>\n<div class=\"flex max-w-full flex-col flex-grow\">\n<div class=\"min-h-8 text-message flex w-full flex-col items-end gap-2 whitespace-normal break-words text-start [.text-message+&amp;]:mt-5\" dir=\"auto\" data-message-author-role=\"assistant\" data-message-id=\"15ad4c7a-470f-46c1-bee9-2d1940c122de\" data-message-model-slug=\"gpt-4o\">\n<div class=\"flex w-full flex-col gap-1 empty:hidden first:pt-[3px]\">\n<div class=\"markdown prose w-full break-words dark:prose-invert light\">\n<p><strong>Benefits:<\/strong><\/p>\n<ul>\n<li>Soothes and calms delicate skin<\/li>\n<li>Maintains skin\u2019s natural moisture barrier<\/li>\n<li>Safe and effective for everyday<\/li>\n<\/ul>\n<\/div>\n<\/div>\n<\/div>\n<\/div>\n<div class=\"mb-2 flex gap-3 empty:hidden -ml-2\">\n<div class=\"items-center justify-start rounded-xl p-1 flex\"><\/div>\n<\/div>\n","protected":false},"excerpt":{"rendered":"<table width=\"219\">\n<tbody>\n<tr>\n<td width=\"219\"><a href=\"https:\/\/gs1lv.org\/mygs1\/products\/101730739\/view\" data-toggle=\"tooltip\" data-placement=\"auto\" data-original-title=\"Skat\u012bt vair\u0101k\" aria-describedby=\"tooltip170679\">4751048900109<\/a><\/td>\n<\/tr>\n<\/tbody>\n<\/table>\n<p>Rad\u012bts tiem, kam ir jut\u012bga \u0101da, Iluris Lab Jut\u012bg\u0101s \u0100das Sejas un \u0136erme\u0146a Att\u012br\u012bt\u0101js pied\u0101v\u0101 minim\u0101listisku formulu, kas maigi att\u012bra \u0101du bez kairin\u0101juma. Dermatolo\u0123iski test\u0113ts un br\u012bvs no agres\u012bv\u0101m piedev\u0101m, \u0161is l\u012bdzeklis nodro\u0161ina dro\u0161u un efekt\u012bvu kop\u0161anu jut\u012bgai \u0101dai.<\/p>\n<p>&nbsp;<\/p>","protected":false},"featured_media":4395,"comment_status":"open","ping_status":"closed","template":"..\/public\/views\/revslider-page-template.php","meta":{"_acf_changed":false},"skin_test_tag":[],"product_brand":[],"product_cat":[87,45,50],"product_tag":[89],"class_list":{"0":"post-4396","1":"product","2":"type-product","3":"status-publish","4":"has-post-thumbnail","6":"product_cat-all","7":"product_cat-body-care","8":"product_cat-cleansing","9":"product_tag-sensetiveskin-showergel","11":"first","12":"instock","13":"sale","14":"taxable","15":"shipping-taxable","16":"purchasable","17":"product-type-simple"},"acf":[],"yoast_head":"<!-- This site is optimized with the Yoast SEO plugin v27.4 - https:\/\/yoast.com\/product\/yoast-seo-wordpress\/ -->\n<title>iluris Lab Sensitive Skin Face &amp; Body Cleanser ,270 ml - Iluris<\/title>\n<meta name=\"description\" content=\"Gentle Sensitive Skin Face &amp; Body Cleanser Shower Gel is specially formulated for delicate skin, free from SLS and parabens. This soothing and hydrating cleanser gently removes impurities, makeup, and excess oil while maintaining the skin\u2019s natural moisture balance. Ideal for daily use on face and body, it calms irritation, softens skin, and leaves it refreshed, smooth, and healthy-looking. Perfect for sensitive skin, this natural shower gel promotes comfort, radiance, and long-lasting hydration.\" \/>\n<meta name=\"robots\" content=\"index, follow, max-snippet:-1, max-image-preview:large, max-video-preview:-1\" \/>\n<link rel=\"canonical\" href=\"https:\/\/iluris.com\/lv\/products\/iluris-lab-sensitive-skin-face-body-cleanser-270-ml\/\" \/>\n<meta property=\"og:locale\" content=\"lv_LV\" \/>\n<meta property=\"og:type\" content=\"article\" \/>\n<meta property=\"og:title\" content=\"iluris Lab Sensitive Skin Face &amp; Body Cleanser ,270 ml - Iluris\" \/>\n<meta property=\"og:description\" content=\"Gentle Sensitive Skin Face &amp; Body Cleanser Shower Gel is specially formulated for delicate skin, free from SLS and parabens. This soothing and hydrating cleanser gently removes impurities, makeup, and excess oil while maintaining the skin\u2019s natural moisture balance. Ideal for daily use on face and body, it calms irritation, softens skin, and leaves it refreshed, smooth, and healthy-looking. Perfect for sensitive skin, this natural shower gel promotes comfort, radiance, and long-lasting hydration.\" \/>\n<meta property=\"og:url\" content=\"https:\/\/iluris.com\/lv\/products\/iluris-lab-sensitive-skin-face-body-cleanser-270-ml\/\" \/>\n<meta property=\"og:site_name\" content=\"Iluris\" \/>\n<meta property=\"article:modified_time\" content=\"2026-03-21T00:36:46+00:00\" \/>\n<meta property=\"og:image\" content=\"https:\/\/iluris.com\/wp-content\/uploads\/2024\/12\/FRONT_high_res-29-scaled.jpg\" \/>\n\t<meta property=\"og:image:width\" content=\"1930\" \/>\n\t<meta property=\"og:image:height\" content=\"2560\" \/>\n\t<meta property=\"og:image:type\" content=\"image\/jpeg\" \/>\n<meta name=\"twitter:card\" content=\"summary_large_image\" \/>\n<meta name=\"twitter:label1\" content=\"Est. reading time\" \/>\n\t<meta name=\"twitter:data1\" content=\"1 min\u016bte\" \/>\n<script type=\"application\/ld+json\" class=\"yoast-schema-graph\">{\"@context\":\"https:\\\/\\\/schema.org\",\"@graph\":[{\"@type\":\"WebPage\",\"@id\":\"https:\\\/\\\/iluris.com\\\/product\\\/iluris-lab-sensitive-skin-face-body-cleanser-270-ml\\\/\",\"url\":\"https:\\\/\\\/iluris.com\\\/product\\\/iluris-lab-sensitive-skin-face-body-cleanser-270-ml\\\/\",\"name\":\"iluris Lab Sensitive Skin Face & Body Cleanser ,270 ml - Iluris\",\"isPartOf\":{\"@id\":\"https:\\\/\\\/iluris.com\\\/#website\"},\"primaryImageOfPage\":{\"@id\":\"https:\\\/\\\/iluris.com\\\/product\\\/iluris-lab-sensitive-skin-face-body-cleanser-270-ml\\\/#primaryimage\"},\"image\":{\"@id\":\"https:\\\/\\\/iluris.com\\\/product\\\/iluris-lab-sensitive-skin-face-body-cleanser-270-ml\\\/#primaryimage\"},\"thumbnailUrl\":\"https:\\\/\\\/iluris.com\\\/wp-content\\\/uploads\\\/2024\\\/12\\\/FRONT_high_res-29-scaled.jpg\",\"datePublished\":\"2024-12-15T20:03:59+00:00\",\"dateModified\":\"2026-03-21T00:36:46+00:00\",\"description\":\"Gentle Sensitive Skin Face & Body Cleanser Shower Gel is specially formulated for delicate skin, free from SLS and parabens. This soothing and hydrating cleanser gently removes impurities, makeup, and excess oil while maintaining the skin\u2019s natural moisture balance. Ideal for daily use on face and body, it calms irritation, softens skin, and leaves it refreshed, smooth, and healthy-looking. Perfect for sensitive skin, this natural shower gel promotes comfort, radiance, and long-lasting hydration.\",\"breadcrumb\":{\"@id\":\"https:\\\/\\\/iluris.com\\\/product\\\/iluris-lab-sensitive-skin-face-body-cleanser-270-ml\\\/#breadcrumb\"},\"inLanguage\":\"lv-LV\",\"potentialAction\":[{\"@type\":\"ReadAction\",\"target\":[\"https:\\\/\\\/iluris.com\\\/product\\\/iluris-lab-sensitive-skin-face-body-cleanser-270-ml\\\/\"]}]},{\"@type\":\"ImageObject\",\"inLanguage\":\"lv-LV\",\"@id\":\"https:\\\/\\\/iluris.com\\\/product\\\/iluris-lab-sensitive-skin-face-body-cleanser-270-ml\\\/#primaryimage\",\"url\":\"https:\\\/\\\/iluris.com\\\/wp-content\\\/uploads\\\/2024\\\/12\\\/FRONT_high_res-29-scaled.jpg\",\"contentUrl\":\"https:\\\/\\\/iluris.com\\\/wp-content\\\/uploads\\\/2024\\\/12\\\/FRONT_high_res-29-scaled.jpg\",\"width\":1930,\"height\":2560},{\"@type\":\"BreadcrumbList\",\"@id\":\"https:\\\/\\\/iluris.com\\\/product\\\/iluris-lab-sensitive-skin-face-body-cleanser-270-ml\\\/#breadcrumb\",\"itemListElement\":[{\"@type\":\"ListItem\",\"position\":1,\"name\":\"Home\",\"item\":\"https:\\\/\\\/iluris.com\\\/\"},{\"@type\":\"ListItem\",\"position\":2,\"name\":\"Products\",\"item\":\"https:\\\/\\\/iluris.com\\\/shop-3__trashed\\\/\"},{\"@type\":\"ListItem\",\"position\":3,\"name\":\"iluris Lab Sensitive Skin Face &#038; Body Cleanser ,270 ml\"}]},{\"@type\":\"WebSite\",\"@id\":\"https:\\\/\\\/iluris.com\\\/#website\",\"url\":\"https:\\\/\\\/iluris.com\\\/\",\"name\":\"Iluris\",\"description\":\"iluris Lab: Where science meet nature\",\"publisher\":{\"@id\":\"https:\\\/\\\/iluris.com\\\/#organization\"},\"potentialAction\":[{\"@type\":\"SearchAction\",\"target\":{\"@type\":\"EntryPoint\",\"urlTemplate\":\"https:\\\/\\\/iluris.com\\\/?s={search_term_string}\"},\"query-input\":{\"@type\":\"PropertyValueSpecification\",\"valueRequired\":true,\"valueName\":\"search_term_string\"}}],\"inLanguage\":\"lv-LV\"},{\"@type\":\"Organization\",\"@id\":\"https:\\\/\\\/iluris.com\\\/#organization\",\"name\":\"Iluris\",\"url\":\"https:\\\/\\\/iluris.com\\\/\",\"logo\":{\"@type\":\"ImageObject\",\"inLanguage\":\"lv-LV\",\"@id\":\"https:\\\/\\\/iluris.com\\\/#\\\/schema\\\/logo\\\/image\\\/\",\"url\":\"https:\\\/\\\/iluris.com\\\/wp-content\\\/uploads\\\/2024\\\/12\\\/cropped-d_grey.png\",\"contentUrl\":\"https:\\\/\\\/iluris.com\\\/wp-content\\\/uploads\\\/2024\\\/12\\\/cropped-d_grey.png\",\"width\":512,\"height\":512,\"caption\":\"Iluris\"},\"image\":{\"@id\":\"https:\\\/\\\/iluris.com\\\/#\\\/schema\\\/logo\\\/image\\\/\"}}]}<\/script>\n<!-- \/ Yoast SEO plugin. -->","yoast_head_json":{"title":"iluris Lab Sensitive Skin Face & Body Cleanser ,270 ml - Iluris","description":"Gentle Sensitive Skin Face & Body Cleanser Shower Gel is specially formulated for delicate skin, free from SLS and parabens. This soothing and hydrating cleanser gently removes impurities, makeup, and excess oil while maintaining the skin\u2019s natural moisture balance. Ideal for daily use on face and body, it calms irritation, softens skin, and leaves it refreshed, smooth, and healthy-looking. Perfect for sensitive skin, this natural shower gel promotes comfort, radiance, and long-lasting hydration.","robots":{"index":"index","follow":"follow","max-snippet":"max-snippet:-1","max-image-preview":"max-image-preview:large","max-video-preview":"max-video-preview:-1"},"canonical":"https:\/\/iluris.com\/lv\/products\/iluris-lab-sensitive-skin-face-body-cleanser-270-ml\/","og_locale":"lv_LV","og_type":"article","og_title":"iluris Lab Sensitive Skin Face & Body Cleanser ,270 ml - Iluris","og_description":"Gentle Sensitive Skin Face & Body Cleanser Shower Gel is specially formulated for delicate skin, free from SLS and parabens. This soothing and hydrating cleanser gently removes impurities, makeup, and excess oil while maintaining the skin\u2019s natural moisture balance. Ideal for daily use on face and body, it calms irritation, softens skin, and leaves it refreshed, smooth, and healthy-looking. Perfect for sensitive skin, this natural shower gel promotes comfort, radiance, and long-lasting hydration.","og_url":"https:\/\/iluris.com\/lv\/products\/iluris-lab-sensitive-skin-face-body-cleanser-270-ml\/","og_site_name":"Iluris","article_modified_time":"2026-03-21T00:36:46+00:00","og_image":[{"width":1930,"height":2560,"url":"https:\/\/iluris.com\/wp-content\/uploads\/2024\/12\/FRONT_high_res-29-scaled.jpg","type":"image\/jpeg"}],"twitter_card":"summary_large_image","twitter_misc":{"Est. reading time":"1 min\u016bte"},"schema":{"@context":"https:\/\/schema.org","@graph":[{"@type":"WebPage","@id":"https:\/\/iluris.com\/product\/iluris-lab-sensitive-skin-face-body-cleanser-270-ml\/","url":"https:\/\/iluris.com\/product\/iluris-lab-sensitive-skin-face-body-cleanser-270-ml\/","name":"iluris Lab Sensitive Skin Face & Body Cleanser ,270 ml - Iluris","isPartOf":{"@id":"https:\/\/iluris.com\/#website"},"primaryImageOfPage":{"@id":"https:\/\/iluris.com\/product\/iluris-lab-sensitive-skin-face-body-cleanser-270-ml\/#primaryimage"},"image":{"@id":"https:\/\/iluris.com\/product\/iluris-lab-sensitive-skin-face-body-cleanser-270-ml\/#primaryimage"},"thumbnailUrl":"https:\/\/iluris.com\/wp-content\/uploads\/2024\/12\/FRONT_high_res-29-scaled.jpg","datePublished":"2024-12-15T20:03:59+00:00","dateModified":"2026-03-21T00:36:46+00:00","description":"Gentle Sensitive Skin Face & Body Cleanser Shower Gel is specially formulated for delicate skin, free from SLS and parabens. This soothing and hydrating cleanser gently removes impurities, makeup, and excess oil while maintaining the skin\u2019s natural moisture balance. Ideal for daily use on face and body, it calms irritation, softens skin, and leaves it refreshed, smooth, and healthy-looking. Perfect for sensitive skin, this natural shower gel promotes comfort, radiance, and long-lasting hydration.","breadcrumb":{"@id":"https:\/\/iluris.com\/product\/iluris-lab-sensitive-skin-face-body-cleanser-270-ml\/#breadcrumb"},"inLanguage":"lv-LV","potentialAction":[{"@type":"ReadAction","target":["https:\/\/iluris.com\/product\/iluris-lab-sensitive-skin-face-body-cleanser-270-ml\/"]}]},{"@type":"ImageObject","inLanguage":"lv-LV","@id":"https:\/\/iluris.com\/product\/iluris-lab-sensitive-skin-face-body-cleanser-270-ml\/#primaryimage","url":"https:\/\/iluris.com\/wp-content\/uploads\/2024\/12\/FRONT_high_res-29-scaled.jpg","contentUrl":"https:\/\/iluris.com\/wp-content\/uploads\/2024\/12\/FRONT_high_res-29-scaled.jpg","width":1930,"height":2560},{"@type":"BreadcrumbList","@id":"https:\/\/iluris.com\/product\/iluris-lab-sensitive-skin-face-body-cleanser-270-ml\/#breadcrumb","itemListElement":[{"@type":"ListItem","position":1,"name":"Home","item":"https:\/\/iluris.com\/"},{"@type":"ListItem","position":2,"name":"Products","item":"https:\/\/iluris.com\/shop-3__trashed\/"},{"@type":"ListItem","position":3,"name":"iluris Lab Sensitive Skin Face &#038; Body Cleanser ,270 ml"}]},{"@type":"WebSite","@id":"https:\/\/iluris.com\/#website","url":"https:\/\/iluris.com\/","name":"Iluris","description":"Iluris Lab: Kur zin\u0101tne satiekas ar dabu.","publisher":{"@id":"https:\/\/iluris.com\/#organization"},"potentialAction":[{"@type":"SearchAction","target":{"@type":"EntryPoint","urlTemplate":"https:\/\/iluris.com\/?s={search_term_string}"},"query-input":{"@type":"PropertyValueSpecification","valueRequired":true,"valueName":"search_term_string"}}],"inLanguage":"lv-LV"},{"@type":"Organization","@id":"https:\/\/iluris.com\/#organization","name":"Iluris","url":"https:\/\/iluris.com\/","logo":{"@type":"ImageObject","inLanguage":"lv-LV","@id":"https:\/\/iluris.com\/#\/schema\/logo\/image\/","url":"https:\/\/iluris.com\/wp-content\/uploads\/2024\/12\/cropped-d_grey.png","contentUrl":"https:\/\/iluris.com\/wp-content\/uploads\/2024\/12\/cropped-d_grey.png","width":512,"height":512,"caption":"Iluris"},"image":{"@id":"https:\/\/iluris.com\/#\/schema\/logo\/image\/"}}]}},"_links":{"self":[{"href":"https:\/\/iluris.com\/lv\/wp-json\/wp\/v2\/product\/4396","targetHints":{"allow":["GET"]}}],"collection":[{"href":"https:\/\/iluris.com\/lv\/wp-json\/wp\/v2\/product"}],"about":[{"href":"https:\/\/iluris.com\/lv\/wp-json\/wp\/v2\/types\/product"}],"replies":[{"embeddable":true,"href":"https:\/\/iluris.com\/lv\/wp-json\/wp\/v2\/comments?post=4396"}],"wp:featuredmedia":[{"embeddable":true,"href":"https:\/\/iluris.com\/lv\/wp-json\/wp\/v2\/media\/4395"}],"wp:attachment":[{"href":"https:\/\/iluris.com\/lv\/wp-json\/wp\/v2\/media?parent=4396"}],"wp:term":[{"taxonomy":"quiz_answer_tag","embeddable":true,"href":"https:\/\/iluris.com\/lv\/wp-json\/wp\/v2\/skin_test_tag?post=4396"},{"taxonomy":"product_brand","embeddable":true,"href":"https:\/\/iluris.com\/lv\/wp-json\/wp\/v2\/product_brand?post=4396"},{"taxonomy":"product_cat","embeddable":true,"href":"https:\/\/iluris.com\/lv\/wp-json\/wp\/v2\/product_cat?post=4396"},{"taxonomy":"product_tag","embeddable":true,"href":"https:\/\/iluris.com\/lv\/wp-json\/wp\/v2\/product_tag?post=4396"}],"curies":[{"name":"wp","href":"https:\/\/api.w.org\/{rel}","templated":true}]}}