{"id":4392,"date":"2024-12-15T19:35:37","date_gmt":"2024-12-15T19:35:37","guid":{"rendered":"https:\/\/iluris.com\/?post_type=product&#038;p=4392"},"modified":"2026-02-17T07:12:50","modified_gmt":"2026-02-17T07:12:50","slug":"iluris-lab-hand-body-wash-patchouli-amber-vanilla-490ml","status":"publish","type":"product","link":"https:\/\/iluris.com\/lv\/products\/iluris-lab-hand-body-wash-patchouli-amber-vanilla-490ml\/","title":{"rendered":"iluris Lab Hand &#038; Body Wash \u2013 Patchouli &#038; Amber Vanilla 490ml"},"content":{"rendered":"<p>&nbsp;<\/p>\n<p><strong>Apraksts<\/strong><br \/>\nPalutiniet savas saj\u016btas ar<strong> iluris Lab Hand &amp; Body Wash<\/strong>Izbaudiet greznu saj\u016btu ar zemes to\u0146u pa\u010d\u016blijas un silt\u0101s dzintara vani\u013cas kombin\u0101ciju. Bag\u0101tin\u0101ts ar aug\u013cu ekstraktu un beta\u012bnu, \u0161\u012b maig\u0101 formula efekt\u012bvi att\u012bra \u0101du, vienlaikus nodro\u0161inot mitrin\u0101\u0161anu un komfortu. Ide\u0101li piem\u0113rots ikdienas lieto\u0161anai un visiem \u0101das tipiem.<\/p>\n<p><strong>Key Benefits:<\/strong><\/p>\n<ul>\n<li><strong>Bag\u0101t\u012bga mitrin\u0101\u0161ana:<\/strong> Uztur \u0101das dabisko mitruma l\u012bdzsvaru, nov\u0113r\u0161ot sausumu.<\/li>\n<li class=\"translation-block\">Maiga kop\u0161ana: Pies\u0101tin\u0101ts ar aug\u013cu ekstraktiem un beta\u012bnu, lai nodro\u0161in\u0101tu maigu un barojo\u0161u kop\u0161anu.<\/li>\n<li class=\"translation-block\">Greznas smar\u017eas: Apvieno zemes pa\u010d\u016blijas to\u0146us ar saldu un pikantu dzintara vani\u013cas siltumu, radot unik\u0101lu sensoru pieredzi<\/li>\n<li class=\"translation-block\">Daudzpus\u012bga lieto\u0161ana: Piem\u0113rots visiem \u0101das tipiem un ikdienas att\u012br\u012b\u0161anai.<\/li>\n<\/ul>\n<p><strong>Lieto\u0161anas instrukcija:<\/strong><\/p>\n<ol>\n<li>Uzkl\u0101jiet nelielu daudzumu uz mitr\u0101m rok\u0101m vai \u0137erme\u0146a.<\/li>\n<li>Maigi iemas\u0113jiet, l\u012bdz izveidojas putas.<\/li>\n<li>R\u016bp\u012bgi noskalojiet ar siltu \u016bdeni.<\/li>\n<li>Lietojiet ikdien\u0101, lai ieg\u016btu t\u012bru, mitrin\u0101tu un m\u012bkstu \u0101du.<\/li>\n<\/ol>\n<p class=\"translation-block\">Iluris Lab Roku un \u0136erme\u0146a Mazg\u0101\u0161anas L\u012bdzeklis \u2013 Pa\u010d\u016blija un Dzintara Vani\u013ca pied\u0101v\u0101 greznu att\u012br\u012b\u0161anas pieredzi ar maigu kop\u0161anu un unik\u0101lu arom\u0101tu, kas lutina gan \u0101du, gan saj\u016btas.<\/p>","protected":false},"excerpt":{"rendered":"<table width=\"219\">\n<tbody>\n<tr>\n<td width=\"219\">4751048900147<\/td>\n<\/tr>\n<\/tbody>\n<\/table>\n<p>Palutiniet savas saj\u016btas ar <strong>Iluris Lab Hand &amp; Body Wash<\/strong>Izbaudiet greznu saj\u016btu ar zemes to\u0146u pa\u010d\u016blijas un silt\u0101s dzintara vani\u013cas kombin\u0101ciju. Bag\u0101tin\u0101ts ar aug\u013cu ekstraktu un beta\u012bnu, \u0161\u012b maig\u0101 formula efekt\u012bvi att\u012bra \u0101du, vienlaikus nodro\u0161inot mitrin\u0101\u0161anu un komfortu. Ide\u0101li piem\u0113rots ikdienas lieto\u0161anai un visiem \u0101das tipiem.<\/p>\n<p>&nbsp;<\/p>","protected":false},"featured_media":4391,"comment_status":"open","ping_status":"closed","template":"","meta":{"_acf_changed":false},"skin_test_tag":[],"product_brand":[],"product_cat":[87,45],"product_tag":[88],"class_list":{"0":"post-4392","1":"product","2":"type-product","3":"status-publish","4":"has-post-thumbnail","6":"product_cat-all","7":"product_cat-body-care","8":"product_tag-showergel","10":"first","11":"instock","12":"sale","13":"taxable","14":"shipping-taxable","15":"purchasable","16":"product-type-simple"},"acf":[],"yoast_head":"<!-- This site is optimized with the Yoast SEO plugin v27.4 - https:\/\/yoast.com\/product\/yoast-seo-wordpress\/ -->\n<title>iluris Lab Hand &amp; Body Wash \u2013 Patchouli &amp; Amber Vanilla 490ml - Iluris<\/title>\n<meta name=\"description\" content=\"Nourish and cleanse your skin with Hand &amp; Body Wash Shower Gel, a natural and gentle body cleanser. This hydrating formula removes impurities, refreshes, and softens skin while maintaining its natural moisture balance. Ideal for everyday use, it leaves your body and hands feeling silky, smooth, and revitalized. Enriched with natural ingredients, this shower gel provides a spa-like experience at home, promoting healthy, radiant, and naturally glowing skin from head to toe.\" \/>\n<meta name=\"robots\" content=\"index, follow, max-snippet:-1, max-image-preview:large, max-video-preview:-1\" \/>\n<link rel=\"canonical\" href=\"https:\/\/iluris.com\/lv\/products\/iluris-lab-hand-body-wash-patchouli-amber-vanilla-490ml\/\" \/>\n<meta property=\"og:locale\" content=\"lv_LV\" \/>\n<meta property=\"og:type\" content=\"article\" \/>\n<meta property=\"og:title\" content=\"iluris Lab Hand &amp; Body Wash \u2013 Patchouli &amp; Amber Vanilla 490ml - Iluris\" \/>\n<meta property=\"og:description\" content=\"Nourish and cleanse your skin with Hand &amp; Body Wash Shower Gel, a natural and gentle body cleanser. This hydrating formula removes impurities, refreshes, and softens skin while maintaining its natural moisture balance. Ideal for everyday use, it leaves your body and hands feeling silky, smooth, and revitalized. Enriched with natural ingredients, this shower gel provides a spa-like experience at home, promoting healthy, radiant, and naturally glowing skin from head to toe.\" \/>\n<meta property=\"og:url\" content=\"https:\/\/iluris.com\/lv\/products\/iluris-lab-hand-body-wash-patchouli-amber-vanilla-490ml\/\" \/>\n<meta property=\"og:site_name\" content=\"Iluris\" \/>\n<meta property=\"article:modified_time\" content=\"2026-02-17T07:12:50+00:00\" \/>\n<meta property=\"og:image\" content=\"https:\/\/iluris.com\/wp-content\/uploads\/2024\/12\/FRONT_high_res-37-scaled.jpg\" \/>\n\t<meta property=\"og:image:width\" content=\"1930\" \/>\n\t<meta property=\"og:image:height\" content=\"2560\" \/>\n\t<meta property=\"og:image:type\" content=\"image\/jpeg\" \/>\n<meta name=\"twitter:card\" content=\"summary_large_image\" \/>\n<meta name=\"twitter:label1\" content=\"Est. reading time\" \/>\n\t<meta name=\"twitter:data1\" content=\"1 min\u016bte\" \/>\n<script type=\"application\/ld+json\" class=\"yoast-schema-graph\">{\"@context\":\"https:\\\/\\\/schema.org\",\"@graph\":[{\"@type\":\"WebPage\",\"@id\":\"https:\\\/\\\/iluris.com\\\/product\\\/iluris-lab-hand-body-wash-patchouli-amber-vanilla-490ml\\\/\",\"url\":\"https:\\\/\\\/iluris.com\\\/product\\\/iluris-lab-hand-body-wash-patchouli-amber-vanilla-490ml\\\/\",\"name\":\"iluris Lab Hand & Body Wash \u2013 Patchouli & Amber Vanilla 490ml - Iluris\",\"isPartOf\":{\"@id\":\"https:\\\/\\\/iluris.com\\\/#website\"},\"primaryImageOfPage\":{\"@id\":\"https:\\\/\\\/iluris.com\\\/product\\\/iluris-lab-hand-body-wash-patchouli-amber-vanilla-490ml\\\/#primaryimage\"},\"image\":{\"@id\":\"https:\\\/\\\/iluris.com\\\/product\\\/iluris-lab-hand-body-wash-patchouli-amber-vanilla-490ml\\\/#primaryimage\"},\"thumbnailUrl\":\"https:\\\/\\\/iluris.com\\\/wp-content\\\/uploads\\\/2024\\\/12\\\/FRONT_high_res-37-scaled.jpg\",\"datePublished\":\"2024-12-15T19:35:37+00:00\",\"dateModified\":\"2026-02-17T07:12:50+00:00\",\"description\":\"Nourish and cleanse your skin with Hand & Body Wash Shower Gel, a natural and gentle body cleanser. This hydrating formula removes impurities, refreshes, and softens skin while maintaining its natural moisture balance. Ideal for everyday use, it leaves your body and hands feeling silky, smooth, and revitalized. Enriched with natural ingredients, this shower gel provides a spa-like experience at home, promoting healthy, radiant, and naturally glowing skin from head to toe.\",\"breadcrumb\":{\"@id\":\"https:\\\/\\\/iluris.com\\\/product\\\/iluris-lab-hand-body-wash-patchouli-amber-vanilla-490ml\\\/#breadcrumb\"},\"inLanguage\":\"lv-LV\",\"potentialAction\":[{\"@type\":\"ReadAction\",\"target\":[\"https:\\\/\\\/iluris.com\\\/product\\\/iluris-lab-hand-body-wash-patchouli-amber-vanilla-490ml\\\/\"]}]},{\"@type\":\"ImageObject\",\"inLanguage\":\"lv-LV\",\"@id\":\"https:\\\/\\\/iluris.com\\\/product\\\/iluris-lab-hand-body-wash-patchouli-amber-vanilla-490ml\\\/#primaryimage\",\"url\":\"https:\\\/\\\/iluris.com\\\/wp-content\\\/uploads\\\/2024\\\/12\\\/FRONT_high_res-37-scaled.jpg\",\"contentUrl\":\"https:\\\/\\\/iluris.com\\\/wp-content\\\/uploads\\\/2024\\\/12\\\/FRONT_high_res-37-scaled.jpg\",\"width\":1930,\"height\":2560},{\"@type\":\"BreadcrumbList\",\"@id\":\"https:\\\/\\\/iluris.com\\\/product\\\/iluris-lab-hand-body-wash-patchouli-amber-vanilla-490ml\\\/#breadcrumb\",\"itemListElement\":[{\"@type\":\"ListItem\",\"position\":1,\"name\":\"Home\",\"item\":\"https:\\\/\\\/iluris.com\\\/\"},{\"@type\":\"ListItem\",\"position\":2,\"name\":\"Products\",\"item\":\"https:\\\/\\\/iluris.com\\\/shop-3__trashed\\\/\"},{\"@type\":\"ListItem\",\"position\":3,\"name\":\"iluris Lab Hand &#038; Body Wash \u2013 Patchouli &#038; Amber Vanilla 490ml\"}]},{\"@type\":\"WebSite\",\"@id\":\"https:\\\/\\\/iluris.com\\\/#website\",\"url\":\"https:\\\/\\\/iluris.com\\\/\",\"name\":\"Iluris\",\"description\":\"iluris Lab: Where science meet nature\",\"publisher\":{\"@id\":\"https:\\\/\\\/iluris.com\\\/#organization\"},\"potentialAction\":[{\"@type\":\"SearchAction\",\"target\":{\"@type\":\"EntryPoint\",\"urlTemplate\":\"https:\\\/\\\/iluris.com\\\/?s={search_term_string}\"},\"query-input\":{\"@type\":\"PropertyValueSpecification\",\"valueRequired\":true,\"valueName\":\"search_term_string\"}}],\"inLanguage\":\"lv-LV\"},{\"@type\":\"Organization\",\"@id\":\"https:\\\/\\\/iluris.com\\\/#organization\",\"name\":\"Iluris\",\"url\":\"https:\\\/\\\/iluris.com\\\/\",\"logo\":{\"@type\":\"ImageObject\",\"inLanguage\":\"lv-LV\",\"@id\":\"https:\\\/\\\/iluris.com\\\/#\\\/schema\\\/logo\\\/image\\\/\",\"url\":\"https:\\\/\\\/iluris.com\\\/wp-content\\\/uploads\\\/2024\\\/12\\\/cropped-d_grey.png\",\"contentUrl\":\"https:\\\/\\\/iluris.com\\\/wp-content\\\/uploads\\\/2024\\\/12\\\/cropped-d_grey.png\",\"width\":512,\"height\":512,\"caption\":\"Iluris\"},\"image\":{\"@id\":\"https:\\\/\\\/iluris.com\\\/#\\\/schema\\\/logo\\\/image\\\/\"}}]}<\/script>\n<!-- \/ Yoast SEO plugin. -->","yoast_head_json":{"title":"iluris Lab Hand & Body Wash \u2013 Patchouli & Amber Vanilla 490ml - Iluris","description":"Nourish and cleanse your skin with Hand & Body Wash Shower Gel, a natural and gentle body cleanser. This hydrating formula removes impurities, refreshes, and softens skin while maintaining its natural moisture balance. Ideal for everyday use, it leaves your body and hands feeling silky, smooth, and revitalized. Enriched with natural ingredients, this shower gel provides a spa-like experience at home, promoting healthy, radiant, and naturally glowing skin from head to toe.","robots":{"index":"index","follow":"follow","max-snippet":"max-snippet:-1","max-image-preview":"max-image-preview:large","max-video-preview":"max-video-preview:-1"},"canonical":"https:\/\/iluris.com\/lv\/products\/iluris-lab-hand-body-wash-patchouli-amber-vanilla-490ml\/","og_locale":"lv_LV","og_type":"article","og_title":"iluris Lab Hand & Body Wash \u2013 Patchouli & Amber Vanilla 490ml - Iluris","og_description":"Nourish and cleanse your skin with Hand & Body Wash Shower Gel, a natural and gentle body cleanser. This hydrating formula removes impurities, refreshes, and softens skin while maintaining its natural moisture balance. Ideal for everyday use, it leaves your body and hands feeling silky, smooth, and revitalized. Enriched with natural ingredients, this shower gel provides a spa-like experience at home, promoting healthy, radiant, and naturally glowing skin from head to toe.","og_url":"https:\/\/iluris.com\/lv\/products\/iluris-lab-hand-body-wash-patchouli-amber-vanilla-490ml\/","og_site_name":"Iluris","article_modified_time":"2026-02-17T07:12:50+00:00","og_image":[{"width":1930,"height":2560,"url":"https:\/\/iluris.com\/wp-content\/uploads\/2024\/12\/FRONT_high_res-37-scaled.jpg","type":"image\/jpeg"}],"twitter_card":"summary_large_image","twitter_misc":{"Est. reading time":"1 min\u016bte"},"schema":{"@context":"https:\/\/schema.org","@graph":[{"@type":"WebPage","@id":"https:\/\/iluris.com\/product\/iluris-lab-hand-body-wash-patchouli-amber-vanilla-490ml\/","url":"https:\/\/iluris.com\/product\/iluris-lab-hand-body-wash-patchouli-amber-vanilla-490ml\/","name":"iluris Lab Hand & Body Wash \u2013 Patchouli & Amber Vanilla 490ml - Iluris","isPartOf":{"@id":"https:\/\/iluris.com\/#website"},"primaryImageOfPage":{"@id":"https:\/\/iluris.com\/product\/iluris-lab-hand-body-wash-patchouli-amber-vanilla-490ml\/#primaryimage"},"image":{"@id":"https:\/\/iluris.com\/product\/iluris-lab-hand-body-wash-patchouli-amber-vanilla-490ml\/#primaryimage"},"thumbnailUrl":"https:\/\/iluris.com\/wp-content\/uploads\/2024\/12\/FRONT_high_res-37-scaled.jpg","datePublished":"2024-12-15T19:35:37+00:00","dateModified":"2026-02-17T07:12:50+00:00","description":"Nourish and cleanse your skin with Hand & Body Wash Shower Gel, a natural and gentle body cleanser. This hydrating formula removes impurities, refreshes, and softens skin while maintaining its natural moisture balance. Ideal for everyday use, it leaves your body and hands feeling silky, smooth, and revitalized. Enriched with natural ingredients, this shower gel provides a spa-like experience at home, promoting healthy, radiant, and naturally glowing skin from head to toe.","breadcrumb":{"@id":"https:\/\/iluris.com\/product\/iluris-lab-hand-body-wash-patchouli-amber-vanilla-490ml\/#breadcrumb"},"inLanguage":"lv-LV","potentialAction":[{"@type":"ReadAction","target":["https:\/\/iluris.com\/product\/iluris-lab-hand-body-wash-patchouli-amber-vanilla-490ml\/"]}]},{"@type":"ImageObject","inLanguage":"lv-LV","@id":"https:\/\/iluris.com\/product\/iluris-lab-hand-body-wash-patchouli-amber-vanilla-490ml\/#primaryimage","url":"https:\/\/iluris.com\/wp-content\/uploads\/2024\/12\/FRONT_high_res-37-scaled.jpg","contentUrl":"https:\/\/iluris.com\/wp-content\/uploads\/2024\/12\/FRONT_high_res-37-scaled.jpg","width":1930,"height":2560},{"@type":"BreadcrumbList","@id":"https:\/\/iluris.com\/product\/iluris-lab-hand-body-wash-patchouli-amber-vanilla-490ml\/#breadcrumb","itemListElement":[{"@type":"ListItem","position":1,"name":"Home","item":"https:\/\/iluris.com\/"},{"@type":"ListItem","position":2,"name":"Products","item":"https:\/\/iluris.com\/shop-3__trashed\/"},{"@type":"ListItem","position":3,"name":"iluris Lab Hand &#038; Body Wash \u2013 Patchouli &#038; Amber Vanilla 490ml"}]},{"@type":"WebSite","@id":"https:\/\/iluris.com\/#website","url":"https:\/\/iluris.com\/","name":"Iluris","description":"Iluris Lab: Kur zin\u0101tne satiekas ar dabu.","publisher":{"@id":"https:\/\/iluris.com\/#organization"},"potentialAction":[{"@type":"SearchAction","target":{"@type":"EntryPoint","urlTemplate":"https:\/\/iluris.com\/?s={search_term_string}"},"query-input":{"@type":"PropertyValueSpecification","valueRequired":true,"valueName":"search_term_string"}}],"inLanguage":"lv-LV"},{"@type":"Organization","@id":"https:\/\/iluris.com\/#organization","name":"Iluris","url":"https:\/\/iluris.com\/","logo":{"@type":"ImageObject","inLanguage":"lv-LV","@id":"https:\/\/iluris.com\/#\/schema\/logo\/image\/","url":"https:\/\/iluris.com\/wp-content\/uploads\/2024\/12\/cropped-d_grey.png","contentUrl":"https:\/\/iluris.com\/wp-content\/uploads\/2024\/12\/cropped-d_grey.png","width":512,"height":512,"caption":"Iluris"},"image":{"@id":"https:\/\/iluris.com\/#\/schema\/logo\/image\/"}}]}},"_links":{"self":[{"href":"https:\/\/iluris.com\/lv\/wp-json\/wp\/v2\/product\/4392","targetHints":{"allow":["GET"]}}],"collection":[{"href":"https:\/\/iluris.com\/lv\/wp-json\/wp\/v2\/product"}],"about":[{"href":"https:\/\/iluris.com\/lv\/wp-json\/wp\/v2\/types\/product"}],"replies":[{"embeddable":true,"href":"https:\/\/iluris.com\/lv\/wp-json\/wp\/v2\/comments?post=4392"}],"wp:featuredmedia":[{"embeddable":true,"href":"https:\/\/iluris.com\/lv\/wp-json\/wp\/v2\/media\/4391"}],"wp:attachment":[{"href":"https:\/\/iluris.com\/lv\/wp-json\/wp\/v2\/media?parent=4392"}],"wp:term":[{"taxonomy":"quiz_answer_tag","embeddable":true,"href":"https:\/\/iluris.com\/lv\/wp-json\/wp\/v2\/skin_test_tag?post=4392"},{"taxonomy":"product_brand","embeddable":true,"href":"https:\/\/iluris.com\/lv\/wp-json\/wp\/v2\/product_brand?post=4392"},{"taxonomy":"product_cat","embeddable":true,"href":"https:\/\/iluris.com\/lv\/wp-json\/wp\/v2\/product_cat?post=4392"},{"taxonomy":"product_tag","embeddable":true,"href":"https:\/\/iluris.com\/lv\/wp-json\/wp\/v2\/product_tag?post=4392"}],"curies":[{"name":"wp","href":"https:\/\/api.w.org\/{rel}","templated":true}]}}