{"id":1604,"date":"2020-10-09T06:34:12","date_gmt":"2020-10-09T06:34:12","guid":{"rendered":"https:\/\/sante.qodeinteractive.com\/?page_id=1604"},"modified":"2025-03-25T11:28:31","modified_gmt":"2025-03-25T11:28:31","slug":"about-us","status":"publish","type":"page","link":"https:\/\/iluris.com\/lv\/about-us\/","title":{"rendered":"Par Mums"},"content":{"rendered":"<div data-elementor-type=\"wp-page\" data-elementor-id=\"1604\" class=\"elementor elementor-1604\">\n\t\t\t\t\t\t<section class=\"elementor-section elementor-top-section elementor-element elementor-element-f09052a elementor-section-full_width qodef-elementor-content-grid elementor-section-height-default elementor-section-height-default\" data-id=\"f09052a\" data-element_type=\"section\" data-e-type=\"section\">\n\t\t\t\t\t\t<div class=\"elementor-container elementor-column-gap-default\">\n\t\t\t\t\t<div class=\"elementor-column elementor-col-50 elementor-top-column elementor-element elementor-element-0d1a5e7\" data-id=\"0d1a5e7\" data-element_type=\"column\" data-e-type=\"column\">\n\t\t\t<div class=\"elementor-widget-wrap elementor-element-populated\">\n\t\t\t\t\n\n\t\t<div class=\"elementor-element elementor-element-85bcae2 elementor-widget elementor-widget-sante_core_section_title\" data-id=\"85bcae2\" data-element_type=\"widget\" data-e-type=\"widget\" data-widget_type=\"sante_core_section_title.default\">\n\t\t\t\t<div class=\"elementor-widget-container\">\n\t\t\t\t\t<div class=\"qodef-shortcode qodef-m  qodef-section-title qodef-alignment--left\">\n\t\t\t\t<h2 class=\"qodef-m-title\" >\n\t\t\t\t\tPar Mums\t\t\t<\/h2>\n\t\t<p class=\"qodef-m-text\" style=\"margin: 8px 0 0 0\">ID Cosmetics tika dibin\u0101ts 2015. gad\u0101 ar v\u012bziju rad\u012bt \u0101das kop\u0161anas produktus, kas\nharmoniski apvieno zin\u0101tni un dab\u012bg\u0101s sast\u0101vda\u013cas. Gadu gait\u0101 uz\u0146\u0113mums koncentr\u0113j\u0101s uz\ndzi\u013cu p\u0113t\u012bjumu veik\u0161anu par sast\u0101vda\u013cu \u012bpa\u0161\u012bb\u0101m un unik\u0101lu formulu izstr\u0101di, kas nodro\u0161ina\nefekt\u012bvu un dro\u0161u \u0101das kop\u0161anu.\nTikai 2024. gad\u0101 vair\u0101ku gadu smagais darbs materializ\u0113j\u0101s, radot z\u012bmolu Ilurus. \u0160is z\u012bmols\nk\u013cuva par neatlaid\u012bga darba, inovat\u012bvas pieejas un uztic\u012bbas savai v\u012bzijai kulmin\u0101ciju. \u0160aj\u0101\nlaik\u0101 SIA ID Cosmetics komanda r\u016bp\u012bgi atlas\u012bja pieg\u0101d\u0101t\u0101jus, izstr\u0101d\u0101ja modernas ra\u017eo\u0161anas\ntehnolo\u0123ijas un rad\u012bja produktus, kas atbilst augst\u0101kajiem kvalit\u0101tes un ilgtsp\u0113jas standartiem.\nIlurus nav tikai z\u012bmols, bet gan gadu pieredzes un dzi\u013cas aizrau\u0161an\u0101s rezult\u0101ts. SIA ID\nCosmetics produkti apvieno dabas sp\u0113ku ar zin\u0101tnisku pieeju, lai pied\u0101v\u0101tu efekt\u012bvu kop\u0161anu\nikvienam, kur\u0161 nov\u0113rt\u0113 vesel\u012bgu \u0101du un atbild\u012bgu attieksmi pret dabu.<\/p>\n\t\t<\/div>\t\t\t\t<\/div>\n\t\t\t\t<\/div>\n\t\t\t\t\t<\/div>\n\t\t<\/div>\n\t\t\t\t<div class=\"elementor-column elementor-col-50 elementor-top-column elementor-element elementor-element-98610cc\" data-id=\"98610cc\" data-element_type=\"column\" data-e-type=\"column\">\n\t\t\t<div class=\"elementor-widget-wrap elementor-element-populated\">\n\t\t\t\t\t\t<div class=\"elementor-element elementor-element-003dc97 elementor-widget elementor-widget-sante_core_accordion\" data-id=\"003dc97\" data-element_type=\"widget\" data-e-type=\"widget\" data-widget_type=\"sante_core_accordion.default\">\n\t\t\t\t<div class=\"elementor-widget-container\">\n\t\t\t\t\t<div class=\"qodef-shortcode qodef-m  qodef-accordion clear qodef-behavior--accordion qodef-layout--simple\">\n\t<h5 class=\"qodef-accordion-title\">\n\t<span class=\"qodef-tab-title\">\n\t\tSustainable Products\t<\/span>\n\t<span class=\"qodef-accordion-mark\">\n\t\t<span class=\"qodef-icon--chevron\"><span class=\"qodef-icon-linear-icons lnr-chevron-down lnr\" ><\/span><\/span>\n\t<\/span>\n<\/h5>\n<div class=\"qodef-accordion-content\">\n\t<div class=\"qodef-accordion-content-inner\">\n\t\t<p>The products are made using environmentally friendly production and processing<br \/>processes respecting human health and using natural resources responsibly.<br \/>The formulations are developed, applying the concept of green formulation.<br \/>The ingredients used in the products are made respecting biodiversity.<br \/>There are no GMO ingredients within the products.<br \/>The packaging is recyclable. The transportation packaging is made of recycled<br \/>materials.<\/p>\t<\/div>\n<\/div><h5 class=\"qodef-accordion-title\">\n\t<span class=\"qodef-tab-title\">\n\t\tIlurus Z\u012bmola Misija\t<\/span>\n\t<span class=\"qodef-accordion-mark\">\n\t\t<span class=\"qodef-icon--chevron\"><span class=\"qodef-icon-linear-icons lnr-chevron-down lnr\" ><\/span><\/span>\n\t<\/span>\n<\/h5>\n<div class=\"qodef-accordion-content\">\n\t<div class=\"qodef-accordion-content-inner\">\n\t\t<p>M\u0113s ticam, ka skaistums nav tikai izskats, bet gan harmonija starp \u0137ermeni, dv\u0113seli un dabu.<br \/>Katrs cilv\u0113ks ir unik\u0101ls un daudzpus\u012bgs, un m\u016bsu m\u0113r\u0137is ir rad\u012bt kosm\u0113tiku, kas atspogu\u013co un\natbalsta \u0161o unik\u0101lo raksturu.<br \/>Neatkar\u012bgi no vecuma, dzimuma vai profesijas,<br \/>Ilurus v\u0113las b\u016bt\nda\u013ca no j\u016bsu \u0101das kop\u0161anas ce\u013ca un ikdienas ritu\u0101liem.<\/p>\t<\/div>\n<\/div><h5 class=\"qodef-accordion-title\">\n\t<span class=\"qodef-tab-title\">\n\t\tM\u016bsu Pamatv\u0113rt\u012bbas\t<\/span>\n\t<span class=\"qodef-accordion-mark\">\n\t\t<span class=\"qodef-icon--chevron\"><span class=\"qodef-icon-linear-icons lnr-chevron-down lnr\" ><\/span><\/span>\n\t<\/span>\n<\/h5>\n<div class=\"qodef-accordion-content\">\n\t<div class=\"qodef-accordion-content-inner\">\n\t\t<p>Cie\u0146a pret individualit\u0101ti: M\u0113s rad\u0101m produktus, kas piem\u0113roti visiem \u0101das tipiem\nun da\u017e\u0101d\u0101m vajadz\u012bb\u0101m. M\u0113s ticam, ka ikviens ir peln\u012bjis kop\u0161anu, kas izce\u013c vi\u0146a\ndabisko skaistumu.<\/p><p>\u0100das vesel\u012bba ir priorit\u0101te: Pateicoties dab\u012bgaj\u0101m sast\u0101vda\u013c\u0101m, m\u0113s pal\u012bdzam j\u016bsu\n\u0101dai atkl\u0101t t\u0101s potenci\u0101lu, nodro\u0161inot nepiecie\u0161amo mitrin\u0101\u0161anu, baro\u0161anu un\natjauno\u0161anu. M\u016bsu formulas darbojas saska\u0146\u0101 ar j\u016bsu \u0101du, nodro\u0161inot ilgsto\u0161us un\nredzamus rezult\u0101tus.<\/p><p>Dro\u0161\u012bba un caursp\u012bd\u012bgums: M\u0113s atbild\u012bgi izv\u0113lamies sast\u0101vda\u013cas, dodot priek\u0161roku\ndab\u012bg\u0101m, ekolo\u0123iski t\u012br\u0101m un sertific\u0113t\u0101m komponent\u0113m.<br \/>Visi m\u016bsu produkti iziet\ndermatolo\u0123isko p\u0101rbaudi, nodro\u0161inot to kvalit\u0101ti un dro\u0161\u012bbu.<\/p><p>Atbild\u012bba pret dabu: M\u0113s saglab\u0101jam l\u012bdzsvaru starp dabas sniegto resursu\nizmanto\u0161anu un r\u016bp\u012bgu attieksmi pret apk\u0101rt\u0113jo vidi.<\/p><p>Ilurus misija ir rad\u012bt kosm\u0113tiku, kas ne tikai r\u016bp\u0113jas par j\u016bsu \u0101du, bet ar\u012b atg\u0101dina ikvienam,\nka vi\u0146i ir unik\u0101li un ir peln\u012bju\u0161i lab\u0101ko. M\u0113s v\u0113lamies, lai ikviens, kur\u0161 izv\u0113las Ilurus, sajustu\nr\u016bpes, p\u0101rliec\u012bbu un harmoniju.<br \/>R\u016bp\u0113joties par j\u016bsu \u0101das vesel\u012bbu, m\u0113s izce\u013cam j\u016bsu dabisko\nskaistumu un pal\u012bdzam jums ik dienu justies \u012bpa\u0161iem.<\/p>\t<\/div>\n<\/div><\/div>\t\t\t\t<\/div>\n\t\t\t\t<\/div>\n\t\t\t\t\t<\/div>\n\t\t<\/div>\n\t\t\t\t\t<\/div>\n\t\t<\/section>\n\t\t\t\t<section class=\"elementor-section elementor-top-section elementor-element elementor-element-c0a9b65 elementor-section-full_width qodef-elementor-content-grid elementor-section-height-default elementor-section-height-default\" data-id=\"c0a9b65\" data-element_type=\"section\" data-e-type=\"section\" data-settings=\"{&quot;background_background&quot;:&quot;classic&quot;}\">\n\t\t\t\t\t\t<div class=\"elementor-container elementor-column-gap-default\">\n\t\t\t\t\t<div class=\"elementor-column elementor-col-100 elementor-top-column elementor-element elementor-element-a1530e7\" data-id=\"a1530e7\" data-element_type=\"column\" data-e-type=\"column\">\n\t\t\t<div class=\"elementor-widget-wrap elementor-element-populated\">\n\t\t\t\t\t\t<div class=\"elementor-element elementor-element-5a69ef8 elementor-widget elementor-widget-sante_core_section_title\" data-id=\"5a69ef8\" data-element_type=\"widget\" data-e-type=\"widget\" data-widget_type=\"sante_core_section_title.default\">\n\t\t\t\t<div class=\"elementor-widget-container\">\n\t\t\t\t\t<div class=\"qodef-shortcode qodef-m  qodef-section-title qodef-alignment--center\">\n\t\t\t\t<h3 class=\"qodef-m-title\" >\n\t\t\t\t\tSign up for news\t\t\t<\/h3>\n\t\t\t<\/div>\t\t\t\t<\/div>\n\t\t\t\t<\/div>\n\t\t\t\t<div class=\"elementor-element elementor-element-0e9d22c elementor-widget elementor-widget-wp-widget-sante_core_contact_form_7\" data-id=\"0e9d22c\" data-element_type=\"widget\" data-e-type=\"widget\" data-widget_type=\"wp-widget-sante_core_contact_form_7.default\">\n\t\t\t\t<div class=\"elementor-widget-container\">\n\t\t\t\t\t\t\t\t<div class=\"qodef-contact-form-7\">\n\t\t\t\t\n<div class=\"wpcf7 no-js\" id=\"wpcf7-f1412-o1\" lang=\"en-US\" dir=\"ltr\" data-wpcf7-id=\"1412\">\n<div class=\"screen-reader-response\"><p role=\"status\" aria-live=\"polite\" aria-atomic=\"true\"><\/p> <ul><\/ul><\/div>\n<form action=\"\/lv\/wp-json\/wp\/v2\/pages\/1604#wpcf7-f1412-o1\" method=\"post\" class=\"wpcf7-form init\" aria-label=\"Contact form\" novalidate=\"novalidate\" data-status=\"init\" data-trp-original-action=\"\/lv\/wp-json\/wp\/v2\/pages\/1604#wpcf7-f1412-o1\">\n<fieldset class=\"hidden-fields-container\"><input type=\"hidden\" name=\"_wpcf7\" value=\"1412\" \/><input type=\"hidden\" name=\"_wpcf7_version\" value=\"6.1.5\" \/><input type=\"hidden\" name=\"_wpcf7_locale\" value=\"en_US\" \/><input type=\"hidden\" name=\"_wpcf7_unit_tag\" value=\"wpcf7-f1412-o1\" \/><input type=\"hidden\" name=\"_wpcf7_container_post\" value=\"0\" \/><input type=\"hidden\" name=\"_wpcf7_posted_data_hash\" value=\"\" \/>\n<\/fieldset>\n<div class=\"qodef-newsletter-form qodef-form\">\n     <div class=\"qodef-newsletter-form-input\"><span class=\"wpcf7-form-control-wrap\" data-name=\"your-email\"><input size=\"40\" maxlength=\"400\" class=\"wpcf7-form-control wpcf7-email wpcf7-validates-as-required wpcf7-text wpcf7-validates-as-email\" aria-required=\"true\" aria-invalid=\"false\" placeholder=\"J\u016bsu e-pasts...\" value=\"\" type=\"email\" name=\"your-email\" \/><\/span><\/div>\n     <div class=\"qodef-newsletter-form-submit\"><button class=\"wpcf7-form-control wpcf7-submit qodef-button qodef-size--normal qodef-layout--outlined qodef-html--link qodef-m\" type=\"submit\"><span class=\"qodef-button-outlined-wrapper\"><span class=\"qodef-m-text\">Pieteikties<\/span><\/span><span class=\"qodef-outlined-button-background\"><\/span><\/button><\/div>\n<\/div><div class=\"wpcf7-response-output\" aria-hidden=\"true\"><\/div>\n<input type=\"hidden\" name=\"trp-form-language\" value=\"lv\"\/><\/form>\n<\/div>\n\t\t\t<\/div>\n\t\t\t\t\t\t\t<\/div>\n\t\t\t\t<\/div>\n\t\t\t\t\t<\/div>\n\t\t<\/div>\n\t\t\t\t\t<\/div>\n\t\t<\/section>\n\t\t\t\t<\/div>","protected":false},"excerpt":{"rendered":"<p>About Us ID Cosmetics was founded in 2015 with a vision to create skincare products that harmoniously combine science and natural ingredients. Over the years, the company has focused on deep research into ingredient properties and the development of unique formulas to ensure effective and safe skincare. It was only in 2024 that the results [&hellip;]<\/p>\n","protected":false},"author":1,"featured_media":4543,"parent":0,"menu_order":0,"comment_status":"closed","ping_status":"closed","template":"qi-blocks-full-width.php","meta":{"_acf_changed":false,"footnotes":""},"class_list":["post-1604","page","type-page","status-publish","has-post-thumbnail","hentry"],"acf":[],"yoast_head":"<!-- This site is optimized with the Yoast SEO plugin v27.4 - https:\/\/yoast.com\/product\/yoast-seo-wordpress\/ -->\n<title>About Us - Iluris<\/title>\n<meta name=\"robots\" content=\"index, follow, max-snippet:-1, max-image-preview:large, max-video-preview:-1\" \/>\n<link rel=\"canonical\" href=\"https:\/\/iluris.com\/lv\/about-us\/\" \/>\n<meta property=\"og:locale\" content=\"lv_LV\" \/>\n<meta property=\"og:type\" content=\"article\" \/>\n<meta property=\"og:title\" content=\"About Us - Iluris\" \/>\n<meta property=\"og:description\" content=\"About Us ID Cosmetics was founded in 2015 with a vision to create skincare products that harmoniously combine science and natural ingredients. Over the years, the company has focused on deep research into ingredient properties and the development of unique formulas to ensure effective and safe skincare. It was only in 2024 that the results [&hellip;]\" \/>\n<meta property=\"og:url\" content=\"https:\/\/iluris.com\/lv\/about-us\/\" \/>\n<meta property=\"og:site_name\" content=\"Iluris\" \/>\n<meta property=\"article:modified_time\" content=\"2025-03-25T11:28:31+00:00\" \/>\n<meta property=\"og:image\" content=\"https:\/\/iluris.com\/wp-content\/uploads\/2024\/12\/IMG_5901-e1734623678668.jpeg\" \/>\n\t<meta property=\"og:image:width\" content=\"736\" \/>\n\t<meta property=\"og:image:height\" content=\"612\" \/>\n\t<meta property=\"og:image:type\" content=\"image\/jpeg\" \/>\n<meta name=\"twitter:card\" content=\"summary_large_image\" \/>\n<meta name=\"twitter:label1\" content=\"Est. reading time\" \/>\n\t<meta name=\"twitter:data1\" content=\"2 min\u016btes\" \/>\n<script type=\"application\/ld+json\" class=\"yoast-schema-graph\">{\"@context\":\"https:\\\/\\\/schema.org\",\"@graph\":[{\"@type\":\"WebPage\",\"@id\":\"https:\\\/\\\/iluris.com\\\/about-us\\\/\",\"url\":\"https:\\\/\\\/iluris.com\\\/about-us\\\/\",\"name\":\"About Us - Iluris\",\"isPartOf\":{\"@id\":\"https:\\\/\\\/iluris.com\\\/#website\"},\"primaryImageOfPage\":{\"@id\":\"https:\\\/\\\/iluris.com\\\/about-us\\\/#primaryimage\"},\"image\":{\"@id\":\"https:\\\/\\\/iluris.com\\\/about-us\\\/#primaryimage\"},\"thumbnailUrl\":\"https:\\\/\\\/iluris.com\\\/wp-content\\\/uploads\\\/2024\\\/12\\\/IMG_5901-e1734623678668.jpeg\",\"datePublished\":\"2020-10-09T06:34:12+00:00\",\"dateModified\":\"2025-03-25T11:28:31+00:00\",\"breadcrumb\":{\"@id\":\"https:\\\/\\\/iluris.com\\\/about-us\\\/#breadcrumb\"},\"inLanguage\":\"lv-LV\",\"potentialAction\":[{\"@type\":\"ReadAction\",\"target\":[\"https:\\\/\\\/iluris.com\\\/about-us\\\/\"]}]},{\"@type\":\"ImageObject\",\"inLanguage\":\"lv-LV\",\"@id\":\"https:\\\/\\\/iluris.com\\\/about-us\\\/#primaryimage\",\"url\":\"https:\\\/\\\/iluris.com\\\/wp-content\\\/uploads\\\/2024\\\/12\\\/IMG_5901-e1734623678668.jpeg\",\"contentUrl\":\"https:\\\/\\\/iluris.com\\\/wp-content\\\/uploads\\\/2024\\\/12\\\/IMG_5901-e1734623678668.jpeg\",\"width\":736,\"height\":612},{\"@type\":\"BreadcrumbList\",\"@id\":\"https:\\\/\\\/iluris.com\\\/about-us\\\/#breadcrumb\",\"itemListElement\":[{\"@type\":\"ListItem\",\"position\":1,\"name\":\"Home\",\"item\":\"https:\\\/\\\/iluris.com\\\/\"},{\"@type\":\"ListItem\",\"position\":2,\"name\":\"About Us\"}]},{\"@type\":\"WebSite\",\"@id\":\"https:\\\/\\\/iluris.com\\\/#website\",\"url\":\"https:\\\/\\\/iluris.com\\\/\",\"name\":\"Iluris\",\"description\":\"iluris Lab: Where science meet nature\",\"publisher\":{\"@id\":\"https:\\\/\\\/iluris.com\\\/#organization\"},\"potentialAction\":[{\"@type\":\"SearchAction\",\"target\":{\"@type\":\"EntryPoint\",\"urlTemplate\":\"https:\\\/\\\/iluris.com\\\/?s={search_term_string}\"},\"query-input\":{\"@type\":\"PropertyValueSpecification\",\"valueRequired\":true,\"valueName\":\"search_term_string\"}}],\"inLanguage\":\"lv-LV\"},{\"@type\":\"Organization\",\"@id\":\"https:\\\/\\\/iluris.com\\\/#organization\",\"name\":\"Iluris\",\"url\":\"https:\\\/\\\/iluris.com\\\/\",\"logo\":{\"@type\":\"ImageObject\",\"inLanguage\":\"lv-LV\",\"@id\":\"https:\\\/\\\/iluris.com\\\/#\\\/schema\\\/logo\\\/image\\\/\",\"url\":\"https:\\\/\\\/iluris.com\\\/wp-content\\\/uploads\\\/2024\\\/12\\\/cropped-d_grey.png\",\"contentUrl\":\"https:\\\/\\\/iluris.com\\\/wp-content\\\/uploads\\\/2024\\\/12\\\/cropped-d_grey.png\",\"width\":512,\"height\":512,\"caption\":\"Iluris\"},\"image\":{\"@id\":\"https:\\\/\\\/iluris.com\\\/#\\\/schema\\\/logo\\\/image\\\/\"}}]}<\/script>\n<!-- \/ Yoast SEO plugin. -->","yoast_head_json":{"title":"About Us - Iluris","robots":{"index":"index","follow":"follow","max-snippet":"max-snippet:-1","max-image-preview":"max-image-preview:large","max-video-preview":"max-video-preview:-1"},"canonical":"https:\/\/iluris.com\/lv\/about-us\/","og_locale":"lv_LV","og_type":"article","og_title":"About Us - Iluris","og_description":"About Us ID Cosmetics was founded in 2015 with a vision to create skincare products that harmoniously combine science and natural ingredients. Over the years, the company has focused on deep research into ingredient properties and the development of unique formulas to ensure effective and safe skincare. It was only in 2024 that the results [&hellip;]","og_url":"https:\/\/iluris.com\/lv\/about-us\/","og_site_name":"Iluris","article_modified_time":"2025-03-25T11:28:31+00:00","og_image":[{"width":736,"height":612,"url":"https:\/\/iluris.com\/wp-content\/uploads\/2024\/12\/IMG_5901-e1734623678668.jpeg","type":"image\/jpeg"}],"twitter_card":"summary_large_image","twitter_misc":{"Est. reading time":"2 min\u016btes"},"schema":{"@context":"https:\/\/schema.org","@graph":[{"@type":"WebPage","@id":"https:\/\/iluris.com\/about-us\/","url":"https:\/\/iluris.com\/about-us\/","name":"About Us - Iluris","isPartOf":{"@id":"https:\/\/iluris.com\/#website"},"primaryImageOfPage":{"@id":"https:\/\/iluris.com\/about-us\/#primaryimage"},"image":{"@id":"https:\/\/iluris.com\/about-us\/#primaryimage"},"thumbnailUrl":"https:\/\/iluris.com\/wp-content\/uploads\/2024\/12\/IMG_5901-e1734623678668.jpeg","datePublished":"2020-10-09T06:34:12+00:00","dateModified":"2025-03-25T11:28:31+00:00","breadcrumb":{"@id":"https:\/\/iluris.com\/about-us\/#breadcrumb"},"inLanguage":"lv-LV","potentialAction":[{"@type":"ReadAction","target":["https:\/\/iluris.com\/about-us\/"]}]},{"@type":"ImageObject","inLanguage":"lv-LV","@id":"https:\/\/iluris.com\/about-us\/#primaryimage","url":"https:\/\/iluris.com\/wp-content\/uploads\/2024\/12\/IMG_5901-e1734623678668.jpeg","contentUrl":"https:\/\/iluris.com\/wp-content\/uploads\/2024\/12\/IMG_5901-e1734623678668.jpeg","width":736,"height":612},{"@type":"BreadcrumbList","@id":"https:\/\/iluris.com\/about-us\/#breadcrumb","itemListElement":[{"@type":"ListItem","position":1,"name":"Home","item":"https:\/\/iluris.com\/"},{"@type":"ListItem","position":2,"name":"About Us"}]},{"@type":"WebSite","@id":"https:\/\/iluris.com\/#website","url":"https:\/\/iluris.com\/","name":"Iluris","description":"Iluris Lab: Kur zin\u0101tne satiekas ar dabu.","publisher":{"@id":"https:\/\/iluris.com\/#organization"},"potentialAction":[{"@type":"SearchAction","target":{"@type":"EntryPoint","urlTemplate":"https:\/\/iluris.com\/?s={search_term_string}"},"query-input":{"@type":"PropertyValueSpecification","valueRequired":true,"valueName":"search_term_string"}}],"inLanguage":"lv-LV"},{"@type":"Organization","@id":"https:\/\/iluris.com\/#organization","name":"Iluris","url":"https:\/\/iluris.com\/","logo":{"@type":"ImageObject","inLanguage":"lv-LV","@id":"https:\/\/iluris.com\/#\/schema\/logo\/image\/","url":"https:\/\/iluris.com\/wp-content\/uploads\/2024\/12\/cropped-d_grey.png","contentUrl":"https:\/\/iluris.com\/wp-content\/uploads\/2024\/12\/cropped-d_grey.png","width":512,"height":512,"caption":"Iluris"},"image":{"@id":"https:\/\/iluris.com\/#\/schema\/logo\/image\/"}}]}},"_links":{"self":[{"href":"https:\/\/iluris.com\/lv\/wp-json\/wp\/v2\/pages\/1604","targetHints":{"allow":["GET"]}}],"collection":[{"href":"https:\/\/iluris.com\/lv\/wp-json\/wp\/v2\/pages"}],"about":[{"href":"https:\/\/iluris.com\/lv\/wp-json\/wp\/v2\/types\/page"}],"author":[{"embeddable":true,"href":"https:\/\/iluris.com\/lv\/wp-json\/wp\/v2\/users\/1"}],"replies":[{"embeddable":true,"href":"https:\/\/iluris.com\/lv\/wp-json\/wp\/v2\/comments?post=1604"}],"version-history":[{"count":20,"href":"https:\/\/iluris.com\/lv\/wp-json\/wp\/v2\/pages\/1604\/revisions"}],"predecessor-version":[{"id":4748,"href":"https:\/\/iluris.com\/lv\/wp-json\/wp\/v2\/pages\/1604\/revisions\/4748"}],"wp:featuredmedia":[{"embeddable":true,"href":"https:\/\/iluris.com\/lv\/wp-json\/wp\/v2\/media\/4543"}],"wp:attachment":[{"href":"https:\/\/iluris.com\/lv\/wp-json\/wp\/v2\/media?parent=1604"}],"curies":[{"name":"wp","href":"https:\/\/api.w.org\/{rel}","templated":true}]}}